{"id":10218,"date":"2024-02-13T16:30:44","date_gmt":"2024-02-13T16:30:44","guid":{"rendered":"https:\/\/duckdeco.com\/?post_type=product&#038;p=10218"},"modified":"2025-08-25T15:56:47","modified_gmt":"2025-08-25T12:56:47","slug":"vaza-aglio-ii","status":"publish","type":"product","link":"https:\/\/duckdeco.lt\/en\/product\/vaza-aglio-ii\/","title":{"rendered":"Vase &quot;Aglio&quot; II"},"content":{"rendered":"<ul>\n<li>Ie\u0161kote unikali\u0173 vaz\u0173, kurios j\u016bs\u0173 interjerui suteiks gaivos? Naujausias Daan Kromhout asortimento papildymas AGLIO GREEN ACTIVE GLAZE VASE yra puikus pasirinkimas.<\/li>\n<li>\u0160i \u012fsp\u016bdinga vaza, dar \u017einoma kaip tulpi\u0173 vaza, neabejotinai pritrauks d\u0117mes\u012f. Vazos forma kildinama i\u0161 tulp\u0117s pumpuro, tod\u0117l vir\u0161uje yra penkios skirtingos angos.<\/li>\n<li>Nors vazos spalva vadinama \u017ealia, svarbu pa\u017eym\u0117ti, kad tai n\u0117ra ry\u0161kiai \u017ealia vaza. Bazin\u0117 spalva yra subtilus \u0161viesus atspalvis, o vazos grioveliai turi gilesn\u0119 \u017eali\u0105 spalv\u0105.<\/li>\n<li>Derinkite su kitomis Daano Kromhouto Aglio serijos vazomis, kurios yra \u012fvairi\u0173 dyd\u017ei\u0173 ir spalv\u0173, taip sukurdami moderni\u0105 visum\u0105 savo interjere.<\/li>\n<li>Detal\u0117s: med\u017eiaga \u2013 keramika.<\/li>\n<li>Spalva \u2013 rusva \/ \u017ealia.<\/li>\n<\/ul>\n<table style=\"height: 99px;\" width=\"224\">\n<tbody>\n<tr>\n<td width=\"105\">width height<\/td>\n<\/tr>\n<tr>\n<td width=\"105\">20*24 cm<\/td>\n<\/tr>\n<\/tbody>\n<\/table>","protected":false},"excerpt":{"rendered":"<p>Ie\u0161kote unikali\u0173 vaz\u0173, kurios j\u016bs\u0173 interjerui suteiks gaivos? Naujausias Daan Kromhout asortimento papildymas AGLIO GREEN ACTIVE GLAZE VASE yra puikus pasirinkimas. \u0160i \u012fsp\u016bdinga vaza, dar \u017einoma kaip tulpi\u0173 vaza, neabejotinai pritrauks d\u0117mes\u012f. Vazos forma kildinama i\u0161 tulp\u0117s pumpuro, tod\u0117l vir\u0161uje yra penkios skirtingos angos. Nors vazos spalva vadinama \u017ealia, svarbu pa\u017eym\u0117ti, kad tai n\u0117ra ry\u0161kiai &hellip; <br \/><a href=\"https:\/\/duckdeco.lt\/en\/product\/vaza-aglio-ii\/\" class=\"more-link\">Continue reading <span class=\"screen-reader-text\">Vase &quot;Aglio&quot; II<\/span><\/a><\/p>","protected":false},"featured_media":10219,"template":"","meta":{"_monsterinsights_skip_tracking":false,"_monsterinsights_sitenote_active":false,"_monsterinsights_sitenote_note":"","_monsterinsights_sitenote_category":0},"product_brand":[],"product_cat":[103,95,101],"product_tag":[],"class_list":{"0":"post-10218","1":"product","2":"type-product","3":"status-publish","4":"has-post-thumbnail","6":"product_cat-dovanu-idejos","7":"product_cat-interjerui","8":"product_cat-vazos","10":"first","11":"instock","12":"taxable","13":"shipping-taxable","14":"purchasable","15":"product-type-simple"},"_links":{"self":[{"href":"https:\/\/duckdeco.lt\/en\/wp-json\/wp\/v2\/product\/10218","targetHints":{"allow":["GET"]}}],"collection":[{"href":"https:\/\/duckdeco.lt\/en\/wp-json\/wp\/v2\/product"}],"about":[{"href":"https:\/\/duckdeco.lt\/en\/wp-json\/wp\/v2\/types\/product"}],"version-history":[{"count":5,"href":"https:\/\/duckdeco.lt\/en\/wp-json\/wp\/v2\/product\/10218\/revisions"}],"predecessor-version":[{"id":13956,"href":"https:\/\/duckdeco.lt\/en\/wp-json\/wp\/v2\/product\/10218\/revisions\/13956"}],"wp:featuredmedia":[{"embeddable":true,"href":"https:\/\/duckdeco.lt\/en\/wp-json\/wp\/v2\/media\/10219"}],"wp:attachment":[{"href":"https:\/\/duckdeco.lt\/en\/wp-json\/wp\/v2\/media?parent=10218"}],"wp:term":[{"taxonomy":"product_brand","embeddable":true,"href":"https:\/\/duckdeco.lt\/en\/wp-json\/wp\/v2\/product_brand?post=10218"},{"taxonomy":"product_cat","embeddable":true,"href":"https:\/\/duckdeco.lt\/en\/wp-json\/wp\/v2\/product_cat?post=10218"},{"taxonomy":"product_tag","embeddable":true,"href":"https:\/\/duckdeco.lt\/en\/wp-json\/wp\/v2\/product_tag?post=10218"}],"curies":[{"name":"wp","href":"https:\/\/api.w.org\/{rel}","templated":true}]}}