{"id":10301,"date":"2024-02-13T18:12:31","date_gmt":"2024-02-13T18:12:31","guid":{"rendered":"https:\/\/duckdeco.com\/?post_type=product&#038;p=10301"},"modified":"2025-11-21T12:15:52","modified_gmt":"2025-11-21T10:15:52","slug":"batu-saukstas-ragas","status":"publish","type":"product","link":"https:\/\/duckdeco.lt\/en\/product\/batu-saukstas-ragas\/","title":{"rendered":"Shoe spoon &quot;Ragas&quot;"},"content":{"rendered":"<ul>\n<li><span class=\"HwtZe\" lang=\"lt\"><span class=\"jCAhz ChMk0b\"><span class=\"ryNqvb\">Pagamintas i\u0161 auk\u0161tos kokyb\u0117s metalo, \u0161is bat\u0173 \u0161auk\u0161tas yra patvarus ir atsparus lenkimui ar l\u016b\u017eimui.<\/span><\/span><\/span><\/li>\n<li><span class=\"HwtZe\" lang=\"lt\"><span class=\"jCAhz ChMk0b\"><span class=\"ryNqvb\">Ilga rankena u\u017etikrina patog\u0173 sukibim\u0105 ir pa\u0161alina poreik\u012f pasilenkti, tod\u0117l tai yra idealus pasirinkimas tiems, kurie ken\u010dia nuo nugaros skausm\u0173 arba turi ribot\u0105 jud\u0117jim\u0105.<\/span><\/span> <\/span><\/li>\n<li><span class=\"HwtZe\" lang=\"lt\"><span class=\"jCAhz ChMk0b\"><span class=\"ryNqvb\">Eleganti\u0161ka rago rankena suteikia dizainui stiliaus, tod\u0117l tai yra funkcionalus ir stilingas j\u016bs\u0173 nam\u0173 aksesuaras. Be to tai originali dovana, kuri nud\u017eiugins kiekvien\u0105. <\/span><\/span><\/span><\/li>\n<li>Detal\u0117s : med\u017eiaga &#8211; aliuminis.<\/li>\n<li>Spalva &#8211; sidabro.<br \/>\n<table width=\"405\">\n<tbody>\n<tr>\n<td width=\"91\">I\u0161matavimai: Ilgis 55 cm<\/td>\n<\/tr>\n<\/tbody>\n<\/table>\n<\/li>\n<\/ul>","protected":false},"excerpt":{"rendered":"<p>Pagamintas i\u0161 auk\u0161tos kokyb\u0117s metalo, \u0161is bat\u0173 \u0161auk\u0161tas yra patvarus ir atsparus lenkimui ar l\u016b\u017eimui. Ilga rankena u\u017etikrina patog\u0173 sukibim\u0105 ir pa\u0161alina poreik\u012f pasilenkti, tod\u0117l tai yra idealus pasirinkimas tiems, kurie ken\u010dia nuo nugaros skausm\u0173 arba turi ribot\u0105 jud\u0117jim\u0105. Eleganti\u0161ka rago rankena suteikia dizainui stiliaus, tod\u0117l tai yra funkcionalus ir stilingas j\u016bs\u0173 nam\u0173 aksesuaras. Be &hellip; <br \/><a href=\"https:\/\/duckdeco.lt\/en\/product\/batu-saukstas-ragas\/\" class=\"more-link\">Continue reading <span class=\"screen-reader-text\">Shoe spoon &quot;Ragas&quot;<\/span><\/a><\/p>","protected":false},"featured_media":10308,"template":"","meta":{"_monsterinsights_skip_tracking":false,"_monsterinsights_sitenote_active":false,"_monsterinsights_sitenote_note":"","_monsterinsights_sitenote_category":0},"product_brand":[],"product_cat":[103,95],"product_tag":[],"class_list":{"0":"post-10301","1":"product","2":"type-product","3":"status-publish","4":"has-post-thumbnail","6":"product_cat-dovanu-idejos","7":"product_cat-interjerui","9":"first","10":"instock","11":"taxable","12":"shipping-taxable","13":"purchasable","14":"product-type-simple"},"_links":{"self":[{"href":"https:\/\/duckdeco.lt\/en\/wp-json\/wp\/v2\/product\/10301","targetHints":{"allow":["GET"]}}],"collection":[{"href":"https:\/\/duckdeco.lt\/en\/wp-json\/wp\/v2\/product"}],"about":[{"href":"https:\/\/duckdeco.lt\/en\/wp-json\/wp\/v2\/types\/product"}],"version-history":[{"count":3,"href":"https:\/\/duckdeco.lt\/en\/wp-json\/wp\/v2\/product\/10301\/revisions"}],"predecessor-version":[{"id":13968,"href":"https:\/\/duckdeco.lt\/en\/wp-json\/wp\/v2\/product\/10301\/revisions\/13968"}],"wp:featuredmedia":[{"embeddable":true,"href":"https:\/\/duckdeco.lt\/en\/wp-json\/wp\/v2\/media\/10308"}],"wp:attachment":[{"href":"https:\/\/duckdeco.lt\/en\/wp-json\/wp\/v2\/media?parent=10301"}],"wp:term":[{"taxonomy":"product_brand","embeddable":true,"href":"https:\/\/duckdeco.lt\/en\/wp-json\/wp\/v2\/product_brand?post=10301"},{"taxonomy":"product_cat","embeddable":true,"href":"https:\/\/duckdeco.lt\/en\/wp-json\/wp\/v2\/product_cat?post=10301"},{"taxonomy":"product_tag","embeddable":true,"href":"https:\/\/duckdeco.lt\/en\/wp-json\/wp\/v2\/product_tag?post=10301"}],"curies":[{"name":"wp","href":"https:\/\/api.w.org\/{rel}","templated":true}]}}