{"id":10331,"date":"2024-02-14T17:47:13","date_gmt":"2024-02-14T17:47:13","guid":{"rendered":"https:\/\/duckdeco.com\/?post_type=product&#038;p=10331"},"modified":"2025-11-17T14:59:25","modified_gmt":"2025-11-17T12:59:25","slug":"vaza-paukstis-ant-sakos","status":"publish","type":"product","link":"https:\/\/duckdeco.lt\/en\/product\/vaza-paukstis-ant-sakos\/","title":{"rendered":"Vase - a bird on a branch"},"content":{"rendered":"<ul>\n<li><span class=\"HwtZe\" lang=\"lt\"><span class=\"jCAhz ChMk0b\"><span class=\"ryNqvb\">Minimalistinio stiliaus vaza <\/span><\/span><span class=\"jCAhz ChMk0b\"><span class=\"ryNqvb\">\u201eBird On Branch\u201c i\u0161 Present Time, kuriai i\u0161 tikr\u0173j\u0173 g\u0117li\u0173 visai nereikia.<\/span><\/span> <\/span><\/li>\n<li><span class=\"HwtZe\" lang=\"lt\">Tik ma\u017ea detal\u0117, stiklinis pauk\u0161telis ant \u0161akos, bet kiek daug gyvyb\u0117s ji suteikia. Neabejotinai \u0161i vaza atras viet\u0105 J\u016bs\u0173 namuose.\u00a0 <\/span><\/li>\n<li><span class=\"HwtZe\" lang=\"lt\">Detal\u0117s: med\u017eiaga &#8211; stiklas. <\/span><\/li>\n<li><span class=\"HwtZe\" lang=\"lt\">Spalva &#8211; gelsva.\u00a0\u00a0<\/span><\/li>\n<li>\n<table style=\"height: 77px;\" width=\"207\">\n<tbody>\n<tr>\n<td width=\"105\">Skersmuo \\ Auk\u0161tis<\/td>\n<\/tr>\n<tr>\n<td width=\"105\">9,5 cm \/ 27 cm<\/td>\n<\/tr>\n<\/tbody>\n<\/table>\n<\/li>\n<\/ul>","protected":false},"excerpt":{"rendered":"<p>Minimalistinio stiliaus vaza \u201eBird On Branch\u201c i\u0161 Present Time, kuriai i\u0161 tikr\u0173j\u0173 g\u0117li\u0173 visai nereikia. Tik ma\u017ea detal\u0117, stiklinis pauk\u0161telis ant \u0161akos, bet kiek daug gyvyb\u0117s ji suteikia. Neabejotinai \u0161i vaza atras viet\u0105 J\u016bs\u0173 namuose.\u00a0 Detal\u0117s: med\u017eiaga &#8211; stiklas. Spalva &#8211; gelsva.\u00a0\u00a0 Skersmuo \\ Auk\u0161tis 9,5 cm \/ 27 cm<\/p>","protected":false},"featured_media":10334,"template":"","meta":{"_monsterinsights_skip_tracking":false,"_monsterinsights_sitenote_active":false,"_monsterinsights_sitenote_note":"","_monsterinsights_sitenote_category":0},"product_brand":[],"product_cat":[103,95,101],"product_tag":[],"class_list":{"0":"post-10331","1":"product","2":"type-product","3":"status-publish","4":"has-post-thumbnail","6":"product_cat-dovanu-idejos","7":"product_cat-interjerui","8":"product_cat-vazos","10":"first","11":"outofstock","12":"taxable","13":"shipping-taxable","14":"purchasable","15":"product-type-simple"},"_links":{"self":[{"href":"https:\/\/duckdeco.lt\/en\/wp-json\/wp\/v2\/product\/10331","targetHints":{"allow":["GET"]}}],"collection":[{"href":"https:\/\/duckdeco.lt\/en\/wp-json\/wp\/v2\/product"}],"about":[{"href":"https:\/\/duckdeco.lt\/en\/wp-json\/wp\/v2\/types\/product"}],"version-history":[{"count":3,"href":"https:\/\/duckdeco.lt\/en\/wp-json\/wp\/v2\/product\/10331\/revisions"}],"predecessor-version":[{"id":13969,"href":"https:\/\/duckdeco.lt\/en\/wp-json\/wp\/v2\/product\/10331\/revisions\/13969"}],"wp:featuredmedia":[{"embeddable":true,"href":"https:\/\/duckdeco.lt\/en\/wp-json\/wp\/v2\/media\/10334"}],"wp:attachment":[{"href":"https:\/\/duckdeco.lt\/en\/wp-json\/wp\/v2\/media?parent=10331"}],"wp:term":[{"taxonomy":"product_brand","embeddable":true,"href":"https:\/\/duckdeco.lt\/en\/wp-json\/wp\/v2\/product_brand?post=10331"},{"taxonomy":"product_cat","embeddable":true,"href":"https:\/\/duckdeco.lt\/en\/wp-json\/wp\/v2\/product_cat?post=10331"},{"taxonomy":"product_tag","embeddable":true,"href":"https:\/\/duckdeco.lt\/en\/wp-json\/wp\/v2\/product_tag?post=10331"}],"curies":[{"name":"wp","href":"https:\/\/api.w.org\/{rel}","templated":true}]}}