{"id":10356,"date":"2024-02-20T17:16:53","date_gmt":"2024-02-20T17:16:53","guid":{"rendered":"https:\/\/duckdeco.com\/?post_type=product&#038;p=10356"},"modified":"2025-12-13T10:26:39","modified_gmt":"2025-12-13T08:26:39","slug":"vyno-butelio-laikiklis-antis","status":"publish","type":"product","link":"https:\/\/duckdeco.lt\/en\/product\/vyno-butelio-laikiklis-antis\/","title":{"rendered":"Wine bottle holder &quot;Duck&quot;"},"content":{"rendered":"<ul>\n<li>Pagyvinkite savo stal\u0105 \u0161iuo mielu mediniu anties formos butelio laikikliu.<\/li>\n<li>\u0160is humoristinis vyno laikiklis yra prie\u0161taringas ir originalus nam\u0173 aksesuaras.<\/li>\n<li>Butelio laikiklis gali laikyti 1 (vyno) butel\u012f.<\/li>\n<li>Unikalus tikmed\u017eio rank\u0173 darbo k\u016brinys pagamintas Indonezijoje.<\/li>\n<li>Patarimas: ar norite k\u0105 nors nustebinti? M\u016bs\u0173 medinis Anties butelio laikiklis puikiai tinka dovanoti. Ypa\u010d kartu su geru vyno buteliu.<\/li>\n<li>J\u016bs ilgai d\u017eiaugsit\u0117s tvariais ir nat\u016braliais produktais.<\/li>\n<li>\n<table style=\"height: 104px;\" width=\"495\">\n<tbody>\n<tr>\n<td width=\"105\">plotis 31-35 cm \/ auk\u0161tis 30-32 cm \/ gylis 13-15 cm<\/td>\n<\/tr>\n<tr>\n<td width=\"105\"><\/td>\n<\/tr>\n<\/tbody>\n<\/table>\n<\/li>\n<\/ul>","protected":false},"excerpt":{"rendered":"<p>Pagyvinkite savo stal\u0105 \u0161iuo mielu mediniu anties formos butelio laikikliu. \u0160is humoristinis vyno laikiklis yra prie\u0161taringas ir originalus nam\u0173 aksesuaras. Butelio laikiklis gali laikyti 1 (vyno) butel\u012f. Unikalus tikmed\u017eio rank\u0173 darbo k\u016brinys pagamintas Indonezijoje. Patarimas: ar norite k\u0105 nors nustebinti? M\u016bs\u0173 medinis Anties butelio laikiklis puikiai tinka dovanoti. Ypa\u010d kartu su geru vyno buteliu. J\u016bs &hellip; <br \/><a href=\"https:\/\/duckdeco.lt\/en\/product\/vyno-butelio-laikiklis-antis\/\" class=\"more-link\">Continue reading <span class=\"screen-reader-text\">Wine bottle holder &quot;Duck&quot;<\/span><\/a><\/p>","protected":false},"featured_media":10360,"template":"","meta":{"_monsterinsights_skip_tracking":false,"_monsterinsights_sitenote_active":false,"_monsterinsights_sitenote_note":"","_monsterinsights_sitenote_category":0},"product_brand":[],"product_cat":[103,95,130],"product_tag":[203,205,128,364,306],"class_list":{"0":"post-10356","1":"product","2":"type-product","3":"status-publish","4":"has-post-thumbnail","6":"product_cat-dovanu-idejos","7":"product_cat-interjerui","8":"product_cat-statuleles-deco","9":"product_tag-kavinems","10":"product_tag-restoranams","11":"product_tag-svetainei","12":"product_tag-vyno-buteliu-laikiklis","13":"product_tag-zaismingas-namu-aksesuaras","15":"first","16":"instock","17":"taxable","18":"shipping-taxable","19":"purchasable","20":"product-type-simple"},"_links":{"self":[{"href":"https:\/\/duckdeco.lt\/en\/wp-json\/wp\/v2\/product\/10356","targetHints":{"allow":["GET"]}}],"collection":[{"href":"https:\/\/duckdeco.lt\/en\/wp-json\/wp\/v2\/product"}],"about":[{"href":"https:\/\/duckdeco.lt\/en\/wp-json\/wp\/v2\/types\/product"}],"version-history":[{"count":4,"href":"https:\/\/duckdeco.lt\/en\/wp-json\/wp\/v2\/product\/10356\/revisions"}],"predecessor-version":[{"id":11623,"href":"https:\/\/duckdeco.lt\/en\/wp-json\/wp\/v2\/product\/10356\/revisions\/11623"}],"wp:featuredmedia":[{"embeddable":true,"href":"https:\/\/duckdeco.lt\/en\/wp-json\/wp\/v2\/media\/10360"}],"wp:attachment":[{"href":"https:\/\/duckdeco.lt\/en\/wp-json\/wp\/v2\/media?parent=10356"}],"wp:term":[{"taxonomy":"product_brand","embeddable":true,"href":"https:\/\/duckdeco.lt\/en\/wp-json\/wp\/v2\/product_brand?post=10356"},{"taxonomy":"product_cat","embeddable":true,"href":"https:\/\/duckdeco.lt\/en\/wp-json\/wp\/v2\/product_cat?post=10356"},{"taxonomy":"product_tag","embeddable":true,"href":"https:\/\/duckdeco.lt\/en\/wp-json\/wp\/v2\/product_tag?post=10356"}],"curies":[{"name":"wp","href":"https:\/\/api.w.org\/{rel}","templated":true}]}}