{"id":10366,"date":"2024-02-20T17:50:56","date_gmt":"2024-02-20T17:50:56","guid":{"rendered":"https:\/\/duckdeco.com\/?post_type=product&#038;p=10366"},"modified":"2025-11-11T16:49:49","modified_gmt":"2025-11-11T14:49:49","slug":"zvakide-ananasas","status":"publish","type":"product","link":"https:\/\/duckdeco.lt\/en\/product\/zvakide-ananasas\/","title":{"rendered":"Candlestick &quot;Pineapple&quot;"},"content":{"rendered":"<ul>\n<li>Ananaso formos \u017evaki\u0173 laikiklis, puikiai derantis prie dabartini\u0173 tendencij\u0173, skirtas atogr\u0105\u017e\u0173 atmosferai sukurti.<\/li>\n<li>Kiekvienuose namuose atras viet\u0105, atliks savo funkcij\u0105 bei taps unikaliu puo\u0161ybos elementu.<\/li>\n<li>Details: material - polyresin.<\/li>\n<li>Spalva &#8211; aukso.<\/li>\n<li>\n<table style=\"height: 93px;\" width=\"267\">\n<tbody>\n<tr>\n<td width=\"105\">I\u0161matavimai: plotis \/ auk\u0161tis<\/td>\n<\/tr>\n<tr>\n<td width=\"105\">10 cm \/ 21 cm<\/td>\n<\/tr>\n<\/tbody>\n<\/table>\n<\/li>\n<\/ul>","protected":false},"excerpt":{"rendered":"<p>Ananaso formos \u017evaki\u0173 laikiklis, puikiai derantis prie dabartini\u0173 tendencij\u0173, skirtas atogr\u0105\u017e\u0173 atmosferai sukurti. Kiekvienuose namuose atras viet\u0105, atliks savo funkcij\u0105 bei taps unikaliu puo\u0161ybos elementu. Detal\u0117s: med\u017eiaga &#8211; polirezinas. Spalva &#8211; aukso. I\u0161matavimai: plotis \/ auk\u0161tis 10 cm \/ 21 cm<\/p>","protected":false},"featured_media":10369,"template":"","meta":{"_monsterinsights_skip_tracking":false,"_monsterinsights_sitenote_active":false,"_monsterinsights_sitenote_note":"","_monsterinsights_sitenote_category":0},"product_brand":[],"product_cat":[106,107],"product_tag":[],"class_list":{"0":"post-10366","1":"product","2":"type-product","3":"status-publish","4":"has-post-thumbnail","6":"product_cat-dekoras-sventems","7":"product_cat-stilingos-zvakides-zvakes","9":"first","10":"instock","11":"taxable","12":"shipping-taxable","13":"purchasable","14":"product-type-simple"},"_links":{"self":[{"href":"https:\/\/duckdeco.lt\/en\/wp-json\/wp\/v2\/product\/10366","targetHints":{"allow":["GET"]}}],"collection":[{"href":"https:\/\/duckdeco.lt\/en\/wp-json\/wp\/v2\/product"}],"about":[{"href":"https:\/\/duckdeco.lt\/en\/wp-json\/wp\/v2\/types\/product"}],"version-history":[{"count":3,"href":"https:\/\/duckdeco.lt\/en\/wp-json\/wp\/v2\/product\/10366\/revisions"}],"predecessor-version":[{"id":10373,"href":"https:\/\/duckdeco.lt\/en\/wp-json\/wp\/v2\/product\/10366\/revisions\/10373"}],"wp:featuredmedia":[{"embeddable":true,"href":"https:\/\/duckdeco.lt\/en\/wp-json\/wp\/v2\/media\/10369"}],"wp:attachment":[{"href":"https:\/\/duckdeco.lt\/en\/wp-json\/wp\/v2\/media?parent=10366"}],"wp:term":[{"taxonomy":"product_brand","embeddable":true,"href":"https:\/\/duckdeco.lt\/en\/wp-json\/wp\/v2\/product_brand?post=10366"},{"taxonomy":"product_cat","embeddable":true,"href":"https:\/\/duckdeco.lt\/en\/wp-json\/wp\/v2\/product_cat?post=10366"},{"taxonomy":"product_tag","embeddable":true,"href":"https:\/\/duckdeco.lt\/en\/wp-json\/wp\/v2\/product_tag?post=10366"}],"curies":[{"name":"wp","href":"https:\/\/api.w.org\/{rel}","templated":true}]}}