{"id":10372,"date":"2024-02-20T18:03:14","date_gmt":"2024-02-20T18:03:14","guid":{"rendered":"https:\/\/duckdeco.com\/?post_type=product&#038;p=10372"},"modified":"2025-11-11T16:50:45","modified_gmt":"2025-11-11T14:50:45","slug":"zvakide-ananasas-ii","status":"publish","type":"product","link":"https:\/\/duckdeco.lt\/en\/product\/zvakide-ananasas-ii\/","title":{"rendered":"Candlestick &quot;Pineapple&quot; II"},"content":{"rendered":"<ul>\n<li>Barokinio stiliaus \u017evaki\u0173 laikiklis ananasas, i\u0161rai\u0161kinga forma ir \u012fsp\u016bdinga vinta\u017einio aukso spalva, suteiks elegancijos J\u016bs\u0173 erdvei.<\/li>\n<li>Pad\u0117kite j\u0105 ant staliuko vakarien\u0117s metu, papuo\u0161kite lentyn\u0105, sukurkite \u012fsp\u016bding\u0105 dekor\u0105 \u0161vent\u0117s metu.<\/li>\n<li>Details: material - polyresin.<\/li>\n<li>Spalva &#8211; aukso.<\/li>\n<li>\n<table width=\"405\">\n<tbody>\n<tr>\n<td width=\"91\">I\u0161matavimai: Plotis 13 cm \/ Auk\u0161tis 14 cm.<\/td>\n<\/tr>\n<\/tbody>\n<\/table>\n<p>&nbsp;<\/li>\n<\/ul>","protected":false},"excerpt":{"rendered":"<p>Barokinio stiliaus \u017evaki\u0173 laikiklis ananasas, i\u0161rai\u0161kinga forma ir \u012fsp\u016bdinga vinta\u017einio aukso spalva, suteiks elegancijos J\u016bs\u0173 erdvei. Pad\u0117kite j\u0105 ant staliuko vakarien\u0117s metu, papuo\u0161kite lentyn\u0105, sukurkite \u012fsp\u016bding\u0105 dekor\u0105 \u0161vent\u0117s metu. Detal\u0117s: med\u017eiaga &#8211; polirezinas. Spalva &#8211; aukso. I\u0161matavimai: Plotis 13 cm \/ Auk\u0161tis 14 cm. &nbsp;<\/p>","protected":false},"featured_media":14354,"template":"","meta":{"_monsterinsights_skip_tracking":false,"_monsterinsights_sitenote_active":false,"_monsterinsights_sitenote_note":"","_monsterinsights_sitenote_category":0},"product_brand":[],"product_cat":[106,107],"product_tag":[],"class_list":{"0":"post-10372","1":"product","2":"type-product","3":"status-publish","4":"has-post-thumbnail","6":"product_cat-dekoras-sventems","7":"product_cat-stilingos-zvakides-zvakes","9":"first","10":"instock","11":"taxable","12":"shipping-taxable","13":"purchasable","14":"product-type-simple"},"_links":{"self":[{"href":"https:\/\/duckdeco.lt\/en\/wp-json\/wp\/v2\/product\/10372","targetHints":{"allow":["GET"]}}],"collection":[{"href":"https:\/\/duckdeco.lt\/en\/wp-json\/wp\/v2\/product"}],"about":[{"href":"https:\/\/duckdeco.lt\/en\/wp-json\/wp\/v2\/types\/product"}],"version-history":[{"count":6,"href":"https:\/\/duckdeco.lt\/en\/wp-json\/wp\/v2\/product\/10372\/revisions"}],"predecessor-version":[{"id":14353,"href":"https:\/\/duckdeco.lt\/en\/wp-json\/wp\/v2\/product\/10372\/revisions\/14353"}],"wp:featuredmedia":[{"embeddable":true,"href":"https:\/\/duckdeco.lt\/en\/wp-json\/wp\/v2\/media\/14354"}],"wp:attachment":[{"href":"https:\/\/duckdeco.lt\/en\/wp-json\/wp\/v2\/media?parent=10372"}],"wp:term":[{"taxonomy":"product_brand","embeddable":true,"href":"https:\/\/duckdeco.lt\/en\/wp-json\/wp\/v2\/product_brand?post=10372"},{"taxonomy":"product_cat","embeddable":true,"href":"https:\/\/duckdeco.lt\/en\/wp-json\/wp\/v2\/product_cat?post=10372"},{"taxonomy":"product_tag","embeddable":true,"href":"https:\/\/duckdeco.lt\/en\/wp-json\/wp\/v2\/product_tag?post=10372"}],"curies":[{"name":"wp","href":"https:\/\/api.w.org\/{rel}","templated":true}]}}