{"id":10441,"date":"2024-02-22T09:49:00","date_gmt":"2024-02-22T09:49:00","guid":{"rendered":"https:\/\/duckdeco.com\/?post_type=product&#038;p=10441"},"modified":"2024-12-03T09:16:16","modified_gmt":"2024-12-03T07:16:16","slug":"vazakelapa","status":"publish","type":"product","link":"https:\/\/duckdeco.lt\/en\/product\/vazakelapa\/","title":{"rendered":"Vase &quot;Kelapa&quot;"},"content":{"rendered":"<ul>\n<li>Vaza KELAPA turi unikali\u0105 organin\u0119 form\u0105, kuri apima nat\u016bral\u0173 keramikos gro\u017e\u012f. D\u0117l \u0161velnios kremin\u0117s spalvos apdailos lengvai dera prie \u012fvairi\u0173 interjero stili\u0173, nesvarbu, ar turite modern\u0173, klasikin\u012f ar bohemi\u0161k\u0105 dekor\u0105.<\/li>\n<li>Detal\u0117s suteikia vazai tekst\u016br\u0105 ir gyl\u012f, kuris i\u0161kart patraukia ak\u012f, tai ne tik dekoratyvus elementas, bet ir tikras meno k\u016brinys. Sukurkite patraukl\u0173 ir stiling\u0105 interjer\u0105, suteikite savo erdvei rafinuotumo ir gro\u017eio.<\/li>\n<li>ATKREIPKITE D\u0116MES\u012e: D\u0117l \u0161ios vazos trapumo ji nebus siun\u010diama. Galimas atsi\u0117mimas buvein\u0117je arba pristatymas regione.<\/li>\n<li>Detal\u0117s: med\u017eiaga &#8211; keramika.<\/li>\n<li>Spalva &#8211; balta.<br \/>\n<table width=\"405\">\n<tbody>\n<tr>\n<td width=\"91\">I\u0161matavimai: Skersmuo 31 cm \/\u00a0 Auk\u0161tis 53 cm.<\/td>\n<\/tr>\n<\/tbody>\n<\/table>\n<\/li>\n<\/ul>","protected":false},"excerpt":{"rendered":"<p>Vaza KELAPA turi unikali\u0105 organin\u0119 form\u0105, kuri apima nat\u016bral\u0173 keramikos gro\u017e\u012f. D\u0117l \u0161velnios kremin\u0117s spalvos apdailos lengvai dera prie \u012fvairi\u0173 interjero stili\u0173, nesvarbu, ar turite modern\u0173, klasikin\u012f ar bohemi\u0161k\u0105 dekor\u0105. Detal\u0117s suteikia vazai tekst\u016br\u0105 ir gyl\u012f, kuris i\u0161kart patraukia ak\u012f, tai ne tik dekoratyvus elementas, bet ir tikras meno k\u016brinys. Sukurkite patraukl\u0173 ir stiling\u0105 interjer\u0105, &hellip; <br \/><a href=\"https:\/\/duckdeco.lt\/en\/product\/vazakelapa\/\" class=\"more-link\">Continue reading <span class=\"screen-reader-text\">Vase &quot;Kelapa&quot;<\/span><\/a><\/p>","protected":false},"featured_media":10442,"template":"","meta":{"_monsterinsights_skip_tracking":false,"_monsterinsights_sitenote_active":false,"_monsterinsights_sitenote_note":"","_monsterinsights_sitenote_category":0},"product_brand":[],"product_cat":[103,95,101],"product_tag":[],"class_list":{"0":"post-10441","1":"product","2":"type-product","3":"status-publish","4":"has-post-thumbnail","6":"product_cat-dovanu-idejos","7":"product_cat-interjerui","8":"product_cat-vazos","10":"first","11":"instock","12":"taxable","13":"shipping-taxable","14":"purchasable","15":"product-type-simple"},"_links":{"self":[{"href":"https:\/\/duckdeco.lt\/en\/wp-json\/wp\/v2\/product\/10441","targetHints":{"allow":["GET"]}}],"collection":[{"href":"https:\/\/duckdeco.lt\/en\/wp-json\/wp\/v2\/product"}],"about":[{"href":"https:\/\/duckdeco.lt\/en\/wp-json\/wp\/v2\/types\/product"}],"version-history":[{"count":4,"href":"https:\/\/duckdeco.lt\/en\/wp-json\/wp\/v2\/product\/10441\/revisions"}],"predecessor-version":[{"id":14363,"href":"https:\/\/duckdeco.lt\/en\/wp-json\/wp\/v2\/product\/10441\/revisions\/14363"}],"wp:featuredmedia":[{"embeddable":true,"href":"https:\/\/duckdeco.lt\/en\/wp-json\/wp\/v2\/media\/10442"}],"wp:attachment":[{"href":"https:\/\/duckdeco.lt\/en\/wp-json\/wp\/v2\/media?parent=10441"}],"wp:term":[{"taxonomy":"product_brand","embeddable":true,"href":"https:\/\/duckdeco.lt\/en\/wp-json\/wp\/v2\/product_brand?post=10441"},{"taxonomy":"product_cat","embeddable":true,"href":"https:\/\/duckdeco.lt\/en\/wp-json\/wp\/v2\/product_cat?post=10441"},{"taxonomy":"product_tag","embeddable":true,"href":"https:\/\/duckdeco.lt\/en\/wp-json\/wp\/v2\/product_tag?post=10441"}],"curies":[{"name":"wp","href":"https:\/\/api.w.org\/{rel}","templated":true}]}}