{"id":10532,"date":"2024-02-22T15:22:11","date_gmt":"2024-02-22T15:22:11","guid":{"rendered":"https:\/\/duckdeco.com\/?post_type=product&#038;p=10532"},"modified":"2025-09-17T10:40:29","modified_gmt":"2025-09-17T07:40:29","slug":"batu-saukstas-suo","status":"publish","type":"product","link":"https:\/\/duckdeco.lt\/en\/product\/batu-saukstas-suo\/","title":{"rendered":"Shoe spoon &quot;Dog&quot;"},"content":{"rendered":"<ul>\n<li>Patogus ir puo\u0161nus bat\u0173 \u0161auk\u0161tas. Vir\u0161\u016bn\u0117l\u0117 dekoruota simboline \u0161uns galva.<\/li>\n<li>Puikiai tiks kaip naudinga dovana vyrui, uo\u0161viui ir kt., kuri\u0105 galima i\u0161graviruoti, arba tarnaus kaip naudingas bei i\u0161skirtinis nam\u0173 elementas, kurio nereikia sl\u0117pti stal\u010diuje.<\/li>\n<li>Detal\u0117s: med\u017eiaga &#8211; aliuminis.Spalva &#8211; sidabro.<\/li>\n<li>\n<table style=\"height: 93px;\" width=\"355\">\n<tbody>\n<tr>\n<td width=\"105\">Ilgis<\/td>\n<\/tr>\n<tr>\n<td width=\"105\">49 cm<\/td>\n<\/tr>\n<\/tbody>\n<\/table>\n<\/li>\n<\/ul>","protected":false},"excerpt":{"rendered":"<p>Patogus ir puo\u0161nus bat\u0173 \u0161auk\u0161tas. Vir\u0161\u016bn\u0117l\u0117 dekoruota simboline \u0161uns galva. Puikiai tiks kaip naudinga dovana vyrui, uo\u0161viui ir kt., kuri\u0105 galima i\u0161graviruoti, arba tarnaus kaip naudingas bei i\u0161skirtinis nam\u0173 elementas, kurio nereikia sl\u0117pti stal\u010diuje. Detal\u0117s: med\u017eiaga &#8211; aliuminis.Spalva &#8211; sidabro. Ilgis 49 cm<\/p>","protected":false},"featured_media":11836,"template":"","meta":{"_monsterinsights_skip_tracking":false,"_monsterinsights_sitenote_active":false,"_monsterinsights_sitenote_note":"","_monsterinsights_sitenote_category":0},"product_brand":[],"product_cat":[103,95],"product_tag":[],"class_list":{"0":"post-10532","1":"product","2":"type-product","3":"status-publish","4":"has-post-thumbnail","6":"product_cat-dovanu-idejos","7":"product_cat-interjerui","9":"first","10":"outofstock","11":"taxable","12":"shipping-taxable","13":"purchasable","14":"product-type-simple"},"_links":{"self":[{"href":"https:\/\/duckdeco.lt\/en\/wp-json\/wp\/v2\/product\/10532","targetHints":{"allow":["GET"]}}],"collection":[{"href":"https:\/\/duckdeco.lt\/en\/wp-json\/wp\/v2\/product"}],"about":[{"href":"https:\/\/duckdeco.lt\/en\/wp-json\/wp\/v2\/types\/product"}],"version-history":[{"count":3,"href":"https:\/\/duckdeco.lt\/en\/wp-json\/wp\/v2\/product\/10532\/revisions"}],"predecessor-version":[{"id":14378,"href":"https:\/\/duckdeco.lt\/en\/wp-json\/wp\/v2\/product\/10532\/revisions\/14378"}],"wp:featuredmedia":[{"embeddable":true,"href":"https:\/\/duckdeco.lt\/en\/wp-json\/wp\/v2\/media\/11836"}],"wp:attachment":[{"href":"https:\/\/duckdeco.lt\/en\/wp-json\/wp\/v2\/media?parent=10532"}],"wp:term":[{"taxonomy":"product_brand","embeddable":true,"href":"https:\/\/duckdeco.lt\/en\/wp-json\/wp\/v2\/product_brand?post=10532"},{"taxonomy":"product_cat","embeddable":true,"href":"https:\/\/duckdeco.lt\/en\/wp-json\/wp\/v2\/product_cat?post=10532"},{"taxonomy":"product_tag","embeddable":true,"href":"https:\/\/duckdeco.lt\/en\/wp-json\/wp\/v2\/product_tag?post=10532"}],"curies":[{"name":"wp","href":"https:\/\/api.w.org\/{rel}","templated":true}]}}