{"id":10555,"date":"2024-02-22T16:42:15","date_gmt":"2024-02-22T16:42:15","guid":{"rendered":"https:\/\/duckdeco.com\/?post_type=product&#038;p=10555"},"modified":"2024-12-02T12:48:37","modified_gmt":"2024-12-02T10:48:37","slug":"pelenine","status":"publish","type":"product","link":"https:\/\/duckdeco.lt\/en\/product\/pelenine\/","title":{"rendered":"Ashtray"},"content":{"rendered":"<ul>\n<li>Metalin\u0117 pelenin\u0117, aukso spalva.<\/li>\n<li>Tinka lauke prie vie\u0161bu\u010di\u0173, kavini\u0173, ofis\u0173, terasoje.<\/li>\n<li>\n<table width=\"220\">\n<tbody>\n<tr>\n<td width=\"220\">Auk\u0161tis 73 cm<\/p>\n<p>Svoris 2,3 kg<\/td>\n<\/tr>\n<\/tbody>\n<\/table>\n<\/li>\n<\/ul>","protected":false},"excerpt":{"rendered":"<p>Metalin\u0117 pelenin\u0117, aukso spalva. Tinka lauke prie vie\u0161bu\u010di\u0173, kavini\u0173, ofis\u0173, terasoje. Auk\u0161tis 73 cm Svoris 2,3 kg<\/p>","protected":false},"featured_media":10557,"template":"","meta":{"_monsterinsights_skip_tracking":false,"_monsterinsights_sitenote_active":false,"_monsterinsights_sitenote_note":"","_monsterinsights_sitenote_category":0},"product_brand":[],"product_cat":[95,53],"product_tag":[125,126,123,124],"class_list":{"0":"post-10555","1":"product","2":"type-product","3":"status-publish","4":"has-post-thumbnail","6":"product_cat-interjerui","7":"product_cat-sub-category","8":"product_tag-kavinei","9":"product_tag-ofisui","10":"product_tag-terasai","11":"product_tag-viesbuciui","13":"first","14":"instock","15":"taxable","16":"shipping-taxable","17":"purchasable","18":"product-type-simple"},"_links":{"self":[{"href":"https:\/\/duckdeco.lt\/en\/wp-json\/wp\/v2\/product\/10555","targetHints":{"allow":["GET"]}}],"collection":[{"href":"https:\/\/duckdeco.lt\/en\/wp-json\/wp\/v2\/product"}],"about":[{"href":"https:\/\/duckdeco.lt\/en\/wp-json\/wp\/v2\/types\/product"}],"version-history":[{"count":3,"href":"https:\/\/duckdeco.lt\/en\/wp-json\/wp\/v2\/product\/10555\/revisions"}],"predecessor-version":[{"id":10561,"href":"https:\/\/duckdeco.lt\/en\/wp-json\/wp\/v2\/product\/10555\/revisions\/10561"}],"wp:featuredmedia":[{"embeddable":true,"href":"https:\/\/duckdeco.lt\/en\/wp-json\/wp\/v2\/media\/10557"}],"wp:attachment":[{"href":"https:\/\/duckdeco.lt\/en\/wp-json\/wp\/v2\/media?parent=10555"}],"wp:term":[{"taxonomy":"product_brand","embeddable":true,"href":"https:\/\/duckdeco.lt\/en\/wp-json\/wp\/v2\/product_brand?post=10555"},{"taxonomy":"product_cat","embeddable":true,"href":"https:\/\/duckdeco.lt\/en\/wp-json\/wp\/v2\/product_cat?post=10555"},{"taxonomy":"product_tag","embeddable":true,"href":"https:\/\/duckdeco.lt\/en\/wp-json\/wp\/v2\/product_tag?post=10555"}],"curies":[{"name":"wp","href":"https:\/\/api.w.org\/{rel}","templated":true}]}}