{"id":10562,"date":"2024-02-22T17:31:05","date_gmt":"2024-02-22T17:31:05","guid":{"rendered":"https:\/\/duckdeco.com\/?post_type=product&#038;p=10562"},"modified":"2025-01-20T14:07:25","modified_gmt":"2025-01-20T12:07:25","slug":"tortine-l","status":"publish","type":"product","link":"https:\/\/duckdeco.lt\/en\/product\/tortine-l\/","title":{"rendered":"Tortin\u0117 L"},"content":{"rendered":"<ul>\n<li>Tortin\u0117, pagaminta i\u0161 akacijos med\u017eio.<\/li>\n<li>\n<table style=\"height: 72px;\" width=\"432\">\n<tbody>\n<tr>\n<td width=\"220\">Skersmuo \u00d831 cm<\/p>\n<p>Auk\u0161tis 20 cm<\/td>\n<\/tr>\n<\/tbody>\n<\/table>\n<\/li>\n<\/ul>","protected":false},"excerpt":{"rendered":"<p>Tortin\u0117, pagaminta i\u0161 akacijos med\u017eio. Skersmuo \u00d831 cm Auk\u0161tis 20 cm<\/p>","protected":false},"featured_media":10563,"template":"","meta":{"_monsterinsights_skip_tracking":false,"_monsterinsights_sitenote_active":false,"_monsterinsights_sitenote_note":"","_monsterinsights_sitenote_category":0},"product_brand":[],"product_cat":[109],"product_tag":[128,127],"class_list":{"0":"post-10562","1":"product","2":"type-product","3":"status-publish","4":"has-post-thumbnail","6":"product_cat-serviravimo-indai","7":"product_tag-svetainei","8":"product_tag-valgomajam","10":"first","11":"instock","12":"taxable","13":"shipping-taxable","14":"purchasable","15":"product-type-simple"},"_links":{"self":[{"href":"https:\/\/duckdeco.lt\/en\/wp-json\/wp\/v2\/product\/10562","targetHints":{"allow":["GET"]}}],"collection":[{"href":"https:\/\/duckdeco.lt\/en\/wp-json\/wp\/v2\/product"}],"about":[{"href":"https:\/\/duckdeco.lt\/en\/wp-json\/wp\/v2\/types\/product"}],"version-history":[{"count":2,"href":"https:\/\/duckdeco.lt\/en\/wp-json\/wp\/v2\/product\/10562\/revisions"}],"predecessor-version":[{"id":14981,"href":"https:\/\/duckdeco.lt\/en\/wp-json\/wp\/v2\/product\/10562\/revisions\/14981"}],"wp:featuredmedia":[{"embeddable":true,"href":"https:\/\/duckdeco.lt\/en\/wp-json\/wp\/v2\/media\/10563"}],"wp:attachment":[{"href":"https:\/\/duckdeco.lt\/en\/wp-json\/wp\/v2\/media?parent=10562"}],"wp:term":[{"taxonomy":"product_brand","embeddable":true,"href":"https:\/\/duckdeco.lt\/en\/wp-json\/wp\/v2\/product_brand?post=10562"},{"taxonomy":"product_cat","embeddable":true,"href":"https:\/\/duckdeco.lt\/en\/wp-json\/wp\/v2\/product_cat?post=10562"},{"taxonomy":"product_tag","embeddable":true,"href":"https:\/\/duckdeco.lt\/en\/wp-json\/wp\/v2\/product_tag?post=10562"}],"curies":[{"name":"wp","href":"https:\/\/api.w.org\/{rel}","templated":true}]}}