{"id":10566,"date":"2024-02-22T17:38:51","date_gmt":"2024-02-22T17:38:51","guid":{"rendered":"https:\/\/duckdeco.com\/?post_type=product&#038;p=10566"},"modified":"2024-12-02T12:47:51","modified_gmt":"2024-12-02T10:47:51","slug":"tortine-s","status":"publish","type":"product","link":"https:\/\/duckdeco.lt\/en\/product\/tortine-s\/","title":{"rendered":"Cake S"},"content":{"rendered":"<ul>\n<li>Tortin\u0117, pagaminta i\u0161 akacijos med\u017eio.<\/li>\n<li>\n<table style=\"height: 72px;\" width=\"432\">\n<tbody>\n<tr>\n<td width=\"220\">Skersmuo \u00d831 cm<\/p>\n<p>Auk\u0161tis 15 cm<\/td>\n<\/tr>\n<\/tbody>\n<\/table>\n<\/li>\n<\/ul>","protected":false},"excerpt":{"rendered":"<p>Tortin\u0117, pagaminta i\u0161 akacijos med\u017eio. Skersmuo \u00d831 cm Auk\u0161tis 15 cm<\/p>","protected":false},"featured_media":10568,"template":"","meta":{"_monsterinsights_skip_tracking":false,"_monsterinsights_sitenote_active":false,"_monsterinsights_sitenote_note":"","_monsterinsights_sitenote_category":0},"product_brand":[],"product_cat":[109],"product_tag":[],"class_list":{"0":"post-10566","1":"product","2":"type-product","3":"status-publish","4":"has-post-thumbnail","6":"product_cat-serviravimo-indai","8":"first","9":"instock","10":"taxable","11":"shipping-taxable","12":"purchasable","13":"product-type-simple"},"_links":{"self":[{"href":"https:\/\/duckdeco.lt\/en\/wp-json\/wp\/v2\/product\/10566","targetHints":{"allow":["GET"]}}],"collection":[{"href":"https:\/\/duckdeco.lt\/en\/wp-json\/wp\/v2\/product"}],"about":[{"href":"https:\/\/duckdeco.lt\/en\/wp-json\/wp\/v2\/types\/product"}],"version-history":[{"count":1,"href":"https:\/\/duckdeco.lt\/en\/wp-json\/wp\/v2\/product\/10566\/revisions"}],"predecessor-version":[{"id":10569,"href":"https:\/\/duckdeco.lt\/en\/wp-json\/wp\/v2\/product\/10566\/revisions\/10569"}],"wp:featuredmedia":[{"embeddable":true,"href":"https:\/\/duckdeco.lt\/en\/wp-json\/wp\/v2\/media\/10568"}],"wp:attachment":[{"href":"https:\/\/duckdeco.lt\/en\/wp-json\/wp\/v2\/media?parent=10566"}],"wp:term":[{"taxonomy":"product_brand","embeddable":true,"href":"https:\/\/duckdeco.lt\/en\/wp-json\/wp\/v2\/product_brand?post=10566"},{"taxonomy":"product_cat","embeddable":true,"href":"https:\/\/duckdeco.lt\/en\/wp-json\/wp\/v2\/product_cat?post=10566"},{"taxonomy":"product_tag","embeddable":true,"href":"https:\/\/duckdeco.lt\/en\/wp-json\/wp\/v2\/product_tag?post=10566"}],"curies":[{"name":"wp","href":"https:\/\/api.w.org\/{rel}","templated":true}]}}