{"id":10596,"date":"2024-02-22T18:27:18","date_gmt":"2024-02-22T18:27:18","guid":{"rendered":"https:\/\/duckdeco.com\/?post_type=product&#038;p=10596"},"modified":"2025-11-11T16:48:42","modified_gmt":"2025-11-11T14:48:42","slug":"zvakide-3","status":"publish","type":"product","link":"https:\/\/duckdeco.lt\/en\/product\/zvakide-3\/","title":{"rendered":"Candlestick III"},"content":{"rendered":"<ul>\n<li>\u012evairi\u0173 spalv\u0173 kri\u0161tolinio stiklo \u017evakid\u0117. Geltonos, ro\u017ein\u0117s spalvos.<\/li>\n<li>\n<table width=\"220\">\n<tbody>\n<tr>\n<td width=\"220\">Length Width Height<\/td>\n<\/tr>\n<tr>\n<td width=\"220\">7x7x10 cm<\/td>\n<\/tr>\n<\/tbody>\n<\/table>\n<\/li>\n<li>\u017dvakid\u0117s parduodamos be \u017evaki\u0173. \u017dvakes galima pasirinkti:<\/li>\n<\/ul>","protected":false},"excerpt":{"rendered":"<p>\u012evairi\u0173 spalv\u0173 kri\u0161tolinio stiklo \u017evakid\u0117. Geltonos, ro\u017ein\u0117s spalvos. Ilgis \/ plotis \/ auk\u0161tis 7x7x10 cm \u017dvakid\u0117s parduodamos be \u017evaki\u0173. \u017dvakes galima pasirinkti:<\/p>","protected":false},"featured_media":10600,"template":"","meta":{"_monsterinsights_skip_tracking":false,"_monsterinsights_sitenote_active":false,"_monsterinsights_sitenote_note":"","_monsterinsights_sitenote_category":0},"product_brand":[],"product_cat":[106,103,107],"product_tag":[],"class_list":{"0":"post-10596","1":"product","2":"type-product","3":"status-publish","4":"has-post-thumbnail","6":"product_cat-dekoras-sventems","7":"product_cat-dovanu-idejos","8":"product_cat-stilingos-zvakides-zvakes","10":"first","11":"instock","12":"taxable","13":"shipping-taxable","14":"purchasable","15":"product-type-simple"},"_links":{"self":[{"href":"https:\/\/duckdeco.lt\/en\/wp-json\/wp\/v2\/product\/10596","targetHints":{"allow":["GET"]}}],"collection":[{"href":"https:\/\/duckdeco.lt\/en\/wp-json\/wp\/v2\/product"}],"about":[{"href":"https:\/\/duckdeco.lt\/en\/wp-json\/wp\/v2\/types\/product"}],"version-history":[{"count":4,"href":"https:\/\/duckdeco.lt\/en\/wp-json\/wp\/v2\/product\/10596\/revisions"}],"predecessor-version":[{"id":10599,"href":"https:\/\/duckdeco.lt\/en\/wp-json\/wp\/v2\/product\/10596\/revisions\/10599"}],"wp:featuredmedia":[{"embeddable":true,"href":"https:\/\/duckdeco.lt\/en\/wp-json\/wp\/v2\/media\/10600"}],"wp:attachment":[{"href":"https:\/\/duckdeco.lt\/en\/wp-json\/wp\/v2\/media?parent=10596"}],"wp:term":[{"taxonomy":"product_brand","embeddable":true,"href":"https:\/\/duckdeco.lt\/en\/wp-json\/wp\/v2\/product_brand?post=10596"},{"taxonomy":"product_cat","embeddable":true,"href":"https:\/\/duckdeco.lt\/en\/wp-json\/wp\/v2\/product_cat?post=10596"},{"taxonomy":"product_tag","embeddable":true,"href":"https:\/\/duckdeco.lt\/en\/wp-json\/wp\/v2\/product_tag?post=10596"}],"curies":[{"name":"wp","href":"https:\/\/api.w.org\/{rel}","templated":true}]}}