{"id":10626,"date":"2024-02-22T19:08:52","date_gmt":"2024-02-22T19:08:52","guid":{"rendered":"https:\/\/duckdeco.com\/?post_type=product&#038;p=10626"},"modified":"2024-12-02T15:34:25","modified_gmt":"2024-12-02T13:34:25","slug":"zvakide-xi-27-cm","status":"publish","type":"product","link":"https:\/\/duckdeco.lt\/en\/product\/zvakide-xi-27-cm\/","title":{"rendered":"\u017dvakid\u0117 XI 27 cm"},"content":{"rendered":"<ul>\n<li>Skaidrus kri\u0161tolinio stiklo \u017evaki\u0173 laikiklis.<\/li>\n<li>\n<table width=\"220\">\n<tbody>\n<tr>\n<td width=\"220\">Length Width Height<\/td>\n<\/tr>\n<tr>\n<td width=\"220\">8x8x27 cm<\/td>\n<\/tr>\n<\/tbody>\n<\/table>\n<\/li>\n<li>\u017dvakid\u0117s parduodamos be \u017evaki\u0173.<\/li>\n<\/ul>","protected":false},"excerpt":{"rendered":"<p>Skaidrus kri\u0161tolinio stiklo \u017evaki\u0173 laikiklis. Ilgis \/ plotis \/ auk\u0161tis 8x8x27 cm \u017dvakid\u0117s parduodamos be \u017evaki\u0173.<\/p>","protected":false},"featured_media":11828,"template":"","meta":{"_monsterinsights_skip_tracking":false,"_monsterinsights_sitenote_active":false,"_monsterinsights_sitenote_note":"","_monsterinsights_sitenote_category":0},"product_brand":[],"product_cat":[106,103,107],"product_tag":[],"class_list":{"0":"post-10626","1":"product","2":"type-product","3":"status-publish","4":"has-post-thumbnail","6":"product_cat-dekoras-sventems","7":"product_cat-dovanu-idejos","8":"product_cat-stilingos-zvakides-zvakes","10":"first","11":"instock","12":"taxable","13":"shipping-taxable","14":"purchasable","15":"product-type-simple"},"_links":{"self":[{"href":"https:\/\/duckdeco.lt\/en\/wp-json\/wp\/v2\/product\/10626","targetHints":{"allow":["GET"]}}],"collection":[{"href":"https:\/\/duckdeco.lt\/en\/wp-json\/wp\/v2\/product"}],"about":[{"href":"https:\/\/duckdeco.lt\/en\/wp-json\/wp\/v2\/types\/product"}],"version-history":[{"count":4,"href":"https:\/\/duckdeco.lt\/en\/wp-json\/wp\/v2\/product\/10626\/revisions"}],"predecessor-version":[{"id":14751,"href":"https:\/\/duckdeco.lt\/en\/wp-json\/wp\/v2\/product\/10626\/revisions\/14751"}],"wp:featuredmedia":[{"embeddable":true,"href":"https:\/\/duckdeco.lt\/en\/wp-json\/wp\/v2\/media\/11828"}],"wp:attachment":[{"href":"https:\/\/duckdeco.lt\/en\/wp-json\/wp\/v2\/media?parent=10626"}],"wp:term":[{"taxonomy":"product_brand","embeddable":true,"href":"https:\/\/duckdeco.lt\/en\/wp-json\/wp\/v2\/product_brand?post=10626"},{"taxonomy":"product_cat","embeddable":true,"href":"https:\/\/duckdeco.lt\/en\/wp-json\/wp\/v2\/product_cat?post=10626"},{"taxonomy":"product_tag","embeddable":true,"href":"https:\/\/duckdeco.lt\/en\/wp-json\/wp\/v2\/product_tag?post=10626"}],"curies":[{"name":"wp","href":"https:\/\/api.w.org\/{rel}","templated":true}]}}