{"id":10894,"date":"2024-03-04T14:45:39","date_gmt":"2024-03-04T14:45:39","guid":{"rendered":"https:\/\/duckdeco.com\/?post_type=product&#038;p=10894"},"modified":"2026-01-12T13:24:29","modified_gmt":"2026-01-12T11:24:29","slug":"duru-atmusejas-taksas","status":"publish","type":"product","link":"https:\/\/duckdeco.lt\/en\/product\/duru-atmusejas-taksas\/","title":{"rendered":"Door knocker &quot;Dachshund&quot;"},"content":{"rendered":"<ul>\n<li>\u0160uniukas su liemene.<\/li>\n<li>Spalva: \u0161viesiai ruda.<\/li>\n<li>Med\u017eiaga: polesteris.<\/li>\n<li>Svoris: 1 kg.<\/li>\n<li>\n<table style=\"height: 85px;\" width=\"219\">\n<tbody>\n<tr>\n<td width=\"122\">I\u0161matavimai:<\/p>\n<p>Length Width Height<\/td>\n<\/tr>\n<tr>\n<td width=\"122\">30x16x23 cm<\/td>\n<\/tr>\n<\/tbody>\n<\/table>\n<\/li>\n<\/ul>","protected":false},"excerpt":{"rendered":"<p>\u0160uniukas su liemene. Spalva: \u0161viesiai ruda. Med\u017eiaga: polesteris. Svoris: 1 kg. I\u0161matavimai: Ilgis \/ plotis \/ auk\u0161tis 30x16x23 cm<\/p>","protected":false},"featured_media":10898,"template":"","meta":{"_monsterinsights_skip_tracking":false,"_monsterinsights_sitenote_active":false,"_monsterinsights_sitenote_note":"","_monsterinsights_sitenote_category":0},"product_brand":[],"product_cat":[103,138,104],"product_tag":[309,132,306],"class_list":{"0":"post-10894","1":"product","2":"type-product","3":"status-publish","4":"has-post-thumbnail","6":"product_cat-dovanu-idejos","7":"product_cat-duru-atmusejai","8":"product_cat-vaikams","9":"product_tag-duru-atmusejas-suniukas","10":"product_tag-vaiku-kambariui","11":"product_tag-zaismingas-namu-aksesuaras","13":"first","14":"outofstock","15":"taxable","16":"shipping-taxable","17":"purchasable","18":"product-type-simple"},"_links":{"self":[{"href":"https:\/\/duckdeco.lt\/en\/wp-json\/wp\/v2\/product\/10894","targetHints":{"allow":["GET"]}}],"collection":[{"href":"https:\/\/duckdeco.lt\/en\/wp-json\/wp\/v2\/product"}],"about":[{"href":"https:\/\/duckdeco.lt\/en\/wp-json\/wp\/v2\/types\/product"}],"version-history":[{"count":1,"href":"https:\/\/duckdeco.lt\/en\/wp-json\/wp\/v2\/product\/10894\/revisions"}],"predecessor-version":[{"id":10917,"href":"https:\/\/duckdeco.lt\/en\/wp-json\/wp\/v2\/product\/10894\/revisions\/10917"}],"wp:featuredmedia":[{"embeddable":true,"href":"https:\/\/duckdeco.lt\/en\/wp-json\/wp\/v2\/media\/10898"}],"wp:attachment":[{"href":"https:\/\/duckdeco.lt\/en\/wp-json\/wp\/v2\/media?parent=10894"}],"wp:term":[{"taxonomy":"product_brand","embeddable":true,"href":"https:\/\/duckdeco.lt\/en\/wp-json\/wp\/v2\/product_brand?post=10894"},{"taxonomy":"product_cat","embeddable":true,"href":"https:\/\/duckdeco.lt\/en\/wp-json\/wp\/v2\/product_cat?post=10894"},{"taxonomy":"product_tag","embeddable":true,"href":"https:\/\/duckdeco.lt\/en\/wp-json\/wp\/v2\/product_tag?post=10894"}],"curies":[{"name":"wp","href":"https:\/\/api.w.org\/{rel}","templated":true}]}}