{"id":11149,"date":"2024-03-06T18:45:40","date_gmt":"2024-03-06T18:45:40","guid":{"rendered":"https:\/\/duckdeco.com\/?post_type=product&#038;p=11149"},"modified":"2024-03-06T18:53:58","modified_gmt":"2024-03-06T18:53:58","slug":"degustacine-uzkandziu-taurele","status":"publish","type":"product","link":"https:\/\/duckdeco.lt\/en\/product\/degustacine-uzkandziu-taurele\/","title":{"rendered":"Tasting glass of snacks"},"content":{"rendered":"<ul>\n<li>Atraskite m\u0117gavim\u0105si maistu ir i\u0161skirtiniu vaizdu.<\/li>\n<li>Ma\u017ei stikliniai kubeliai, puikiai tinka degustaciniam maisto ruo\u0161imui, saldiems ar pikanti\u0161kiems patiekalams.<\/li>\n<li>Pagaminta i\u0161 presuoto stiklo.<\/li>\n<li>Galima plauti indaplov\u0117je.<\/li>\n<li>Pakuot\u0117je 6 vnt.<\/li>\n<li>\n<table style=\"height: 173px;\" width=\"410\">\n<tbody>\n<tr>\n<td width=\"120\">I\u0161matavimai<\/td>\n<\/tr>\n<tr>\n<td width=\"120\">Talpa 100 ml \/ Auk\u0161tis 68 mm<\/td>\n<\/tr>\n<\/tbody>\n<\/table>\n<p>\u200b<img decoding=\"async\" src=\"https:\/\/www.larochere.com\/boutique\/modules\/pu_synchro\/icon\/dishwasher.jpg\" alt=\"dishwasher.jpg\" \/>\u00a0 <img decoding=\"async\" src=\"https:\/\/www.larochere.com\/boutique\/modules\/pu_synchro\/icon\/triman.jpg\" alt=\"triman.jpg\" \/><\/li>\n<li>Pristatymas 14 dien\u0173.<\/li>\n<\/ul>","protected":false},"excerpt":{"rendered":"<p>Atraskite m\u0117gavim\u0105si maistu ir i\u0161skirtiniu vaizdu. Ma\u017ei stikliniai kubeliai, puikiai tinka degustaciniam maisto ruo\u0161imui, saldiems ar pikanti\u0161kiems patiekalams. Pagaminta i\u0161 presuoto stiklo. Galima plauti indaplov\u0117je. Pakuot\u0117je 6 vnt. I\u0161matavimai Talpa 100 ml \/ Auk\u0161tis 68 mm \u200b\u00a0 Pristatymas 14 dien\u0173.<\/p>","protected":false},"featured_media":11150,"template":"","meta":{"_monsterinsights_skip_tracking":false,"_monsterinsights_sitenote_active":false,"_monsterinsights_sitenote_note":"","_monsterinsights_sitenote_category":0},"product_brand":[],"product_cat":[109],"product_tag":[],"class_list":{"0":"post-11149","1":"product","2":"type-product","3":"status-publish","4":"has-post-thumbnail","6":"product_cat-serviravimo-indai","8":"first","9":"onbackorder","10":"taxable","11":"shipping-taxable","12":"purchasable","13":"product-type-simple"},"_links":{"self":[{"href":"https:\/\/duckdeco.lt\/en\/wp-json\/wp\/v2\/product\/11149","targetHints":{"allow":["GET"]}}],"collection":[{"href":"https:\/\/duckdeco.lt\/en\/wp-json\/wp\/v2\/product"}],"about":[{"href":"https:\/\/duckdeco.lt\/en\/wp-json\/wp\/v2\/types\/product"}],"version-history":[{"count":1,"href":"https:\/\/duckdeco.lt\/en\/wp-json\/wp\/v2\/product\/11149\/revisions"}],"predecessor-version":[{"id":11158,"href":"https:\/\/duckdeco.lt\/en\/wp-json\/wp\/v2\/product\/11149\/revisions\/11158"}],"wp:featuredmedia":[{"embeddable":true,"href":"https:\/\/duckdeco.lt\/en\/wp-json\/wp\/v2\/media\/11150"}],"wp:attachment":[{"href":"https:\/\/duckdeco.lt\/en\/wp-json\/wp\/v2\/media?parent=11149"}],"wp:term":[{"taxonomy":"product_brand","embeddable":true,"href":"https:\/\/duckdeco.lt\/en\/wp-json\/wp\/v2\/product_brand?post=11149"},{"taxonomy":"product_cat","embeddable":true,"href":"https:\/\/duckdeco.lt\/en\/wp-json\/wp\/v2\/product_cat?post=11149"},{"taxonomy":"product_tag","embeddable":true,"href":"https:\/\/duckdeco.lt\/en\/wp-json\/wp\/v2\/product_tag?post=11149"}],"curies":[{"name":"wp","href":"https:\/\/api.w.org\/{rel}","templated":true}]}}