{"id":11174,"date":"2024-03-07T20:22:32","date_gmt":"2024-03-07T20:22:32","guid":{"rendered":"https:\/\/duckdeco.com\/?post_type=product&#038;p=11174"},"modified":"2026-01-28T16:12:37","modified_gmt":"2026-01-28T14:12:37","slug":"statulele-suo-bostono-terjeras-su-fraku","status":"publish","type":"product","link":"https:\/\/duckdeco.lt\/en\/product\/statulele-suo-bostono-terjeras-su-fraku\/","title":{"rendered":"Statue dog &quot;Boston terrier with a tailcoat&quot;"},"content":{"rendered":"<ul>\n<li>\n<p class=\"p1\">I\u0161kilminga \u0161uns fig\u016br\u0117l\u0117 &#8211; Bostono terjeras su m\u0117lynu fraku ir lazdele &#8211; suteiks interjerui savitumo, papuo\u0161 knyg\u0173 lentyn\u0105 ar \u017eidin\u012f.<span class=\"Apple-converted-space\">\u00a0 <\/span>Gali tapti kal\u0117din\u0117s kompozicijos akcentu ar \u012fsimintina dovana \u0161un\u0173 myl\u0117tojui.<\/p>\n<\/li>\n<li>\n<p class=\"p1\">Figur\u0117l\u0117 beveik 50 cm auk\u0161\u010dio, tikrai atkreips d\u0117mes\u012f.<span class=\"Apple-converted-space\">\u00a0<\/span><\/p>\n<\/li>\n<li>I\u0161matavimai<\/li>\n<\/ul>\n<p>Auk\u0161tis 45.5x plotis 16 x gylis 13 cm<\/p>","protected":false},"excerpt":{"rendered":"<p>I\u0161kilminga \u0161uns fig\u016br\u0117l\u0117 &#8211; Bostono terjeras su m\u0117lynu fraku ir lazdele &#8211; suteiks interjerui savitumo, papuo\u0161 knyg\u0173 lentyn\u0105 ar \u017eidin\u012f.\u00a0 Gali tapti kal\u0117din\u0117s kompozicijos akcentu ar \u012fsimintina dovana \u0161un\u0173 myl\u0117tojui. Figur\u0117l\u0117 beveik 50 cm auk\u0161\u010dio, tikrai atkreips d\u0117mes\u012f.\u00a0 I\u0161matavimai Auk\u0161tis 45.5x plotis 16 x gylis 13 cm<\/p>","protected":false},"featured_media":11787,"template":"","meta":{"_monsterinsights_skip_tracking":false,"_monsterinsights_sitenote_active":false,"_monsterinsights_sitenote_note":"","_monsterinsights_sitenote_category":0},"product_brand":[],"product_cat":[103,95,130],"product_tag":[324,210,362],"class_list":{"0":"post-11174","1":"product","2":"type-product","3":"status-publish","4":"has-post-thumbnail","6":"product_cat-dovanu-idejos","7":"product_cat-interjerui","8":"product_cat-statuleles-deco","9":"product_tag-dovanu-idejos","10":"product_tag-originali-interjero-detale","11":"product_tag-statulele-suo-su-laikrodziu","13":"first","14":"outofstock","15":"taxable","16":"shipping-taxable","17":"purchasable","18":"product-type-simple"},"_links":{"self":[{"href":"https:\/\/duckdeco.lt\/en\/wp-json\/wp\/v2\/product\/11174","targetHints":{"allow":["GET"]}}],"collection":[{"href":"https:\/\/duckdeco.lt\/en\/wp-json\/wp\/v2\/product"}],"about":[{"href":"https:\/\/duckdeco.lt\/en\/wp-json\/wp\/v2\/types\/product"}],"version-history":[{"count":5,"href":"https:\/\/duckdeco.lt\/en\/wp-json\/wp\/v2\/product\/11174\/revisions"}],"predecessor-version":[{"id":12561,"href":"https:\/\/duckdeco.lt\/en\/wp-json\/wp\/v2\/product\/11174\/revisions\/12561"}],"wp:featuredmedia":[{"embeddable":true,"href":"https:\/\/duckdeco.lt\/en\/wp-json\/wp\/v2\/media\/11787"}],"wp:attachment":[{"href":"https:\/\/duckdeco.lt\/en\/wp-json\/wp\/v2\/media?parent=11174"}],"wp:term":[{"taxonomy":"product_brand","embeddable":true,"href":"https:\/\/duckdeco.lt\/en\/wp-json\/wp\/v2\/product_brand?post=11174"},{"taxonomy":"product_cat","embeddable":true,"href":"https:\/\/duckdeco.lt\/en\/wp-json\/wp\/v2\/product_cat?post=11174"},{"taxonomy":"product_tag","embeddable":true,"href":"https:\/\/duckdeco.lt\/en\/wp-json\/wp\/v2\/product_tag?post=11174"}],"curies":[{"name":"wp","href":"https:\/\/api.w.org\/{rel}","templated":true}]}}