{"id":11176,"date":"2024-03-07T20:28:09","date_gmt":"2024-03-07T20:28:09","guid":{"rendered":"https:\/\/duckdeco.com\/?post_type=product&#038;p=11176"},"modified":"2025-01-20T15:02:30","modified_gmt":"2025-01-20T13:02:30","slug":"statulele-briedis-su-zaliu-fraku","status":"publish","type":"product","link":"https:\/\/duckdeco.lt\/en\/product\/statulele-briedis-su-zaliu-fraku\/","title":{"rendered":"Statuette &quot;Moose with a green tailcoat&quot;"},"content":{"rendered":"<ul>\n<li>\n<p class=\"p1\">Bried\u017eio \u017ealiu fraku ir lazdele figur\u0117l\u0117, kuri\u0105 per Kal\u0117das nor\u0117site pastatyti matomiausioje vietoje, ta\u010diau namus ji puo\u0161 visus metus. Puikiai tiks kuriantiems angli\u0161ko stiliaus interjer\u0105, suteiks namams savit\u0105 charakter\u012f ir \u012fne\u0161 sodri\u0173 spalv\u0173.<\/p>\n<\/li>\n<li>I\u0161matavimai<\/li>\n<li>\n<p class=\"p1\">Auk\u0161tis 54 cm x plotis 17 cm x gylis 15 cm<\/p>\n<\/li>\n<\/ul>","protected":false},"excerpt":{"rendered":"<p>Bried\u017eio \u017ealiu fraku ir lazdele figur\u0117l\u0117, kuri\u0105 per Kal\u0117das nor\u0117site pastatyti matomiausioje vietoje, ta\u010diau namus ji puo\u0161 visus metus. Puikiai tiks kuriantiems angli\u0161ko stiliaus interjer\u0105, suteiks namams savit\u0105 charakter\u012f ir \u012fne\u0161 sodri\u0173 spalv\u0173. I\u0161matavimai Auk\u0161tis 54 cm x plotis 17 cm x gylis 15 cm<\/p>","protected":false},"featured_media":11807,"template":"","meta":{"_monsterinsights_skip_tracking":false,"_monsterinsights_sitenote_active":false,"_monsterinsights_sitenote_note":"","_monsterinsights_sitenote_category":0},"product_brand":[],"product_cat":[103,95,130],"product_tag":[361,324,210,258],"class_list":{"0":"post-11176","1":"product","2":"type-product","3":"status-publish","4":"has-post-thumbnail","6":"product_cat-dovanu-idejos","7":"product_cat-interjerui","8":"product_cat-statuleles-deco","9":"product_tag-briedis-su-fraku","10":"product_tag-dovanu-idejos","11":"product_tag-originali-interjero-detale","12":"product_tag-statulele-is-polirezino","14":"first","15":"instock","16":"taxable","17":"shipping-taxable","18":"purchasable","19":"product-type-simple"},"_links":{"self":[{"href":"https:\/\/duckdeco.lt\/en\/wp-json\/wp\/v2\/product\/11176","targetHints":{"allow":["GET"]}}],"collection":[{"href":"https:\/\/duckdeco.lt\/en\/wp-json\/wp\/v2\/product"}],"about":[{"href":"https:\/\/duckdeco.lt\/en\/wp-json\/wp\/v2\/types\/product"}],"version-history":[{"count":3,"href":"https:\/\/duckdeco.lt\/en\/wp-json\/wp\/v2\/product\/11176\/revisions"}],"predecessor-version":[{"id":11546,"href":"https:\/\/duckdeco.lt\/en\/wp-json\/wp\/v2\/product\/11176\/revisions\/11546"}],"wp:featuredmedia":[{"embeddable":true,"href":"https:\/\/duckdeco.lt\/en\/wp-json\/wp\/v2\/media\/11807"}],"wp:attachment":[{"href":"https:\/\/duckdeco.lt\/en\/wp-json\/wp\/v2\/media?parent=11176"}],"wp:term":[{"taxonomy":"product_brand","embeddable":true,"href":"https:\/\/duckdeco.lt\/en\/wp-json\/wp\/v2\/product_brand?post=11176"},{"taxonomy":"product_cat","embeddable":true,"href":"https:\/\/duckdeco.lt\/en\/wp-json\/wp\/v2\/product_cat?post=11176"},{"taxonomy":"product_tag","embeddable":true,"href":"https:\/\/duckdeco.lt\/en\/wp-json\/wp\/v2\/product_tag?post=11176"}],"curies":[{"name":"wp","href":"https:\/\/api.w.org\/{rel}","templated":true}]}}