{"id":11187,"date":"2024-03-07T21:05:06","date_gmt":"2024-03-07T21:05:06","guid":{"rendered":"https:\/\/duckdeco.com\/?post_type=product&#038;p=11187"},"modified":"2024-12-02T12:22:53","modified_gmt":"2024-12-02T10:22:53","slug":"tikmedzio-suoliukas-valtis","status":"publish","type":"product","link":"https:\/\/duckdeco.lt\/en\/product\/tikmedzio-suoliukas-valtis\/","title":{"rendered":"Teak bench &quot;Boat&quot;"},"content":{"rendered":"<ul>\n<li>\n<p class=\"p1\">Gra\u017eus ir i\u0161skirtinis suoliukas &#8211; valtis J\u016bs\u0173 namams! D\u0117l savo j\u016brinio dizaino ir autenti\u0161k\u0173 detali\u0173 jis trauks ak\u012f bet kurioje patalpoje. Suoliukas puikiai tiks svetain\u0117je, prie\u0161kambaryje ar net sode, nes pagamintas i\u0161 auk\u0161\u010diausios klas\u0117s tikmed\u017eio.<\/p>\n<\/li>\n<li>\n<p class=\"p1\">Be suoliuko funkcijos, jis taip pat gali b\u016bti naudojamas kaip knyg\u0173 ar \u017eurnal\u0173 laikymo vieta, pavyzd\u017eiui, su dviem integruotais skyriais s\u0117dyn\u0117je.<\/p>\n<\/li>\n<li>\n<p class=\"p1\">Ma\u017eas laivelio i\u0161vaizdos suoliukas yra ne tik funkcionalus, bet ir dekoratyvus atmosferos akcentas.<\/p>\n<\/li>\n<li>I\u0161matavimai:<\/li>\n<li>\n<p class=\"p1\">Plotis 155 cm x Gylis 65 cm x Auk\u0161tis 91 cm &#8211; svoris apie 30 kg.<\/p>\n<\/li>\n<\/ul>","protected":false},"excerpt":{"rendered":"<p>Gra\u017eus ir i\u0161skirtinis suoliukas &#8211; valtis J\u016bs\u0173 namams! D\u0117l savo j\u016brinio dizaino ir autenti\u0161k\u0173 detali\u0173 jis trauks ak\u012f bet kurioje patalpoje. Suoliukas puikiai tiks svetain\u0117je, prie\u0161kambaryje ar net sode, nes pagamintas i\u0161 auk\u0161\u010diausios klas\u0117s tikmed\u017eio. Be suoliuko funkcijos, jis taip pat gali b\u016bti naudojamas kaip knyg\u0173 ar \u017eurnal\u0173 laikymo vieta, pavyzd\u017eiui, su dviem integruotais skyriais &hellip; <br \/><a href=\"https:\/\/duckdeco.lt\/en\/product\/tikmedzio-suoliukas-valtis\/\" class=\"more-link\">Continue reading <span class=\"screen-reader-text\">Teak bench &quot;Boat&quot;<\/span><\/a><\/p>","protected":false},"featured_media":11188,"template":"","meta":{"_monsterinsights_skip_tracking":false,"_monsterinsights_sitenote_active":false,"_monsterinsights_sitenote_note":"","_monsterinsights_sitenote_category":0},"product_brand":[],"product_cat":[103,95,96],"product_tag":[],"class_list":{"0":"post-11187","1":"product","2":"type-product","3":"status-publish","4":"has-post-thumbnail","6":"product_cat-dovanu-idejos","7":"product_cat-interjerui","8":"product_cat-vintaziniai-baldai","10":"first","11":"instock","12":"taxable","13":"shipping-taxable","14":"purchasable","15":"product-type-simple"},"_links":{"self":[{"href":"https:\/\/duckdeco.lt\/en\/wp-json\/wp\/v2\/product\/11187","targetHints":{"allow":["GET"]}}],"collection":[{"href":"https:\/\/duckdeco.lt\/en\/wp-json\/wp\/v2\/product"}],"about":[{"href":"https:\/\/duckdeco.lt\/en\/wp-json\/wp\/v2\/types\/product"}],"version-history":[{"count":5,"href":"https:\/\/duckdeco.lt\/en\/wp-json\/wp\/v2\/product\/11187\/revisions"}],"predecessor-version":[{"id":14750,"href":"https:\/\/duckdeco.lt\/en\/wp-json\/wp\/v2\/product\/11187\/revisions\/14750"}],"wp:featuredmedia":[{"embeddable":true,"href":"https:\/\/duckdeco.lt\/en\/wp-json\/wp\/v2\/media\/11188"}],"wp:attachment":[{"href":"https:\/\/duckdeco.lt\/en\/wp-json\/wp\/v2\/media?parent=11187"}],"wp:term":[{"taxonomy":"product_brand","embeddable":true,"href":"https:\/\/duckdeco.lt\/en\/wp-json\/wp\/v2\/product_brand?post=11187"},{"taxonomy":"product_cat","embeddable":true,"href":"https:\/\/duckdeco.lt\/en\/wp-json\/wp\/v2\/product_cat?post=11187"},{"taxonomy":"product_tag","embeddable":true,"href":"https:\/\/duckdeco.lt\/en\/wp-json\/wp\/v2\/product_tag?post=11187"}],"curies":[{"name":"wp","href":"https:\/\/api.w.org\/{rel}","templated":true}]}}