{"id":11246,"date":"2024-03-10T11:49:41","date_gmt":"2024-03-10T11:49:41","guid":{"rendered":"https:\/\/duckdeco.com\/?post_type=product&#038;p=11246"},"modified":"2025-01-20T15:11:33","modified_gmt":"2025-01-20T13:11:33","slug":"vintazinis-gaubtas-is-stiklo-29-cm","status":"publish","type":"product","link":"https:\/\/duckdeco.lt\/en\/product\/vintazinis-gaubtas-is-stiklo-29-cm\/","title":{"rendered":"Stiklinis tortin\u0117s gaubtas 29 cm"},"content":{"rendered":"<ul>\n<li>Labai gerai apsaugo J\u016bs\u0173 pyragai\u010dius ar kepinius, ypa\u010d reikalinga pateikiant lauke. Atlieka ne tik praktin\u0119, bet ir dekoratyvin\u0119 funkcij\u0105, pyragai\u010diai po gaubtu atrodo dar \u012fsp\u016bdingiau.<\/li>\n<li>Prakti\u0161ka dovana.<\/li>\n<li>Skersmuo 29 cm.<\/li>\n<\/ul>","protected":false},"excerpt":{"rendered":"<p>Labai gerai apsaugo J\u016bs\u0173 pyragai\u010dius ar kepinius, ypa\u010d reikalinga pateikiant lauke. Atlieka ne tik praktin\u0119, bet ir dekoratyvin\u0119 funkcij\u0105, pyragai\u010diai po gaubtu atrodo dar \u012fsp\u016bdingiau. Prakti\u0161ka dovana. Skersmuo 29 cm.<\/p>","protected":false},"featured_media":11257,"template":"","meta":{"_monsterinsights_skip_tracking":false,"_monsterinsights_sitenote_active":false,"_monsterinsights_sitenote_note":"","_monsterinsights_sitenote_category":0},"product_brand":[],"product_cat":[109],"product_tag":[],"class_list":{"0":"post-11246","1":"product","2":"type-product","3":"status-publish","4":"has-post-thumbnail","6":"product_cat-serviravimo-indai","8":"first","9":"instock","10":"taxable","11":"shipping-taxable","12":"purchasable","13":"product-type-simple"},"_links":{"self":[{"href":"https:\/\/duckdeco.lt\/en\/wp-json\/wp\/v2\/product\/11246","targetHints":{"allow":["GET"]}}],"collection":[{"href":"https:\/\/duckdeco.lt\/en\/wp-json\/wp\/v2\/product"}],"about":[{"href":"https:\/\/duckdeco.lt\/en\/wp-json\/wp\/v2\/types\/product"}],"version-history":[{"count":3,"href":"https:\/\/duckdeco.lt\/en\/wp-json\/wp\/v2\/product\/11246\/revisions"}],"predecessor-version":[{"id":14985,"href":"https:\/\/duckdeco.lt\/en\/wp-json\/wp\/v2\/product\/11246\/revisions\/14985"}],"wp:featuredmedia":[{"embeddable":true,"href":"https:\/\/duckdeco.lt\/en\/wp-json\/wp\/v2\/media\/11257"}],"wp:attachment":[{"href":"https:\/\/duckdeco.lt\/en\/wp-json\/wp\/v2\/media?parent=11246"}],"wp:term":[{"taxonomy":"product_brand","embeddable":true,"href":"https:\/\/duckdeco.lt\/en\/wp-json\/wp\/v2\/product_brand?post=11246"},{"taxonomy":"product_cat","embeddable":true,"href":"https:\/\/duckdeco.lt\/en\/wp-json\/wp\/v2\/product_cat?post=11246"},{"taxonomy":"product_tag","embeddable":true,"href":"https:\/\/duckdeco.lt\/en\/wp-json\/wp\/v2\/product_tag?post=11246"}],"curies":[{"name":"wp","href":"https:\/\/api.w.org\/{rel}","templated":true}]}}