{"id":11276,"date":"2024-03-10T12:12:02","date_gmt":"2024-03-10T12:12:02","guid":{"rendered":"https:\/\/duckdeco.com\/?post_type=product&#038;p=11276"},"modified":"2024-12-04T11:19:54","modified_gmt":"2024-12-04T09:19:54","slug":"pagalvele-dekoratyvine-is-gobeleno-elnias-baronas","status":"publish","type":"product","link":"https:\/\/duckdeco.lt\/en\/product\/pagalvele-dekoratyvine-is-gobeleno-elnias-baronas\/","title":{"rendered":"Decorative pillow made of tapestry &quot;Elnias Baronas&quot;"},"content":{"rendered":"<ul>\n<li>Dekoratyvin\u0117 gobeleno pagalv\u0117l\u0117 ELNIAS BARONAS 45X45CM<\/li>\n<li>Med\u017eiaga: medviln\u0117\/poliesteris<\/li>\n<li>Spalvos: tams\u016bs tonai, violetiniai, \u017eali ir rudi tonai.<\/li>\n<li>Dydis: 45 x 15 x 45 cm, U\u017epildas: 100% poliesteris.<\/li>\n<li>Galima skalbti 30 laipsni\u0173 temperat\u016broje.<\/li>\n<\/ul>","protected":false},"excerpt":{"rendered":"<p>Dekoratyvin\u0117 gobeleno pagalv\u0117l\u0117 ELNIAS BARONAS 45X45CM Med\u017eiaga: medviln\u0117\/poliesteris Spalvos: tams\u016bs tonai, violetiniai, \u017eali ir rudi tonai. Dydis: 45 x 15 x 45 cm, U\u017epildas: 100% poliesteris. Galima skalbti 30 laipsni\u0173 temperat\u016broje.<\/p>","protected":false},"featured_media":11277,"template":"","meta":{"_monsterinsights_skip_tracking":false,"_monsterinsights_sitenote_active":false,"_monsterinsights_sitenote_note":"","_monsterinsights_sitenote_category":0},"product_brand":[],"product_cat":[103,95,137],"product_tag":[324,325,326],"class_list":{"0":"post-11276","1":"product","2":"type-product","3":"status-publish","4":"has-post-thumbnail","6":"product_cat-dovanu-idejos","7":"product_cat-interjerui","8":"product_cat-pagalveles-deco","9":"product_tag-dovanu-idejos","10":"product_tag-elegantiska-interjero-detale","11":"product_tag-pagalvele-su-elnio-atvaizdu","13":"first","14":"instock","15":"taxable","16":"shipping-taxable","17":"purchasable","18":"product-type-simple"},"_links":{"self":[{"href":"https:\/\/duckdeco.lt\/en\/wp-json\/wp\/v2\/product\/11276","targetHints":{"allow":["GET"]}}],"collection":[{"href":"https:\/\/duckdeco.lt\/en\/wp-json\/wp\/v2\/product"}],"about":[{"href":"https:\/\/duckdeco.lt\/en\/wp-json\/wp\/v2\/types\/product"}],"version-history":[{"count":3,"href":"https:\/\/duckdeco.lt\/en\/wp-json\/wp\/v2\/product\/11276\/revisions"}],"predecessor-version":[{"id":14805,"href":"https:\/\/duckdeco.lt\/en\/wp-json\/wp\/v2\/product\/11276\/revisions\/14805"}],"wp:featuredmedia":[{"embeddable":true,"href":"https:\/\/duckdeco.lt\/en\/wp-json\/wp\/v2\/media\/11277"}],"wp:attachment":[{"href":"https:\/\/duckdeco.lt\/en\/wp-json\/wp\/v2\/media?parent=11276"}],"wp:term":[{"taxonomy":"product_brand","embeddable":true,"href":"https:\/\/duckdeco.lt\/en\/wp-json\/wp\/v2\/product_brand?post=11276"},{"taxonomy":"product_cat","embeddable":true,"href":"https:\/\/duckdeco.lt\/en\/wp-json\/wp\/v2\/product_cat?post=11276"},{"taxonomy":"product_tag","embeddable":true,"href":"https:\/\/duckdeco.lt\/en\/wp-json\/wp\/v2\/product_tag?post=11276"}],"curies":[{"name":"wp","href":"https:\/\/api.w.org\/{rel}","templated":true}]}}