{"id":11283,"date":"2024-03-10T18:19:34","date_gmt":"2024-03-10T18:19:34","guid":{"rendered":"https:\/\/duckdeco.com\/?post_type=product&#038;p=11283"},"modified":"2024-12-04T11:17:37","modified_gmt":"2024-12-04T09:17:37","slug":"pagalvele-dekoratyvine-is-gobeleno-elnias-iii","status":"publish","type":"product","link":"https:\/\/duckdeco.lt\/en\/product\/pagalvele-dekoratyvine-is-gobeleno-elnias-iii\/","title":{"rendered":"Decorative pillow made of tapestry &quot;Deer&quot; \/ III"},"content":{"rendered":"<ul>\n<li>Med\u017eiaga: U\u017evalkalas: 86% medviln\u0117, 6% poliesteris, 8% poliamidas<\/li>\n<li>U\u017epildas: 100% poliesteris<\/li>\n<li>Spalvos: tams\u016bs tonai, \u017eali ir rudi<\/li>\n<li>Dydis: 45 x 15 x 45 cm<\/li>\n<\/ul>","protected":false},"excerpt":{"rendered":"<p>Med\u017eiaga: U\u017evalkalas: 86% medviln\u0117, 6% poliesteris, 8% poliamidas U\u017epildas: 100% poliesteris Spalvos: tams\u016bs tonai, \u017eali ir rudi Dydis: 45 x 15 x 45 cm<\/p>","protected":false},"featured_media":11284,"template":"","meta":{"_monsterinsights_skip_tracking":false,"_monsterinsights_sitenote_active":false,"_monsterinsights_sitenote_note":"","_monsterinsights_sitenote_category":0},"product_brand":[],"product_cat":[103,95,137],"product_tag":[324,325,326],"class_list":{"0":"post-11283","1":"product","2":"type-product","3":"status-publish","4":"has-post-thumbnail","6":"product_cat-dovanu-idejos","7":"product_cat-interjerui","8":"product_cat-pagalveles-deco","9":"product_tag-dovanu-idejos","10":"product_tag-elegantiska-interjero-detale","11":"product_tag-pagalvele-su-elnio-atvaizdu","13":"first","14":"instock","15":"taxable","16":"shipping-taxable","17":"purchasable","18":"product-type-simple"},"_links":{"self":[{"href":"https:\/\/duckdeco.lt\/en\/wp-json\/wp\/v2\/product\/11283","targetHints":{"allow":["GET"]}}],"collection":[{"href":"https:\/\/duckdeco.lt\/en\/wp-json\/wp\/v2\/product"}],"about":[{"href":"https:\/\/duckdeco.lt\/en\/wp-json\/wp\/v2\/types\/product"}],"version-history":[{"count":1,"href":"https:\/\/duckdeco.lt\/en\/wp-json\/wp\/v2\/product\/11283\/revisions"}],"predecessor-version":[{"id":11289,"href":"https:\/\/duckdeco.lt\/en\/wp-json\/wp\/v2\/product\/11283\/revisions\/11289"}],"wp:featuredmedia":[{"embeddable":true,"href":"https:\/\/duckdeco.lt\/en\/wp-json\/wp\/v2\/media\/11284"}],"wp:attachment":[{"href":"https:\/\/duckdeco.lt\/en\/wp-json\/wp\/v2\/media?parent=11283"}],"wp:term":[{"taxonomy":"product_brand","embeddable":true,"href":"https:\/\/duckdeco.lt\/en\/wp-json\/wp\/v2\/product_brand?post=11283"},{"taxonomy":"product_cat","embeddable":true,"href":"https:\/\/duckdeco.lt\/en\/wp-json\/wp\/v2\/product_cat?post=11283"},{"taxonomy":"product_tag","embeddable":true,"href":"https:\/\/duckdeco.lt\/en\/wp-json\/wp\/v2\/product_tag?post=11283"}],"curies":[{"name":"wp","href":"https:\/\/api.w.org\/{rel}","templated":true}]}}