{"id":11308,"date":"2024-03-10T18:48:26","date_gmt":"2024-03-10T18:48:26","guid":{"rendered":"https:\/\/duckdeco.com\/?post_type=product&#038;p=11308"},"modified":"2026-01-12T13:26:21","modified_gmt":"2026-01-12T11:26:21","slug":"zaislas-minkstas-avele-17-cm","status":"publish","type":"product","link":"https:\/\/duckdeco.lt\/en\/product\/zaislas-minkstas-avele-17-cm\/","title":{"rendered":"Soft toy &quot;Lamb&quot; 17 cm"},"content":{"rendered":"<ul>\n<li>Nerealaus mielumo mink\u0161tas \u017eaislas, auk\u0161\u010diausios kokyb\u0117s, saugus vaikams.<\/li>\n<li>Puiki dovana palankyn\u0173, gimtadienio proga.<\/li>\n<li>Med\u017eiaga &#8211; medviln\u0117<\/li>\n<li>Skalbimo instrukcijos \u2013 Taip, 30 laipsni\u0173<\/li>\n<\/ul>","protected":false},"excerpt":{"rendered":"<p>Nerealaus mielumo mink\u0161tas \u017eaislas, auk\u0161\u010diausios kokyb\u0117s, saugus vaikams. Puiki dovana palankyn\u0173, gimtadienio proga. Med\u017eiaga &#8211; medviln\u0117 Skalbimo instrukcijos \u2013 Taip, 30 laipsni\u0173<\/p>","protected":false},"featured_media":11309,"template":"","meta":{"_monsterinsights_skip_tracking":false,"_monsterinsights_sitenote_active":false,"_monsterinsights_sitenote_note":"","_monsterinsights_sitenote_category":0},"product_brand":[],"product_cat":[103,119],"product_tag":[369,329,367,373,328],"class_list":{"0":"post-11308","1":"product","2":"type-product","3":"status-publish","4":"has-post-thumbnail","6":"product_cat-dovanu-idejos","7":"product_cat-minksti-zaislai","8":"product_tag-dovanos-vaikams","9":"product_tag-ekologiska-medvilne","10":"product_tag-minkstas-zaislas","11":"product_tag-pliusine-avele","12":"product_tag-vaiku-kambario-aksesuarai","14":"first","15":"outofstock","16":"taxable","17":"shipping-taxable","18":"purchasable","19":"product-type-simple"},"_links":{"self":[{"href":"https:\/\/duckdeco.lt\/en\/wp-json\/wp\/v2\/product\/11308","targetHints":{"allow":["GET"]}}],"collection":[{"href":"https:\/\/duckdeco.lt\/en\/wp-json\/wp\/v2\/product"}],"about":[{"href":"https:\/\/duckdeco.lt\/en\/wp-json\/wp\/v2\/types\/product"}],"version-history":[{"count":3,"href":"https:\/\/duckdeco.lt\/en\/wp-json\/wp\/v2\/product\/11308\/revisions"}],"predecessor-version":[{"id":14876,"href":"https:\/\/duckdeco.lt\/en\/wp-json\/wp\/v2\/product\/11308\/revisions\/14876"}],"wp:featuredmedia":[{"embeddable":true,"href":"https:\/\/duckdeco.lt\/en\/wp-json\/wp\/v2\/media\/11309"}],"wp:attachment":[{"href":"https:\/\/duckdeco.lt\/en\/wp-json\/wp\/v2\/media?parent=11308"}],"wp:term":[{"taxonomy":"product_brand","embeddable":true,"href":"https:\/\/duckdeco.lt\/en\/wp-json\/wp\/v2\/product_brand?post=11308"},{"taxonomy":"product_cat","embeddable":true,"href":"https:\/\/duckdeco.lt\/en\/wp-json\/wp\/v2\/product_cat?post=11308"},{"taxonomy":"product_tag","embeddable":true,"href":"https:\/\/duckdeco.lt\/en\/wp-json\/wp\/v2\/product_tag?post=11308"}],"curies":[{"name":"wp","href":"https:\/\/api.w.org\/{rel}","templated":true}]}}