{"id":11330,"date":"2024-03-10T19:07:44","date_gmt":"2024-03-10T19:07:44","guid":{"rendered":"https:\/\/duckdeco.com\/?post_type=product&#038;p=11330"},"modified":"2025-11-17T11:27:01","modified_gmt":"2025-11-17T09:27:01","slug":"zaislas-vista-30-cm","status":"publish","type":"product","link":"https:\/\/duckdeco.lt\/en\/product\/zaislas-vista-30-cm\/","title":{"rendered":"Toy chicken 30 cm"},"content":{"rendered":"<ul>\n<li>Linksmas \u017eaislas pliu\u0161in\u0117 vi\u0161ta, nuotaikai pakelti.<\/li>\n<li>Med\u017eiaga \u2013 poliesteris.<\/li>\n<li>Skalbti 30 laipsni\u0173 temperat\u016broje.<\/li>\n<\/ul>","protected":false},"excerpt":{"rendered":"<p>Linksmas \u017eaislas pliu\u0161in\u0117 vi\u0161ta, nuotaikai pakelti. Med\u017eiaga \u2013 poliesteris. Skalbti 30 laipsni\u0173 temperat\u016broje.<\/p>","protected":false},"featured_media":11331,"template":"","meta":{"_monsterinsights_skip_tracking":false,"_monsterinsights_sitenote_active":false,"_monsterinsights_sitenote_note":"","_monsterinsights_sitenote_category":0},"product_brand":[],"product_cat":[103,119],"product_tag":[369,367,371,328],"class_list":{"0":"post-11330","1":"product","2":"type-product","3":"status-publish","4":"has-post-thumbnail","6":"product_cat-dovanu-idejos","7":"product_cat-minksti-zaislai","8":"product_tag-dovanos-vaikams","9":"product_tag-minkstas-zaislas","10":"product_tag-pliusine-vista","11":"product_tag-vaiku-kambario-aksesuarai","13":"first","14":"outofstock","15":"taxable","16":"shipping-taxable","17":"purchasable","18":"product-type-simple"},"_links":{"self":[{"href":"https:\/\/duckdeco.lt\/en\/wp-json\/wp\/v2\/product\/11330","targetHints":{"allow":["GET"]}}],"collection":[{"href":"https:\/\/duckdeco.lt\/en\/wp-json\/wp\/v2\/product"}],"about":[{"href":"https:\/\/duckdeco.lt\/en\/wp-json\/wp\/v2\/types\/product"}],"version-history":[{"count":3,"href":"https:\/\/duckdeco.lt\/en\/wp-json\/wp\/v2\/product\/11330\/revisions"}],"predecessor-version":[{"id":14874,"href":"https:\/\/duckdeco.lt\/en\/wp-json\/wp\/v2\/product\/11330\/revisions\/14874"}],"wp:featuredmedia":[{"embeddable":true,"href":"https:\/\/duckdeco.lt\/en\/wp-json\/wp\/v2\/media\/11331"}],"wp:attachment":[{"href":"https:\/\/duckdeco.lt\/en\/wp-json\/wp\/v2\/media?parent=11330"}],"wp:term":[{"taxonomy":"product_brand","embeddable":true,"href":"https:\/\/duckdeco.lt\/en\/wp-json\/wp\/v2\/product_brand?post=11330"},{"taxonomy":"product_cat","embeddable":true,"href":"https:\/\/duckdeco.lt\/en\/wp-json\/wp\/v2\/product_cat?post=11330"},{"taxonomy":"product_tag","embeddable":true,"href":"https:\/\/duckdeco.lt\/en\/wp-json\/wp\/v2\/product_tag?post=11330"}],"curies":[{"name":"wp","href":"https:\/\/api.w.org\/{rel}","templated":true}]}}