{"id":11934,"date":"2024-04-11T13:01:25","date_gmt":"2024-04-11T13:01:25","guid":{"rendered":"https:\/\/duckdeco.com\/?post_type=product&#038;p=11934"},"modified":"2026-01-12T13:06:05","modified_gmt":"2026-01-12T11:06:05","slug":"minkstas-zaislaselnias","status":"publish","type":"product","link":"https:\/\/duckdeco.lt\/en\/product\/minkstas-zaislaselnias\/","title":{"rendered":"Mink\u0161tas \u017eaislas \u201eBriedis\u201c"},"content":{"rendered":"<ul>\n<li>Ie\u0161kote dovanos? o gal norite nud\u017eiuginti savo vaikus? Mink\u0161tas &#8211; mielas gyv\u016bn\u0117lis gali tapti puikiu draugu, pagalbininku miego metu, bei jaukiu nam\u0173 aksesuaru.<\/li>\n<li>Spalva: ruda.<\/li>\n<li>Sud\u0117tis: medviln\u0117, linas, poliesteris.<\/li>\n<li>Galima skalbti rankomis 30 \u00b0.<\/li>\n<\/ul>\n<table style=\"height: 71px;\" width=\"446\">\n<tbody>\n<tr>\n<td width=\"91\">I\u0161matavimai: Ilgis 23 cm \/ Plotis 20 cm \/ Auk\u0161tis 23 cm.<\/td>\n<\/tr>\n<\/tbody>\n<\/table>\n<p>&nbsp;<\/p>","protected":false},"excerpt":{"rendered":"<p>Ie\u0161kote dovanos? o gal norite nud\u017eiuginti savo vaikus? Mink\u0161tas &#8211; mielas gyv\u016bn\u0117lis gali tapti puikiu draugu, pagalbininku miego metu, bei jaukiu nam\u0173 aksesuaru. Spalva: ruda. Sud\u0117tis: medviln\u0117, linas, poliesteris. Galima skalbti rankomis 30 \u00b0. I\u0161matavimai: Ilgis 23 cm \/ Plotis 20 cm \/ Auk\u0161tis 23 cm. &nbsp;<\/p>","protected":false},"featured_media":11935,"template":"","meta":{"_monsterinsights_skip_tracking":false,"_monsterinsights_sitenote_active":false,"_monsterinsights_sitenote_note":"","_monsterinsights_sitenote_category":0},"product_brand":[],"product_cat":[103,119],"product_tag":[369,367,370,328],"class_list":{"0":"post-11934","1":"product","2":"type-product","3":"status-publish","4":"has-post-thumbnail","6":"product_cat-dovanu-idejos","7":"product_cat-minksti-zaislai","8":"product_tag-dovanos-vaikams","9":"product_tag-minkstas-zaislas","10":"product_tag-pliusinis-briedis","11":"product_tag-vaiku-kambario-aksesuarai","13":"first","14":"outofstock","15":"taxable","16":"shipping-taxable","17":"purchasable","18":"product-type-simple"},"_links":{"self":[{"href":"https:\/\/duckdeco.lt\/en\/wp-json\/wp\/v2\/product\/11934","targetHints":{"allow":["GET"]}}],"collection":[{"href":"https:\/\/duckdeco.lt\/en\/wp-json\/wp\/v2\/product"}],"about":[{"href":"https:\/\/duckdeco.lt\/en\/wp-json\/wp\/v2\/types\/product"}],"version-history":[{"count":5,"href":"https:\/\/duckdeco.lt\/en\/wp-json\/wp\/v2\/product\/11934\/revisions"}],"predecessor-version":[{"id":14871,"href":"https:\/\/duckdeco.lt\/en\/wp-json\/wp\/v2\/product\/11934\/revisions\/14871"}],"wp:featuredmedia":[{"embeddable":true,"href":"https:\/\/duckdeco.lt\/en\/wp-json\/wp\/v2\/media\/11935"}],"wp:attachment":[{"href":"https:\/\/duckdeco.lt\/en\/wp-json\/wp\/v2\/media?parent=11934"}],"wp:term":[{"taxonomy":"product_brand","embeddable":true,"href":"https:\/\/duckdeco.lt\/en\/wp-json\/wp\/v2\/product_brand?post=11934"},{"taxonomy":"product_cat","embeddable":true,"href":"https:\/\/duckdeco.lt\/en\/wp-json\/wp\/v2\/product_cat?post=11934"},{"taxonomy":"product_tag","embeddable":true,"href":"https:\/\/duckdeco.lt\/en\/wp-json\/wp\/v2\/product_tag?post=11934"}],"curies":[{"name":"wp","href":"https:\/\/api.w.org\/{rel}","templated":true}]}}