{"id":11938,"date":"2024-04-11T13:40:14","date_gmt":"2024-04-11T13:40:14","guid":{"rendered":"https:\/\/duckdeco.com\/?post_type=product&#038;p=11938"},"modified":"2026-01-12T13:18:56","modified_gmt":"2026-01-12T11:18:56","slug":"minkstas-zaislas-elnias","status":"publish","type":"product","link":"https:\/\/duckdeco.lt\/en\/product\/minkstas-zaislas-elnias\/","title":{"rendered":"Mink\u0161tas \u017eaislas \u201eBriedis\u201c"},"content":{"rendered":"<ul>\n<li>Ie\u0161kote dovanos? o gal norite nud\u017eiuginti savo vaikus? Mink\u0161tas \u2013 mielas gyv\u016bn\u0117lis gali tapti puikiu draugu, pagalbininku miego metu, bei jaukiu nam\u0173 aksesuaru.<\/li>\n<li>Spalva: ruda<\/li>\n<li>Sud\u0117tis: medviln\u0117, linas, poliesteris<\/li>\n<li>Galima skalbti rankomis 30 \u00b0.<\/li>\n<\/ul>\n<table width=\"405\">\n<tbody>\n<tr>\n<td width=\"91\">I\u0161matavimai: Ilgis 28 cm \/ Plotis 25 cm \/ Auk\u0161tis 28 cm.<\/td>\n<\/tr>\n<\/tbody>\n<\/table>\n<p>&nbsp;<\/p>\n<p>&nbsp;<\/p>","protected":false},"excerpt":{"rendered":"<p>Ie\u0161kote dovanos? o gal norite nud\u017eiuginti savo vaikus? Mink\u0161tas \u2013 mielas gyv\u016bn\u0117lis gali tapti puikiu draugu, pagalbininku miego metu, bei jaukiu nam\u0173 aksesuaru. Spalva: ruda Sud\u0117tis: medviln\u0117, linas, poliesteris Galima skalbti rankomis 30 \u00b0. I\u0161matavimai: Ilgis 28 cm \/ Plotis 25 cm \/ Auk\u0161tis 28 cm. &nbsp; &nbsp;<\/p>","protected":false},"featured_media":11940,"template":"","meta":{"_monsterinsights_skip_tracking":false,"_monsterinsights_sitenote_active":false,"_monsterinsights_sitenote_note":"","_monsterinsights_sitenote_category":0},"product_brand":[],"product_cat":[103,119],"product_tag":[369,367,370,328],"class_list":{"0":"post-11938","1":"product","2":"type-product","3":"status-publish","4":"has-post-thumbnail","6":"product_cat-dovanu-idejos","7":"product_cat-minksti-zaislai","8":"product_tag-dovanos-vaikams","9":"product_tag-minkstas-zaislas","10":"product_tag-pliusinis-briedis","11":"product_tag-vaiku-kambario-aksesuarai","13":"first","14":"outofstock","15":"taxable","16":"shipping-taxable","17":"purchasable","18":"product-type-simple"},"_links":{"self":[{"href":"https:\/\/duckdeco.lt\/en\/wp-json\/wp\/v2\/product\/11938","targetHints":{"allow":["GET"]}}],"collection":[{"href":"https:\/\/duckdeco.lt\/en\/wp-json\/wp\/v2\/product"}],"about":[{"href":"https:\/\/duckdeco.lt\/en\/wp-json\/wp\/v2\/types\/product"}],"version-history":[{"count":5,"href":"https:\/\/duckdeco.lt\/en\/wp-json\/wp\/v2\/product\/11938\/revisions"}],"predecessor-version":[{"id":12094,"href":"https:\/\/duckdeco.lt\/en\/wp-json\/wp\/v2\/product\/11938\/revisions\/12094"}],"wp:featuredmedia":[{"embeddable":true,"href":"https:\/\/duckdeco.lt\/en\/wp-json\/wp\/v2\/media\/11940"}],"wp:attachment":[{"href":"https:\/\/duckdeco.lt\/en\/wp-json\/wp\/v2\/media?parent=11938"}],"wp:term":[{"taxonomy":"product_brand","embeddable":true,"href":"https:\/\/duckdeco.lt\/en\/wp-json\/wp\/v2\/product_brand?post=11938"},{"taxonomy":"product_cat","embeddable":true,"href":"https:\/\/duckdeco.lt\/en\/wp-json\/wp\/v2\/product_cat?post=11938"},{"taxonomy":"product_tag","embeddable":true,"href":"https:\/\/duckdeco.lt\/en\/wp-json\/wp\/v2\/product_tag?post=11938"}],"curies":[{"name":"wp","href":"https:\/\/api.w.org\/{rel}","templated":true}]}}