{"id":11943,"date":"2024-04-11T13:52:56","date_gmt":"2024-04-11T13:52:56","guid":{"rendered":"https:\/\/duckdeco.com\/?post_type=product&#038;p=11943"},"modified":"2024-12-04T12:16:07","modified_gmt":"2024-12-04T10:16:07","slug":"stiklo-paveikslas","status":"publish","type":"product","link":"https:\/\/duckdeco.lt\/en\/product\/stiklo-paveikslas\/","title":{"rendered":"Stiklo paveikslas \u201eGamta\u201c"},"content":{"rendered":"<ul>\n<li><span class=\"HwtZe\" lang=\"lt\"><span class=\"jCAhz ChMk0b\"><span class=\"ryNqvb\">Meno k\u016brinys sienai<\/span><\/span><\/span> sukuriantis ypating\u0105 atmosfer\u0105 d\u0117l aptakaus dizaino ir gra\u017eaus \u0161viesos \u017eaismo stikle.<\/li>\n<li><span class=\"HwtZe\" lang=\"lt\"><span class=\"jCAhz ChMk0b\"><span class=\"ryNqvb\">Auk\u0161ta stiklo kokyb\u0117 suteikia\u00a0 kri\u0161tolo skaidrumo vaizd\u0105 su gra\u017eiomis, \u0161iltomis spalvomis.<\/span><\/span><\/span><\/li>\n<li>Spalvin\u0117 gama leid\u017eia kiekvienam kambariui suteikti unikali\u0105 atmosfer\u0105.<\/li>\n<li>Paveikslas yra su pakabinimo sistema.<\/li>\n<li>Detal\u0117s: med\u017eiaga &#8211; gr\u016bdintas stiklas.<\/li>\n<\/ul>\n<table width=\"405\">\n<tbody>\n<tr>\n<td width=\"91\">I\u0161matavimai: Ilgis 120cm \/ Plotis 80 cm.<\/td>\n<\/tr>\n<\/tbody>\n<\/table>\n<p>&nbsp;<\/p>","protected":false},"excerpt":{"rendered":"<p>Meno k\u016brinys sienai sukuriantis ypating\u0105 atmosfer\u0105 d\u0117l aptakaus dizaino ir gra\u017eaus \u0161viesos \u017eaismo stikle. Auk\u0161ta stiklo kokyb\u0117 suteikia\u00a0 kri\u0161tolo skaidrumo vaizd\u0105 su gra\u017eiomis, \u0161iltomis spalvomis. Spalvin\u0117 gama leid\u017eia kiekvienam kambariui suteikti unikali\u0105 atmosfer\u0105. Paveikslas yra su pakabinimo sistema. Detal\u0117s: med\u017eiaga &#8211; gr\u016bdintas stiklas. I\u0161matavimai: Ilgis 120cm \/ Plotis 80 cm. &nbsp;<\/p>","protected":false},"featured_media":11944,"template":"","meta":{"_monsterinsights_skip_tracking":false,"_monsterinsights_sitenote_active":false,"_monsterinsights_sitenote_note":"","_monsterinsights_sitenote_category":0},"product_brand":[],"product_cat":[103,95,143],"product_tag":[342,334,337],"class_list":{"0":"post-11943","1":"product","2":"type-product","3":"status-publish","4":"has-post-thumbnail","6":"product_cat-dovanu-idejos","7":"product_cat-interjerui","8":"product_cat-paveikslai","9":"product_tag-modernus-paveikslas","10":"product_tag-sienu-dekoras","11":"product_tag-stiklo-tapyba","13":"first","14":"instock","15":"taxable","16":"shipping-taxable","17":"purchasable","18":"product-type-simple"},"_links":{"self":[{"href":"https:\/\/duckdeco.lt\/en\/wp-json\/wp\/v2\/product\/11943","targetHints":{"allow":["GET"]}}],"collection":[{"href":"https:\/\/duckdeco.lt\/en\/wp-json\/wp\/v2\/product"}],"about":[{"href":"https:\/\/duckdeco.lt\/en\/wp-json\/wp\/v2\/types\/product"}],"version-history":[{"count":4,"href":"https:\/\/duckdeco.lt\/en\/wp-json\/wp\/v2\/product\/11943\/revisions"}],"predecessor-version":[{"id":12282,"href":"https:\/\/duckdeco.lt\/en\/wp-json\/wp\/v2\/product\/11943\/revisions\/12282"}],"wp:featuredmedia":[{"embeddable":true,"href":"https:\/\/duckdeco.lt\/en\/wp-json\/wp\/v2\/media\/11944"}],"wp:attachment":[{"href":"https:\/\/duckdeco.lt\/en\/wp-json\/wp\/v2\/media?parent=11943"}],"wp:term":[{"taxonomy":"product_brand","embeddable":true,"href":"https:\/\/duckdeco.lt\/en\/wp-json\/wp\/v2\/product_brand?post=11943"},{"taxonomy":"product_cat","embeddable":true,"href":"https:\/\/duckdeco.lt\/en\/wp-json\/wp\/v2\/product_cat?post=11943"},{"taxonomy":"product_tag","embeddable":true,"href":"https:\/\/duckdeco.lt\/en\/wp-json\/wp\/v2\/product_tag?post=11943"}],"curies":[{"name":"wp","href":"https:\/\/api.w.org\/{rel}","templated":true}]}}