{"id":12123,"date":"2024-04-15T11:02:11","date_gmt":"2024-04-15T11:02:11","guid":{"rendered":"https:\/\/duckdeco.com\/?post_type=product&#038;p=12123"},"modified":"2024-12-02T15:20:09","modified_gmt":"2024-12-02T13:20:09","slug":"knygu-atrama","status":"publish","type":"product","link":"https:\/\/duckdeco.lt\/en\/product\/knygu-atrama\/","title":{"rendered":"Knyg\u0173 atrama"},"content":{"rendered":"<ul>\n<li>Klasikini\u0173 knyg\u0173 dizaino atrama &#8211; nereiks sukti galvos, ar der\u0117s prie interjero (nes tikrai der\u0117s). Galima atremti knygas lentynoje, kad negri\u016bt\u0173, galima naudoti kaip dekoratyvi\u0105 pakyl\u0105 fig\u016br\u0117lei, \u017evakidei ir pan.<\/li>\n<li>Tai gali b\u016bti gera ir prakti\u0161ka dovana knyg\u0173 myl\u0117tojui, taip pat\u00a0 naudingas daiktas, kur\u012f retas nusiperka pats sau. \u012eteikite kaip dovan\u0105 arba pasidovanokite sau.<\/li>\n<li>Details: material - polyresin.<\/li>\n<li>Spalva &#8211; tamsiai ruda.<\/li>\n<\/ul>\n<table width=\"405\">\n<tbody>\n<tr>\n<td width=\"91\">I\u0161matavimai: Ilgis 15 cm \/ Plotis 12 cm \/ Auk\u0161tis 20 cm.<\/td>\n<\/tr>\n<\/tbody>\n<\/table>\n<p>&nbsp;<\/p>","protected":false},"excerpt":{"rendered":"<p>Klasikini\u0173 knyg\u0173 dizaino atrama &#8211; nereiks sukti galvos, ar der\u0117s prie interjero (nes tikrai der\u0117s). Galima atremti knygas lentynoje, kad negri\u016bt\u0173, galima naudoti kaip dekoratyvi\u0105 pakyl\u0105 fig\u016br\u0117lei, \u017evakidei ir pan. Tai gali b\u016bti gera ir prakti\u0161ka dovana knyg\u0173 myl\u0117tojui, taip pat\u00a0 naudingas daiktas, kur\u012f retas nusiperka pats sau. \u012eteikite kaip dovan\u0105 arba pasidovanokite sau. Detal\u0117s: &hellip; <br \/><a href=\"https:\/\/duckdeco.lt\/en\/product\/knygu-atrama\/\" class=\"more-link\">Continue reading <span class=\"screen-reader-text\">Knyg\u0173 atrama<\/span><\/a><\/p>","protected":false},"featured_media":12124,"template":"","meta":{"_monsterinsights_skip_tracking":false,"_monsterinsights_sitenote_active":false,"_monsterinsights_sitenote_note":"","_monsterinsights_sitenote_category":0},"product_brand":[],"product_cat":[95],"product_tag":[],"class_list":{"0":"post-12123","1":"product","2":"type-product","3":"status-publish","4":"has-post-thumbnail","6":"product_cat-interjerui","8":"first","9":"instock","10":"taxable","11":"shipping-taxable","12":"purchasable","13":"product-type-simple"},"_links":{"self":[{"href":"https:\/\/duckdeco.lt\/en\/wp-json\/wp\/v2\/product\/12123","targetHints":{"allow":["GET"]}}],"collection":[{"href":"https:\/\/duckdeco.lt\/en\/wp-json\/wp\/v2\/product"}],"about":[{"href":"https:\/\/duckdeco.lt\/en\/wp-json\/wp\/v2\/types\/product"}],"version-history":[{"count":1,"href":"https:\/\/duckdeco.lt\/en\/wp-json\/wp\/v2\/product\/12123\/revisions"}],"predecessor-version":[{"id":12126,"href":"https:\/\/duckdeco.lt\/en\/wp-json\/wp\/v2\/product\/12123\/revisions\/12126"}],"wp:featuredmedia":[{"embeddable":true,"href":"https:\/\/duckdeco.lt\/en\/wp-json\/wp\/v2\/media\/12124"}],"wp:attachment":[{"href":"https:\/\/duckdeco.lt\/en\/wp-json\/wp\/v2\/media?parent=12123"}],"wp:term":[{"taxonomy":"product_brand","embeddable":true,"href":"https:\/\/duckdeco.lt\/en\/wp-json\/wp\/v2\/product_brand?post=12123"},{"taxonomy":"product_cat","embeddable":true,"href":"https:\/\/duckdeco.lt\/en\/wp-json\/wp\/v2\/product_cat?post=12123"},{"taxonomy":"product_tag","embeddable":true,"href":"https:\/\/duckdeco.lt\/en\/wp-json\/wp\/v2\/product_tag?post=12123"}],"curies":[{"name":"wp","href":"https:\/\/api.w.org\/{rel}","templated":true}]}}