{"id":12142,"date":"2024-04-15T12:19:41","date_gmt":"2024-04-15T12:19:41","guid":{"rendered":"https:\/\/duckdeco.com\/?post_type=product&#038;p=12142"},"modified":"2024-04-15T12:21:16","modified_gmt":"2024-04-15T12:21:16","slug":"vaza-rozinis-stiklas-l","status":"publish","type":"product","link":"https:\/\/duckdeco.lt\/en\/product\/vaza-rozinis-stiklas-l\/","title":{"rendered":"Vaza \u201eRo\u017einis stiklas\u201c L"},"content":{"rendered":"<ul>\n<li>Modernaus dizaino, cilindro formos vaza, taps puo\u0161mena kiekvienuose namuose.<\/li>\n<li>I\u0161laisvinkite vaizduot\u0119, kurkite \u012fvairias kompozicijas tiek su merkiamomis g\u0117l\u0117mis, ar sausomis \u0161akel\u0117mis.<\/li>\n<li>Detal\u0117s: med\u017eiaga \u2013 storas stiklas.<\/li>\n<li>Spalva \u2013 \u0161viesiai ro\u017ein\u0117.<\/li>\n<li>Svoris \u2013 6,51 kg.<br \/>\n<table width=\"405\">\n<tbody>\n<tr>\n<td width=\"91\">I\u0161matavimai: Ilgis 18 cm \/ Plotis 18 cm \/ Auk\u0161tis 75 cm.<\/td>\n<\/tr>\n<\/tbody>\n<\/table>\n<p>&nbsp;<\/li>\n<\/ul>","protected":false},"excerpt":{"rendered":"<p>Modernaus dizaino, cilindro formos vaza, taps puo\u0161mena kiekvienuose namuose. I\u0161laisvinkite vaizduot\u0119, kurkite \u012fvairias kompozicijas tiek su merkiamomis g\u0117l\u0117mis, ar sausomis \u0161akel\u0117mis. Detal\u0117s: med\u017eiaga \u2013 storas stiklas. Spalva \u2013 \u0161viesiai ro\u017ein\u0117. Svoris \u2013 6,51 kg. I\u0161matavimai: Ilgis 18 cm \/ Plotis 18 cm \/ Auk\u0161tis 75 cm. &nbsp;<\/p>","protected":false},"featured_media":12143,"template":"","meta":{"_monsterinsights_skip_tracking":false,"_monsterinsights_sitenote_active":false,"_monsterinsights_sitenote_note":"","_monsterinsights_sitenote_category":0},"product_brand":[],"product_cat":[103,101],"product_tag":[],"class_list":{"0":"post-12142","1":"product","2":"type-product","3":"status-publish","4":"has-post-thumbnail","6":"product_cat-dovanu-idejos","7":"product_cat-vazos","9":"first","10":"instock","11":"taxable","12":"shipping-taxable","13":"purchasable","14":"product-type-simple"},"_links":{"self":[{"href":"https:\/\/duckdeco.lt\/en\/wp-json\/wp\/v2\/product\/12142","targetHints":{"allow":["GET"]}}],"collection":[{"href":"https:\/\/duckdeco.lt\/en\/wp-json\/wp\/v2\/product"}],"about":[{"href":"https:\/\/duckdeco.lt\/en\/wp-json\/wp\/v2\/types\/product"}],"version-history":[{"count":1,"href":"https:\/\/duckdeco.lt\/en\/wp-json\/wp\/v2\/product\/12142\/revisions"}],"predecessor-version":[{"id":12145,"href":"https:\/\/duckdeco.lt\/en\/wp-json\/wp\/v2\/product\/12142\/revisions\/12145"}],"wp:featuredmedia":[{"embeddable":true,"href":"https:\/\/duckdeco.lt\/en\/wp-json\/wp\/v2\/media\/12143"}],"wp:attachment":[{"href":"https:\/\/duckdeco.lt\/en\/wp-json\/wp\/v2\/media?parent=12142"}],"wp:term":[{"taxonomy":"product_brand","embeddable":true,"href":"https:\/\/duckdeco.lt\/en\/wp-json\/wp\/v2\/product_brand?post=12142"},{"taxonomy":"product_cat","embeddable":true,"href":"https:\/\/duckdeco.lt\/en\/wp-json\/wp\/v2\/product_cat?post=12142"},{"taxonomy":"product_tag","embeddable":true,"href":"https:\/\/duckdeco.lt\/en\/wp-json\/wp\/v2\/product_tag?post=12142"}],"curies":[{"name":"wp","href":"https:\/\/api.w.org\/{rel}","templated":true}]}}