{"id":12159,"date":"2024-04-15T13:29:18","date_gmt":"2024-04-15T13:29:18","guid":{"rendered":"https:\/\/duckdeco.com\/?post_type=product&#038;p=12159"},"modified":"2024-12-09T13:07:45","modified_gmt":"2024-12-09T11:07:45","slug":"12159","status":"publish","type":"product","link":"https:\/\/duckdeco.lt\/en\/product\/12159\/","title":{"rendered":"Balance bike &quot;Pink&quot;"},"content":{"rendered":"<ul>\n<li>Ie\u0161kote i\u0161skirtin\u0117s ir prakti\u0161kos dovanos? Ma\u017eiesiems patiks \u0161is mielas, vinta\u017einio stiliaus pastelin\u0117s spalvos balansinis dviratis, kuris turi skambut\u012f, pint\u0105 krep\u0161el\u012f ir j\u012f papildomai galima dekoruoti baltais ta\u0161kuotais lipdukais.<\/li>\n<li>\u0160is dviratis neturi pedal\u0173 ir tai duos tvirt\u0105 pagrind\u0105 vaikui, prie\u0161 mokantis va\u017eiuoti dvira\u010diu su pedalais. Vaikas \u012fgys lygsvaros laikymo, koordinacijos ir vairavimo pagrindus.<\/li>\n<li>Tai b\u016bt\u0173 puiki dovana 2-6 met\u0173 vaikui.<\/li>\n<li>Detal\u0117s: plieninis r\u0117mas, oda aptrauktos rankenos ir mink\u0161ta s\u0117dyn\u0117.<\/li>\n<li>Spalva &#8211; ro\u017ein\u0117.<\/li>\n<li>Svoris &#8211; 4,5 kg.<\/li>\n<\/ul>\n<p>&nbsp;<\/p>","protected":false},"excerpt":{"rendered":"<p>Ie\u0161kote i\u0161skirtin\u0117s ir prakti\u0161kos dovanos? Ma\u017eiesiems patiks \u0161is mielas, vinta\u017einio stiliaus pastelin\u0117s spalvos balansinis dviratis, kuris turi skambut\u012f, pint\u0105 krep\u0161el\u012f ir j\u012f papildomai galima dekoruoti baltais ta\u0161kuotais lipdukais. \u0160is dviratis neturi pedal\u0173 ir tai duos tvirt\u0105 pagrind\u0105 vaikui, prie\u0161 mokantis va\u017eiuoti dvira\u010diu su pedalais. Vaikas \u012fgys lygsvaros laikymo, koordinacijos ir vairavimo pagrindus. Tai b\u016bt\u0173 puiki &hellip; <br \/><a href=\"https:\/\/duckdeco.lt\/en\/product\/12159\/\" class=\"more-link\">Continue reading <span class=\"screen-reader-text\">Balance bike &quot;Pink&quot;<\/span><\/a><\/p>","protected":false},"featured_media":12162,"template":"","meta":{"_monsterinsights_skip_tracking":false,"_monsterinsights_sitenote_active":false,"_monsterinsights_sitenote_note":"","_monsterinsights_sitenote_category":0},"product_brand":[],"product_cat":[103,104],"product_tag":[400,369,402,401],"class_list":{"0":"post-12159","1":"product","2":"type-product","3":"status-publish","4":"has-post-thumbnail","6":"product_cat-dovanu-idejos","7":"product_cat-vaikams","8":"product_tag-balansinis-dviratis","9":"product_tag-dovanos-vaikams","10":"product_tag-dviratis-2-6-metu-vaikui","11":"product_tag-vaiku-lauko-zaislas","13":"first","14":"instock","15":"taxable","16":"shipping-taxable","17":"purchasable","18":"product-type-simple"},"_links":{"self":[{"href":"https:\/\/duckdeco.lt\/en\/wp-json\/wp\/v2\/product\/12159","targetHints":{"allow":["GET"]}}],"collection":[{"href":"https:\/\/duckdeco.lt\/en\/wp-json\/wp\/v2\/product"}],"about":[{"href":"https:\/\/duckdeco.lt\/en\/wp-json\/wp\/v2\/types\/product"}],"version-history":[{"count":3,"href":"https:\/\/duckdeco.lt\/en\/wp-json\/wp\/v2\/product\/12159\/revisions"}],"predecessor-version":[{"id":12239,"href":"https:\/\/duckdeco.lt\/en\/wp-json\/wp\/v2\/product\/12159\/revisions\/12239"}],"wp:featuredmedia":[{"embeddable":true,"href":"https:\/\/duckdeco.lt\/en\/wp-json\/wp\/v2\/media\/12162"}],"wp:attachment":[{"href":"https:\/\/duckdeco.lt\/en\/wp-json\/wp\/v2\/media?parent=12159"}],"wp:term":[{"taxonomy":"product_brand","embeddable":true,"href":"https:\/\/duckdeco.lt\/en\/wp-json\/wp\/v2\/product_brand?post=12159"},{"taxonomy":"product_cat","embeddable":true,"href":"https:\/\/duckdeco.lt\/en\/wp-json\/wp\/v2\/product_cat?post=12159"},{"taxonomy":"product_tag","embeddable":true,"href":"https:\/\/duckdeco.lt\/en\/wp-json\/wp\/v2\/product_tag?post=12159"}],"curies":[{"name":"wp","href":"https:\/\/api.w.org\/{rel}","templated":true}]}}