{"id":12213,"date":"2024-04-15T21:16:48","date_gmt":"2024-04-15T21:16:48","guid":{"rendered":"https:\/\/duckdeco.com\/?post_type=product&#038;p=12213"},"modified":"2025-12-30T13:30:40","modified_gmt":"2025-12-30T11:30:40","slug":"stiklo-zvakide","status":"publish","type":"product","link":"https:\/\/duckdeco.lt\/en\/product\/stiklo-zvakide\/","title":{"rendered":"Stiklo \u017evakid\u0117 \/ Ruda sm\u0117lio"},"content":{"rendered":"<ul>\n<li>Rudos sm\u0117lio spalvos stiklo \u017evakid\u0117.<\/li>\n<li>Interjero aksesuaras, kuris der\u0117s su \u012fvairi\u0173 spalv\u0173 cilindrin\u0117mis \u017evak\u0117mis.<\/li>\n<li>Derinkite su \u0161okoladin\u0117s rudos spalvos Rings \u017evake (link \u012f \u017evak\u0119).<\/li>\n<li>Sukurkite kompozicij\u0105 su keliomis skirtingo auk\u0161\u010dio \u017evak\u0117mis ir ja puo\u0161kite piet\u0173 stal\u0105, lentyn\u0105 ar \u017eidinio atbrail\u0105.<\/li>\n<li><\/li>\n<\/ul>\n<table style=\"height: 55px;\" width=\"544\">\n<tbody>\n<tr>\n<td width=\"91\">I\u0161matavimai:<\/p>\n<p>\u017dvakid\u0117s skersmuo 8,5 cm \/ auk\u0161tis 8,8 cm.<\/td>\n<\/tr>\n<\/tbody>\n<\/table>","protected":false},"excerpt":{"rendered":"<p>Rudos sm\u0117lio spalvos stiklo \u017evakid\u0117. Interjero aksesuaras, kuris der\u0117s su \u012fvairi\u0173 spalv\u0173 cilindrin\u0117mis \u017evak\u0117mis. Derinkite su \u0161okoladin\u0117s rudos spalvos Rings \u017evake (link \u012f \u017evak\u0119). Sukurkite kompozicij\u0105 su keliomis skirtingo auk\u0161\u010dio \u017evak\u0117mis ir ja puo\u0161kite piet\u0173 stal\u0105, lentyn\u0105 ar \u017eidinio atbrail\u0105. I\u0161matavimai: \u017dvakid\u0117s skersmuo 8,5 cm \/ auk\u0161tis 8,8 cm.<\/p>","protected":false},"featured_media":13027,"template":"","meta":{"_monsterinsights_skip_tracking":false,"_monsterinsights_sitenote_active":false,"_monsterinsights_sitenote_note":"","_monsterinsights_sitenote_category":0},"product_brand":[],"product_cat":[106,107],"product_tag":[],"class_list":{"0":"post-12213","1":"product","2":"type-product","3":"status-publish","4":"has-post-thumbnail","6":"product_cat-dekoras-sventems","7":"product_cat-stilingos-zvakides-zvakes","9":"first","10":"outofstock","11":"taxable","12":"shipping-taxable","13":"purchasable","14":"product-type-simple"},"_links":{"self":[{"href":"https:\/\/duckdeco.lt\/en\/wp-json\/wp\/v2\/product\/12213","targetHints":{"allow":["GET"]}}],"collection":[{"href":"https:\/\/duckdeco.lt\/en\/wp-json\/wp\/v2\/product"}],"about":[{"href":"https:\/\/duckdeco.lt\/en\/wp-json\/wp\/v2\/types\/product"}],"version-history":[{"count":2,"href":"https:\/\/duckdeco.lt\/en\/wp-json\/wp\/v2\/product\/12213\/revisions"}],"predecessor-version":[{"id":12215,"href":"https:\/\/duckdeco.lt\/en\/wp-json\/wp\/v2\/product\/12213\/revisions\/12215"}],"wp:featuredmedia":[{"embeddable":true,"href":"https:\/\/duckdeco.lt\/en\/wp-json\/wp\/v2\/media\/13027"}],"wp:attachment":[{"href":"https:\/\/duckdeco.lt\/en\/wp-json\/wp\/v2\/media?parent=12213"}],"wp:term":[{"taxonomy":"product_brand","embeddable":true,"href":"https:\/\/duckdeco.lt\/en\/wp-json\/wp\/v2\/product_brand?post=12213"},{"taxonomy":"product_cat","embeddable":true,"href":"https:\/\/duckdeco.lt\/en\/wp-json\/wp\/v2\/product_cat?post=12213"},{"taxonomy":"product_tag","embeddable":true,"href":"https:\/\/duckdeco.lt\/en\/wp-json\/wp\/v2\/product_tag?post=12213"}],"curies":[{"name":"wp","href":"https:\/\/api.w.org\/{rel}","templated":true}]}}