{"id":12240,"date":"2024-04-16T07:17:40","date_gmt":"2024-04-16T07:17:40","guid":{"rendered":"https:\/\/duckdeco.com\/?post_type=product&#038;p=12240"},"modified":"2026-01-12T13:31:45","modified_gmt":"2026-01-12T11:31:45","slug":"vaikiska-medine-kedute-liutukas","status":"publish","type":"product","link":"https:\/\/duckdeco.lt\/en\/product\/vaikiska-medine-kedute-liutukas\/","title":{"rendered":"Vaiki\u0161ka medin\u0117 k\u0117dut\u0117 \u201eLi\u016btukas\u201c"},"content":{"rendered":"<ul>\n<li><span class=\"HwtZe\" lang=\"lt\"><span class=\"jCAhz ChMk0b\"><span class=\"ryNqvb\">Spalvota, nuotaikinga vaiki\u0161ka medin\u0117 k\u0117dut\u0117 su gra\u017eiais rankomis rai\u017eytais motyvais. <\/span><\/span><\/span><\/li>\n<li><span class=\"HwtZe\" lang=\"lt\"><span class=\"jCAhz ChMk0b\"><span class=\"ryNqvb\">Stabili ir labai tvirta konstrukcija. <\/span><\/span><\/span><\/li>\n<li><span class=\"HwtZe\" lang=\"lt\"><span class=\"jCAhz ChMk0b\"><span class=\"ryNqvb\">Rank\u0173 darbo k\u0117dut\u0117 yra unikali, spalvos bei medienos nelygumai yra b\u016bdingi bruo\u017eai ir pabr\u0117\u017eia\u00a0 autenti\u0161kum\u0105.<br \/>\n<\/span><\/span><\/span><\/li>\n<li>Detal\u0117s: med\u017eiaga &#8211; vir\u0161\u016bklio mediena (<span class=\"HwtZe\" lang=\"lt\"><span class=\"jCAhz ChMk0b\"><span class=\"ryNqvb\">spygliuo\u010di\u0173\u00a0 r\u016b\u0161is). <\/span><\/span><\/span><\/li>\n<\/ul>\n<table width=\"405\">\n<tbody>\n<tr>\n<td width=\"91\">I\u0161matavimai: Skersmuo 35 cm \/ Auk\u0161tis 26 cm.<\/td>\n<\/tr>\n<\/tbody>\n<\/table>\n<p><span class=\"HwtZe\" lang=\"lt\"><span class=\"jCAhz ChMk0b\"><span class=\"ryNqvb\">\u00a0<\/span><\/span><\/span><\/p>","protected":false},"excerpt":{"rendered":"<p>Spalvota, nuotaikinga vaiki\u0161ka medin\u0117 k\u0117dut\u0117 su gra\u017eiais rankomis rai\u017eytais motyvais. Stabili ir labai tvirta konstrukcija. Rank\u0173 darbo k\u0117dut\u0117 yra unikali, spalvos bei medienos nelygumai yra b\u016bdingi bruo\u017eai ir pabr\u0117\u017eia\u00a0 autenti\u0161kum\u0105. Detal\u0117s: med\u017eiaga &#8211; vir\u0161\u016bklio mediena (spygliuo\u010di\u0173\u00a0 r\u016b\u0161is). I\u0161matavimai: Skersmuo 35 cm \/ Auk\u0161tis 26 cm. \u00a0<\/p>","protected":false},"featured_media":12241,"template":"","meta":{"_monsterinsights_skip_tracking":false,"_monsterinsights_sitenote_active":false,"_monsterinsights_sitenote_note":"","_monsterinsights_sitenote_category":0},"product_brand":[],"product_cat":[103,104],"product_tag":[369,399,394],"class_list":{"0":"post-12240","1":"product","2":"type-product","3":"status-publish","4":"has-post-thumbnail","6":"product_cat-dovanu-idejos","7":"product_cat-vaikams","8":"product_tag-dovanos-vaikams","9":"product_tag-kedute-liutukas","10":"product_tag-vaiku-kambario-baldai","12":"first","13":"outofstock","14":"taxable","15":"shipping-taxable","16":"purchasable","17":"product-type-simple"},"_links":{"self":[{"href":"https:\/\/duckdeco.lt\/en\/wp-json\/wp\/v2\/product\/12240","targetHints":{"allow":["GET"]}}],"collection":[{"href":"https:\/\/duckdeco.lt\/en\/wp-json\/wp\/v2\/product"}],"about":[{"href":"https:\/\/duckdeco.lt\/en\/wp-json\/wp\/v2\/types\/product"}],"version-history":[{"count":1,"href":"https:\/\/duckdeco.lt\/en\/wp-json\/wp\/v2\/product\/12240\/revisions"}],"predecessor-version":[{"id":12244,"href":"https:\/\/duckdeco.lt\/en\/wp-json\/wp\/v2\/product\/12240\/revisions\/12244"}],"wp:featuredmedia":[{"embeddable":true,"href":"https:\/\/duckdeco.lt\/en\/wp-json\/wp\/v2\/media\/12241"}],"wp:attachment":[{"href":"https:\/\/duckdeco.lt\/en\/wp-json\/wp\/v2\/media?parent=12240"}],"wp:term":[{"taxonomy":"product_brand","embeddable":true,"href":"https:\/\/duckdeco.lt\/en\/wp-json\/wp\/v2\/product_brand?post=12240"},{"taxonomy":"product_cat","embeddable":true,"href":"https:\/\/duckdeco.lt\/en\/wp-json\/wp\/v2\/product_cat?post=12240"},{"taxonomy":"product_tag","embeddable":true,"href":"https:\/\/duckdeco.lt\/en\/wp-json\/wp\/v2\/product_tag?post=12240"}],"curies":[{"name":"wp","href":"https:\/\/api.w.org\/{rel}","templated":true}]}}