{"id":12256,"date":"2024-04-16T10:06:54","date_gmt":"2024-04-16T10:06:54","guid":{"rendered":"https:\/\/duckdeco.com\/?post_type=product&#038;p=12256"},"modified":"2025-11-30T10:56:13","modified_gmt":"2025-11-30T08:56:13","slug":"butelio-kamstis-barokas","status":"publish","type":"product","link":"https:\/\/duckdeco.lt\/en\/product\/butelio-kamstis-barokas\/","title":{"rendered":"Butelio kam\u0161tis \u201eBarokas\u201c I \/ 2 vnt."},"content":{"rendered":"<ul>\n<li>Puo\u0161nus, baroko stiliaus butelio kam\u0161tis, suteikia galimyb\u0119 vien\u0105 kart atidarius g\u0117rim\u0105 juo m\u0117gautis ir v\u0117liau.<\/li>\n<li>Garantuoja profesional\u0173 vyno ir \u0161ampano buteli\u0173 u\u017edarym\u0105.<\/li>\n<li>Tvirta apvali galvut\u0117, trij\u0173 sluoksni\u0173 plastikiniai \u017eiedai, u\u017ebaigta eleganti\u0161ku dangteliu.<\/li>\n<li>Rinkin\u012f sudaro 2 vnt., puikiai tiks kaip dovana.<\/li>\n<li>Detal\u0117s: med\u017eiaga &#8211; aliuminis.<\/li>\n<\/ul>\n<table width=\"405\">\n<tbody>\n<tr>\n<td width=\"91\">I\u0161matavimai: Ilgis 3 cm \/ Plotis 3 cm \/ Auk\u0161tis 12 cm.<\/td>\n<\/tr>\n<\/tbody>\n<\/table>","protected":false},"excerpt":{"rendered":"<p>Puo\u0161nus, baroko stiliaus butelio kam\u0161tis, suteikia galimyb\u0119 vien\u0105 kart atidarius g\u0117rim\u0105 juo m\u0117gautis ir v\u0117liau. Garantuoja profesional\u0173 vyno ir \u0161ampano buteli\u0173 u\u017edarym\u0105. Tvirta apvali galvut\u0117, trij\u0173 sluoksni\u0173 plastikiniai \u017eiedai, u\u017ebaigta eleganti\u0161ku dangteliu. Rinkin\u012f sudaro 2 vnt., puikiai tiks kaip dovana. Detal\u0117s: med\u017eiaga &#8211; aliuminis. I\u0161matavimai: Ilgis 3 cm \/ Plotis 3 cm \/ Auk\u0161tis 12 &hellip; <br \/><a href=\"https:\/\/duckdeco.lt\/en\/product\/butelio-kamstis-barokas\/\" class=\"more-link\">Continue reading <span class=\"screen-reader-text\">Butelio kam\u0161tis \u201eBarokas\u201c I \/ 2 vnt.<\/span><\/a><\/p>","protected":false},"featured_media":12258,"template":"","meta":{"_monsterinsights_skip_tracking":false,"_monsterinsights_sitenote_active":false,"_monsterinsights_sitenote_note":"","_monsterinsights_sitenote_category":0},"product_brand":[],"product_cat":[103],"product_tag":[],"class_list":{"0":"post-12256","1":"product","2":"type-product","3":"status-publish","4":"has-post-thumbnail","6":"product_cat-dovanu-idejos","8":"first","9":"outofstock","10":"taxable","11":"shipping-taxable","12":"purchasable","13":"product-type-simple"},"_links":{"self":[{"href":"https:\/\/duckdeco.lt\/en\/wp-json\/wp\/v2\/product\/12256","targetHints":{"allow":["GET"]}}],"collection":[{"href":"https:\/\/duckdeco.lt\/en\/wp-json\/wp\/v2\/product"}],"about":[{"href":"https:\/\/duckdeco.lt\/en\/wp-json\/wp\/v2\/types\/product"}],"version-history":[{"count":7,"href":"https:\/\/duckdeco.lt\/en\/wp-json\/wp\/v2\/product\/12256\/revisions"}],"predecessor-version":[{"id":14989,"href":"https:\/\/duckdeco.lt\/en\/wp-json\/wp\/v2\/product\/12256\/revisions\/14989"}],"wp:featuredmedia":[{"embeddable":true,"href":"https:\/\/duckdeco.lt\/en\/wp-json\/wp\/v2\/media\/12258"}],"wp:attachment":[{"href":"https:\/\/duckdeco.lt\/en\/wp-json\/wp\/v2\/media?parent=12256"}],"wp:term":[{"taxonomy":"product_brand","embeddable":true,"href":"https:\/\/duckdeco.lt\/en\/wp-json\/wp\/v2\/product_brand?post=12256"},{"taxonomy":"product_cat","embeddable":true,"href":"https:\/\/duckdeco.lt\/en\/wp-json\/wp\/v2\/product_cat?post=12256"},{"taxonomy":"product_tag","embeddable":true,"href":"https:\/\/duckdeco.lt\/en\/wp-json\/wp\/v2\/product_tag?post=12256"}],"curies":[{"name":"wp","href":"https:\/\/api.w.org\/{rel}","templated":true}]}}