{"id":12274,"date":"2024-04-16T10:41:30","date_gmt":"2024-04-16T10:41:30","guid":{"rendered":"https:\/\/duckdeco.com\/?post_type=product&#038;p=12274"},"modified":"2024-12-04T12:14:42","modified_gmt":"2024-12-04T10:14:42","slug":"stiklo-paveikslas-moters-veidas","status":"publish","type":"product","link":"https:\/\/duckdeco.lt\/en\/product\/stiklo-paveikslas-moters-veidas\/","title":{"rendered":"Stiklo paveikslas \u201eMoters veidas\u201c"},"content":{"rendered":"<ul>\n<li><span class=\"HwtZe\" lang=\"lt\"><span class=\"jCAhz ChMk0b\"><span class=\"ryNqvb\">Meno k\u016brinys sienai<\/span><\/span><\/span> sukuriantis ypating\u0105 atmosfer\u0105 d\u0117l aptakaus dizaino ir gra\u017eaus \u0161viesos \u017eaismo stikle.<\/li>\n<li>Spalvin\u0117 gama leid\u017eia kiekvienam kambariui suteikti unikali\u0105 atmosfer\u0105.<\/li>\n<li><span class=\"HwtZe\" lang=\"lt\"><span class=\"jCAhz ChMk0b\"><span class=\"ryNqvb\">Auk\u0161ta stiklo kokyb\u0117 suteikia jums kri\u0161tolo skaidrumo vaizd\u0105 su gra\u017eiomis, \u0161iltomis m\u0117lynomis metalo spalvomis.\u00a0<\/span><\/span><\/span><\/li>\n<li>Paveikslas yra su pakabinimo sistema.<\/li>\n<li>Detal\u0117s: med\u017eiaga \u2013 gr\u016bdintas stiklas.<\/li>\n<\/ul>\n<table width=\"405\">\n<tbody>\n<tr>\n<td width=\"91\">I\u0161matavimai: Ilgis 120cm \/ Plotis 80 cm.<\/td>\n<\/tr>\n<\/tbody>\n<\/table>\n<p>&nbsp;<\/p>","protected":false},"excerpt":{"rendered":"<p>Meno k\u016brinys sienai sukuriantis ypating\u0105 atmosfer\u0105 d\u0117l aptakaus dizaino ir gra\u017eaus \u0161viesos \u017eaismo stikle. Spalvin\u0117 gama leid\u017eia kiekvienam kambariui suteikti unikali\u0105 atmosfer\u0105. Auk\u0161ta stiklo kokyb\u0117 suteikia jums kri\u0161tolo skaidrumo vaizd\u0105 su gra\u017eiomis, \u0161iltomis m\u0117lynomis metalo spalvomis.\u00a0 Paveikslas yra su pakabinimo sistema. Detal\u0117s: med\u017eiaga \u2013 gr\u016bdintas stiklas. I\u0161matavimai: Ilgis 120cm \/ Plotis 80 cm. &nbsp;<\/p>","protected":false},"featured_media":12280,"template":"","meta":{"_monsterinsights_skip_tracking":false,"_monsterinsights_sitenote_active":false,"_monsterinsights_sitenote_note":"","_monsterinsights_sitenote_category":0},"product_brand":[],"product_cat":[103,95,143],"product_tag":[342,334,337],"class_list":{"0":"post-12274","1":"product","2":"type-product","3":"status-publish","4":"has-post-thumbnail","6":"product_cat-dovanu-idejos","7":"product_cat-interjerui","8":"product_cat-paveikslai","9":"product_tag-modernus-paveikslas","10":"product_tag-sienu-dekoras","11":"product_tag-stiklo-tapyba","13":"first","14":"instock","15":"taxable","16":"shipping-taxable","17":"purchasable","18":"product-type-simple"},"_links":{"self":[{"href":"https:\/\/duckdeco.lt\/en\/wp-json\/wp\/v2\/product\/12274","targetHints":{"allow":["GET"]}}],"collection":[{"href":"https:\/\/duckdeco.lt\/en\/wp-json\/wp\/v2\/product"}],"about":[{"href":"https:\/\/duckdeco.lt\/en\/wp-json\/wp\/v2\/types\/product"}],"version-history":[{"count":1,"href":"https:\/\/duckdeco.lt\/en\/wp-json\/wp\/v2\/product\/12274\/revisions"}],"predecessor-version":[{"id":12278,"href":"https:\/\/duckdeco.lt\/en\/wp-json\/wp\/v2\/product\/12274\/revisions\/12278"}],"wp:featuredmedia":[{"embeddable":true,"href":"https:\/\/duckdeco.lt\/en\/wp-json\/wp\/v2\/media\/12280"}],"wp:attachment":[{"href":"https:\/\/duckdeco.lt\/en\/wp-json\/wp\/v2\/media?parent=12274"}],"wp:term":[{"taxonomy":"product_brand","embeddable":true,"href":"https:\/\/duckdeco.lt\/en\/wp-json\/wp\/v2\/product_brand?post=12274"},{"taxonomy":"product_cat","embeddable":true,"href":"https:\/\/duckdeco.lt\/en\/wp-json\/wp\/v2\/product_cat?post=12274"},{"taxonomy":"product_tag","embeddable":true,"href":"https:\/\/duckdeco.lt\/en\/wp-json\/wp\/v2\/product_tag?post=12274"}],"curies":[{"name":"wp","href":"https:\/\/api.w.org\/{rel}","templated":true}]}}