{"id":12306,"date":"2024-04-16T13:05:26","date_gmt":"2024-04-16T13:05:26","guid":{"rendered":"https:\/\/duckdeco.com\/?post_type=product&#038;p=12306"},"modified":"2026-01-14T15:44:55","modified_gmt":"2026-01-14T13:44:55","slug":"inkilas-sodo-namelis","status":"publish","type":"product","link":"https:\/\/duckdeco.lt\/en\/product\/inkilas-sodo-namelis\/","title":{"rendered":"Nest &quot;Garden House&quot;"},"content":{"rendered":"<ul>\n<li>Sukurtas ma\u017eiausiems pauk\u0161teliams, esant at\u0161iaurioms oro s\u0105lygoms suteikia pastog\u0119 ir apsaug\u0105 nuo pl\u0117\u0161r\u016bn\u0173.<\/li>\n<li>\u017daismingas sodybos akcentas, dovan\u0173 id\u0117ja naujakuriams ar pavasario \u0161ven\u010di\u0173 proga.<\/li>\n<li>Inkil\u0105 paprasta i\u0161valyti nu\u0117mus dugn\u0105, lengva pakabinti d\u0117l rakto skylut\u0117s tipo angos.<\/li>\n<li>Details: material - polyresin.<\/li>\n<\/ul>\n<table style=\"height: 46px;\" width=\"439\">\n<tbody>\n<tr>\n<td width=\"91\">I\u0161matavimai: Ilgis 13,4 cm \/ Plotis 13,9 cm \/ Auk\u0161tis 25.1 cm.<\/td>\n<\/tr>\n<\/tbody>\n<\/table>\n<p>&nbsp;<\/p>\n<p>&nbsp;<\/p>\n<p>&nbsp;<\/p>","protected":false},"excerpt":{"rendered":"<p>Sukurtas ma\u017eiausiems pauk\u0161teliams, esant at\u0161iaurioms oro s\u0105lygoms suteikia pastog\u0119 ir apsaug\u0105 nuo pl\u0117\u0161r\u016bn\u0173. \u017daismingas sodybos akcentas, dovan\u0173 id\u0117ja naujakuriams ar pavasario \u0161ven\u010di\u0173 proga. Inkil\u0105 paprasta i\u0161valyti nu\u0117mus dugn\u0105, lengva pakabinti d\u0117l rakto skylut\u0117s tipo angos. Detal\u0117s: med\u017eiaga &#8211; polirezinas. I\u0161matavimai: Ilgis 13,4 cm \/ Plotis 13,9 cm \/ Auk\u0161tis 25.1 cm. &nbsp; &nbsp; &nbsp;<\/p>","protected":false},"featured_media":12307,"template":"","meta":{"_monsterinsights_skip_tracking":false,"_monsterinsights_sitenote_active":false,"_monsterinsights_sitenote_note":"","_monsterinsights_sitenote_category":0},"product_brand":[],"product_cat":[103,53],"product_tag":[],"class_list":{"0":"post-12306","1":"product","2":"type-product","3":"status-publish","4":"has-post-thumbnail","6":"product_cat-dovanu-idejos","7":"product_cat-sub-category","9":"first","10":"outofstock","11":"taxable","12":"shipping-taxable","13":"purchasable","14":"product-type-simple"},"_links":{"self":[{"href":"https:\/\/duckdeco.lt\/en\/wp-json\/wp\/v2\/product\/12306","targetHints":{"allow":["GET"]}}],"collection":[{"href":"https:\/\/duckdeco.lt\/en\/wp-json\/wp\/v2\/product"}],"about":[{"href":"https:\/\/duckdeco.lt\/en\/wp-json\/wp\/v2\/types\/product"}],"version-history":[{"count":3,"href":"https:\/\/duckdeco.lt\/en\/wp-json\/wp\/v2\/product\/12306\/revisions"}],"predecessor-version":[{"id":13207,"href":"https:\/\/duckdeco.lt\/en\/wp-json\/wp\/v2\/product\/12306\/revisions\/13207"}],"wp:featuredmedia":[{"embeddable":true,"href":"https:\/\/duckdeco.lt\/en\/wp-json\/wp\/v2\/media\/12307"}],"wp:attachment":[{"href":"https:\/\/duckdeco.lt\/en\/wp-json\/wp\/v2\/media?parent=12306"}],"wp:term":[{"taxonomy":"product_brand","embeddable":true,"href":"https:\/\/duckdeco.lt\/en\/wp-json\/wp\/v2\/product_brand?post=12306"},{"taxonomy":"product_cat","embeddable":true,"href":"https:\/\/duckdeco.lt\/en\/wp-json\/wp\/v2\/product_cat?post=12306"},{"taxonomy":"product_tag","embeddable":true,"href":"https:\/\/duckdeco.lt\/en\/wp-json\/wp\/v2\/product_tag?post=12306"}],"curies":[{"name":"wp","href":"https:\/\/api.w.org\/{rel}","templated":true}]}}