{"id":12313,"date":"2024-04-16T13:45:17","date_gmt":"2024-04-16T13:45:17","guid":{"rendered":"https:\/\/duckdeco.com\/?post_type=product&#038;p=12313"},"modified":"2024-12-02T15:12:49","modified_gmt":"2024-12-02T13:12:49","slug":"led-zvakes-2-vnt","status":"publish","type":"product","link":"https:\/\/duckdeco.lt\/en\/product\/led-zvakes-2-vnt\/","title":{"rendered":"LED Candles 2 pcs."},"content":{"rendered":"<ul>\n<li><span class=\"HwtZe\" lang=\"lt\"><span class=\"jCAhz ChMk0b\"><span class=\"ryNqvb\">Ie\u0161kote jaukaus ap\u0161vietimo?<\/span><\/span> Tuomet pa\u017evelkite \u012f \u0161ias<\/span> \u017evakes i\u0161 <span class=\"HwtZe\" lang=\"lt\"><span class=\"jCAhz ChMk0b\"><span class=\"ryNqvb\">Anna&#8217;s Collection<\/span><\/span><\/span>, kurios turi liepsnos efekt\u0105, tod\u0117l atrodo kaip tikros.<\/li>\n<li><span class=\"HwtZe\" lang=\"lt\"><span class=\"jCAhz ChMk0b\"><span class=\"ryNqvb\">\u0160ios \u017evak\u0117s yra saugios naudoti, tod\u0117l galite lengvai jas naudoti nam\u0173 \u016bkiuose, kuriuose yra vaik\u0173.<\/span><\/span> <\/span><\/li>\n<li>Patogios, nes veikia pultelio pagalba. Reikalingos 2x AA tipo baterijos (\u012f komplekt\u0105 ne\u012feina).<\/li>\n<li>Komplekt\u0105 sudaro 2 \u017evak\u0117s.<\/li>\n<\/ul>\n<table width=\"405\">\n<tbody>\n<tr>\n<td width=\"91\">I\u0161matavimai: Ilgis 2,5 cm \/ Plotis 2,5 cm \/ Auk\u0161tis 23 cm.<\/td>\n<\/tr>\n<\/tbody>\n<\/table>\n<p>&nbsp;<\/p>\n<p><span class=\"HwtZe\" lang=\"lt\">\u00a0<\/span><\/p>","protected":false},"excerpt":{"rendered":"<p>Ie\u0161kote jaukaus ap\u0161vietimo? Tuomet pa\u017evelkite \u012f \u0161ias \u017evakes i\u0161 Anna&#8217;s Collection, kurios turi liepsnos efekt\u0105, tod\u0117l atrodo kaip tikros. \u0160ios \u017evak\u0117s yra saugios naudoti, tod\u0117l galite lengvai jas naudoti nam\u0173 \u016bkiuose, kuriuose yra vaik\u0173. Patogios, nes veikia pultelio pagalba. Reikalingos 2x AA tipo baterijos (\u012f komplekt\u0105 ne\u012feina). Komplekt\u0105 sudaro 2 \u017evak\u0117s. I\u0161matavimai: Ilgis 2,5 cm &hellip; <br \/><a href=\"https:\/\/duckdeco.lt\/en\/product\/led-zvakes-2-vnt\/\" class=\"more-link\">Continue reading <span class=\"screen-reader-text\">LED Candles 2 pcs.<\/span><\/a><\/p>","protected":false},"featured_media":12315,"template":"","meta":{"_monsterinsights_skip_tracking":false,"_monsterinsights_sitenote_active":false,"_monsterinsights_sitenote_note":"","_monsterinsights_sitenote_category":0},"product_brand":[],"product_cat":[106,144],"product_tag":[],"class_list":{"0":"post-12313","1":"product","2":"type-product","3":"status-publish","4":"has-post-thumbnail","6":"product_cat-dekoras-sventems","7":"product_cat-zvakes","9":"first","10":"instock","11":"taxable","12":"shipping-taxable","13":"purchasable","14":"product-type-simple"},"_links":{"self":[{"href":"https:\/\/duckdeco.lt\/en\/wp-json\/wp\/v2\/product\/12313","targetHints":{"allow":["GET"]}}],"collection":[{"href":"https:\/\/duckdeco.lt\/en\/wp-json\/wp\/v2\/product"}],"about":[{"href":"https:\/\/duckdeco.lt\/en\/wp-json\/wp\/v2\/types\/product"}],"version-history":[{"count":1,"href":"https:\/\/duckdeco.lt\/en\/wp-json\/wp\/v2\/product\/12313\/revisions"}],"predecessor-version":[{"id":12318,"href":"https:\/\/duckdeco.lt\/en\/wp-json\/wp\/v2\/product\/12313\/revisions\/12318"}],"wp:featuredmedia":[{"embeddable":true,"href":"https:\/\/duckdeco.lt\/en\/wp-json\/wp\/v2\/media\/12315"}],"wp:attachment":[{"href":"https:\/\/duckdeco.lt\/en\/wp-json\/wp\/v2\/media?parent=12313"}],"wp:term":[{"taxonomy":"product_brand","embeddable":true,"href":"https:\/\/duckdeco.lt\/en\/wp-json\/wp\/v2\/product_brand?post=12313"},{"taxonomy":"product_cat","embeddable":true,"href":"https:\/\/duckdeco.lt\/en\/wp-json\/wp\/v2\/product_cat?post=12313"},{"taxonomy":"product_tag","embeddable":true,"href":"https:\/\/duckdeco.lt\/en\/wp-json\/wp\/v2\/product_tag?post=12313"}],"curies":[{"name":"wp","href":"https:\/\/api.w.org\/{rel}","templated":true}]}}