{"id":12363,"date":"2024-04-17T06:42:38","date_gmt":"2024-04-17T06:42:38","guid":{"rendered":"https:\/\/duckdeco.com\/?post_type=product&#038;p=12363"},"modified":"2025-11-10T15:48:57","modified_gmt":"2025-11-10T13:48:57","slug":"batu-saukstas-elnias","status":"publish","type":"product","link":"https:\/\/duckdeco.lt\/en\/product\/batu-saukstas-elnias\/","title":{"rendered":"Deer Shoe Spoon"},"content":{"rendered":"<ul>\n<li>Patogus ir puo\u0161nus bat\u0173 \u0161auk\u0161tas. Vir\u0161\u016bn\u0117l\u0117 dekoruota simboline elnio galva.<\/li>\n<li>Puikiai tiks kaip naudinga dovana vyrui, uo\u0161viui ir kt., kuri\u0105 galima i\u0161graviruoti, arba tarnaus kaip naudingas bei i\u0161skirtinis nam\u0173 elementas, kurio nereikia sl\u0117pti stal\u010diuje.<\/li>\n<li>Detal\u0117s: aliuminis.<br \/>\n<table width=\"405\">\n<tbody>\n<tr>\n<td width=\"91\">I\u0161matavimai: Auk\u0161tis 52,5 cm.<\/td>\n<\/tr>\n<\/tbody>\n<\/table>\n<\/li>\n<\/ul>","protected":false},"excerpt":{"rendered":"<p>Patogus ir puo\u0161nus bat\u0173 \u0161auk\u0161tas. Vir\u0161\u016bn\u0117l\u0117 dekoruota simboline elnio galva. Puikiai tiks kaip naudinga dovana vyrui, uo\u0161viui ir kt., kuri\u0105 galima i\u0161graviruoti, arba tarnaus kaip naudingas bei i\u0161skirtinis nam\u0173 elementas, kurio nereikia sl\u0117pti stal\u010diuje. Detal\u0117s: aliuminis. I\u0161matavimai: Auk\u0161tis 52,5 cm.<\/p>","protected":false},"featured_media":12375,"template":"","meta":{"_monsterinsights_skip_tracking":false,"_monsterinsights_sitenote_active":false,"_monsterinsights_sitenote_note":"","_monsterinsights_sitenote_category":0},"product_brand":[],"product_cat":[103,95],"product_tag":[],"class_list":{"0":"post-12363","1":"product","2":"type-product","3":"status-publish","4":"has-post-thumbnail","6":"product_cat-dovanu-idejos","7":"product_cat-interjerui","9":"first","10":"outofstock","11":"taxable","12":"shipping-taxable","13":"purchasable","14":"product-type-simple"},"_links":{"self":[{"href":"https:\/\/duckdeco.lt\/en\/wp-json\/wp\/v2\/product\/12363","targetHints":{"allow":["GET"]}}],"collection":[{"href":"https:\/\/duckdeco.lt\/en\/wp-json\/wp\/v2\/product"}],"about":[{"href":"https:\/\/duckdeco.lt\/en\/wp-json\/wp\/v2\/types\/product"}],"version-history":[{"count":2,"href":"https:\/\/duckdeco.lt\/en\/wp-json\/wp\/v2\/product\/12363\/revisions"}],"predecessor-version":[{"id":14781,"href":"https:\/\/duckdeco.lt\/en\/wp-json\/wp\/v2\/product\/12363\/revisions\/14781"}],"wp:featuredmedia":[{"embeddable":true,"href":"https:\/\/duckdeco.lt\/en\/wp-json\/wp\/v2\/media\/12375"}],"wp:attachment":[{"href":"https:\/\/duckdeco.lt\/en\/wp-json\/wp\/v2\/media?parent=12363"}],"wp:term":[{"taxonomy":"product_brand","embeddable":true,"href":"https:\/\/duckdeco.lt\/en\/wp-json\/wp\/v2\/product_brand?post=12363"},{"taxonomy":"product_cat","embeddable":true,"href":"https:\/\/duckdeco.lt\/en\/wp-json\/wp\/v2\/product_cat?post=12363"},{"taxonomy":"product_tag","embeddable":true,"href":"https:\/\/duckdeco.lt\/en\/wp-json\/wp\/v2\/product_tag?post=12363"}],"curies":[{"name":"wp","href":"https:\/\/api.w.org\/{rel}","templated":true}]}}