{"id":12390,"date":"2024-04-17T08:19:23","date_gmt":"2024-04-17T08:19:23","guid":{"rendered":"https:\/\/duckdeco.com\/?post_type=product&#038;p=12390"},"modified":"2024-12-09T10:44:05","modified_gmt":"2024-12-09T08:44:05","slug":"vaikiska-palapine-svajone","status":"publish","type":"product","link":"https:\/\/duckdeco.lt\/en\/product\/vaikiska-palapine-svajone\/","title":{"rendered":"Vaiki\u0161ka palapin\u0117 \u201eSvajon\u0117\u201c"},"content":{"rendered":"<ul>\n<li>Sukurkite smagi\u0105 vaik\u0173 \u017eaidim\u0173 zon\u0105. Palapin\u0117 vaikams leis susikurti miel\u0105 \u017eaidim\u0173 kampel\u012f. Ant mink\u0161to kilim\u0117lio bus smagu ir jauku \u017eaisti.<\/li>\n<li>\u0160i stilinga palapin\u0117 yra erdvi, puikiai tinka kambaryje, taip pat j\u0105 galite naudoti ir lauke.<\/li>\n<li>Palapin\u0119 galima papuo\u0161ti girliandomis, lemput\u0117mis ir kitais aksesuarais.<\/li>\n<li>Detal\u0117s: med\u017eiaga drob\u0117 (60% medviln\u0117 \/ 40% poliesteris); odiniai akcentai; medinis karkasas.<\/li>\n<li>Spalva &#8211; rausva.<\/li>\n<li>Skalbti rankomis 30\u00b0, sausas valymas.<\/li>\n<\/ul>\n<div id=\"short_description_content\" class=\"rte align_justify\">\n<table width=\"405\">\n<tbody>\n<tr>\n<td width=\"91\">I\u0161matavimai: Plotis 112 cm \/ Auk\u0161tis 140 cm.<\/td>\n<\/tr>\n<\/tbody>\n<\/table>\n<p>&nbsp;<\/p>\n<\/div>","protected":false},"excerpt":{"rendered":"<p>Sukurkite smagi\u0105 vaik\u0173 \u017eaidim\u0173 zon\u0105. Palapin\u0117 vaikams leis susikurti miel\u0105 \u017eaidim\u0173 kampel\u012f. Ant mink\u0161to kilim\u0117lio bus smagu ir jauku \u017eaisti. \u0160i stilinga palapin\u0117 yra erdvi, puikiai tinka kambaryje, taip pat j\u0105 galite naudoti ir lauke. Palapin\u0119 galima papuo\u0161ti girliandomis, lemput\u0117mis ir kitais aksesuarais. Detal\u0117s: med\u017eiaga drob\u0117 (60% medviln\u0117 \/ 40% poliesteris); odiniai akcentai; medinis karkasas. &hellip; <br \/><a href=\"https:\/\/duckdeco.lt\/en\/product\/vaikiska-palapine-svajone\/\" class=\"more-link\">Continue reading <span class=\"screen-reader-text\">Vaiki\u0161ka palapin\u0117 \u201eSvajon\u0117\u201c<\/span><\/a><\/p>","protected":false},"featured_media":12391,"template":"","meta":{"_monsterinsights_skip_tracking":false,"_monsterinsights_sitenote_active":false,"_monsterinsights_sitenote_note":"","_monsterinsights_sitenote_category":0},"product_brand":[],"product_cat":[103,120],"product_tag":[369,374,132],"class_list":{"0":"post-12390","1":"product","2":"type-product","3":"status-publish","4":"has-post-thumbnail","6":"product_cat-dovanu-idejos","7":"product_cat-palapines","8":"product_tag-dovanos-vaikams","9":"product_tag-vaikiska-palapine","10":"product_tag-vaiku-kambariui","12":"first","13":"instock","14":"taxable","15":"shipping-taxable","16":"purchasable","17":"product-type-simple"},"_links":{"self":[{"href":"https:\/\/duckdeco.lt\/en\/wp-json\/wp\/v2\/product\/12390","targetHints":{"allow":["GET"]}}],"collection":[{"href":"https:\/\/duckdeco.lt\/en\/wp-json\/wp\/v2\/product"}],"about":[{"href":"https:\/\/duckdeco.lt\/en\/wp-json\/wp\/v2\/types\/product"}],"version-history":[{"count":2,"href":"https:\/\/duckdeco.lt\/en\/wp-json\/wp\/v2\/product\/12390\/revisions"}],"predecessor-version":[{"id":12398,"href":"https:\/\/duckdeco.lt\/en\/wp-json\/wp\/v2\/product\/12390\/revisions\/12398"}],"wp:featuredmedia":[{"embeddable":true,"href":"https:\/\/duckdeco.lt\/en\/wp-json\/wp\/v2\/media\/12391"}],"wp:attachment":[{"href":"https:\/\/duckdeco.lt\/en\/wp-json\/wp\/v2\/media?parent=12390"}],"wp:term":[{"taxonomy":"product_brand","embeddable":true,"href":"https:\/\/duckdeco.lt\/en\/wp-json\/wp\/v2\/product_brand?post=12390"},{"taxonomy":"product_cat","embeddable":true,"href":"https:\/\/duckdeco.lt\/en\/wp-json\/wp\/v2\/product_cat?post=12390"},{"taxonomy":"product_tag","embeddable":true,"href":"https:\/\/duckdeco.lt\/en\/wp-json\/wp\/v2\/product_tag?post=12390"}],"curies":[{"name":"wp","href":"https:\/\/api.w.org\/{rel}","templated":true}]}}