{"id":12469,"date":"2024-04-18T06:56:57","date_gmt":"2024-04-18T06:56:57","guid":{"rendered":"https:\/\/duckdeco.com\/?post_type=product&#038;p=12469"},"modified":"2024-04-18T06:56:57","modified_gmt":"2024-04-18T06:56:57","slug":"zoles-grandiklis","status":"publish","type":"product","link":"https:\/\/duckdeco.lt\/en\/product\/zoles-grandiklis\/","title":{"rendered":"\u017dol\u0117s grandiklis"},"content":{"rendered":"<ul>\n<li>A\u0161tr\u016bs ner\u016bdijan\u010dio plieno si\u016bli\u0173 grandiklio kra\u0161tai idealiai tinka naikinti pikt\u017eoles tarp akmen\u0173, trinkeli\u0173 (pvz., va\u017eiuojamosios dalies) arba palei g\u0117lyn\u0173 kra\u0161tus.<\/li>\n<li>Samanas ant grindinio akmen\u0173 pavir\u0161iaus galima pa\u0161alinti plok\u0161\u010di\u0105ja si\u016bl\u0117s grandiklio puse. Be to, \u012frankis taip pat labai tinka rav\u0117ti puri\u0105 dirv\u0105 lysv\u0117se ir \/ ar pakeltose lysv\u0117se bei didesn\u0117se sodintuv\u0117se.<\/li>\n<li>Detal\u0117s: med\u017eiaga &#8211; ner\u016bdijantis plienas, rankena &#8211; uosis, pakabinimo kilpa &#8211; oda.<br \/>\n<table width=\"405\">\n<tbody>\n<tr>\n<td width=\"91\">I\u0161matavimai: Ilgis 26 cm \/ Plotis 7 cm<\/td>\n<\/tr>\n<\/tbody>\n<\/table>\n<p>&nbsp;<\/li>\n<\/ul>","protected":false},"excerpt":{"rendered":"<p>A\u0161tr\u016bs ner\u016bdijan\u010dio plieno si\u016bli\u0173 grandiklio kra\u0161tai idealiai tinka naikinti pikt\u017eoles tarp akmen\u0173, trinkeli\u0173 (pvz., va\u017eiuojamosios dalies) arba palei g\u0117lyn\u0173 kra\u0161tus. Samanas ant grindinio akmen\u0173 pavir\u0161iaus galima pa\u0161alinti plok\u0161\u010di\u0105ja si\u016bl\u0117s grandiklio puse. Be to, \u012frankis taip pat labai tinka rav\u0117ti puri\u0105 dirv\u0105 lysv\u0117se ir \/ ar pakeltose lysv\u0117se bei didesn\u0117se sodintuv\u0117se. Detal\u0117s: med\u017eiaga &#8211; ner\u016bdijantis plienas, &hellip; <br \/><a href=\"https:\/\/duckdeco.lt\/en\/product\/zoles-grandiklis\/\" class=\"more-link\">Continue reading <span class=\"screen-reader-text\">\u017dol\u0117s grandiklis<\/span><\/a><\/p>","protected":false},"featured_media":12470,"template":"","meta":{"_monsterinsights_skip_tracking":false,"_monsterinsights_sitenote_active":false,"_monsterinsights_sitenote_note":"","_monsterinsights_sitenote_category":0},"product_brand":[],"product_cat":[53],"product_tag":[],"class_list":{"0":"post-12469","1":"product","2":"type-product","3":"status-publish","4":"has-post-thumbnail","6":"product_cat-sub-category","8":"first","9":"instock","10":"taxable","11":"shipping-taxable","12":"purchasable","13":"product-type-simple"},"_links":{"self":[{"href":"https:\/\/duckdeco.lt\/en\/wp-json\/wp\/v2\/product\/12469","targetHints":{"allow":["GET"]}}],"collection":[{"href":"https:\/\/duckdeco.lt\/en\/wp-json\/wp\/v2\/product"}],"about":[{"href":"https:\/\/duckdeco.lt\/en\/wp-json\/wp\/v2\/types\/product"}],"version-history":[{"count":1,"href":"https:\/\/duckdeco.lt\/en\/wp-json\/wp\/v2\/product\/12469\/revisions"}],"predecessor-version":[{"id":12473,"href":"https:\/\/duckdeco.lt\/en\/wp-json\/wp\/v2\/product\/12469\/revisions\/12473"}],"wp:featuredmedia":[{"embeddable":true,"href":"https:\/\/duckdeco.lt\/en\/wp-json\/wp\/v2\/media\/12470"}],"wp:attachment":[{"href":"https:\/\/duckdeco.lt\/en\/wp-json\/wp\/v2\/media?parent=12469"}],"wp:term":[{"taxonomy":"product_brand","embeddable":true,"href":"https:\/\/duckdeco.lt\/en\/wp-json\/wp\/v2\/product_brand?post=12469"},{"taxonomy":"product_cat","embeddable":true,"href":"https:\/\/duckdeco.lt\/en\/wp-json\/wp\/v2\/product_cat?post=12469"},{"taxonomy":"product_tag","embeddable":true,"href":"https:\/\/duckdeco.lt\/en\/wp-json\/wp\/v2\/product_tag?post=12469"}],"curies":[{"name":"wp","href":"https:\/\/api.w.org\/{rel}","templated":true}]}}