{"id":12474,"date":"2024-04-18T08:12:03","date_gmt":"2024-04-18T08:12:03","guid":{"rendered":"https:\/\/duckdeco.com\/?post_type=product&#038;p=12474"},"modified":"2024-04-18T08:12:03","modified_gmt":"2024-04-18T08:12:03","slug":"mentele-ir-peilis","status":"publish","type":"product","link":"https:\/\/duckdeco.lt\/en\/product\/mentele-ir-peilis\/","title":{"rendered":"Mentel\u0117 ir peilis"},"content":{"rendered":"<ul>\n<li>Minimalistinio, bet eleganti\u0161ko stiliaus torto \u012franki\u0173 komplektas.<\/li>\n<li>Detal\u0117s: med\u017eiaga &#8211; ner\u016bdijantis plienas.<\/li>\n<li>Spalva &#8211; auksin\u0117.<\/li>\n<li>Neplauti indaplov\u0117j\u0117.<\/li>\n<\/ul>\n<table style=\"height: 57px;\" width=\"625\">\n<tbody>\n<tr>\n<td width=\"91\">I\u0161matavimai: Mentel\u0117 &#8211; Ilgis 24 cm \/ Plotis 6,50 cm \/ Auk\u0161tis 0,50 cm. Peilis &#8211; Ilgis 32 cm<\/p>\n<p>&nbsp;<\/td>\n<\/tr>\n<\/tbody>\n<\/table>\n<p>&nbsp;<\/p>","protected":false},"excerpt":{"rendered":"<p>Minimalistinio, bet eleganti\u0161ko stiliaus torto \u012franki\u0173 komplektas. Detal\u0117s: med\u017eiaga &#8211; ner\u016bdijantis plienas. Spalva &#8211; auksin\u0117. Neplauti indaplov\u0117j\u0117. I\u0161matavimai: Mentel\u0117 &#8211; Ilgis 24 cm \/ Plotis 6,50 cm \/ Auk\u0161tis 0,50 cm. Peilis &#8211; Ilgis 32 cm &nbsp; &nbsp;<\/p>","protected":false},"featured_media":12475,"template":"","meta":{"_monsterinsights_skip_tracking":false,"_monsterinsights_sitenote_active":false,"_monsterinsights_sitenote_note":"","_monsterinsights_sitenote_category":0},"product_brand":[],"product_cat":[109],"product_tag":[],"class_list":{"0":"post-12474","1":"product","2":"type-product","3":"status-publish","4":"has-post-thumbnail","6":"product_cat-serviravimo-indai","8":"first","9":"instock","10":"taxable","11":"shipping-taxable","12":"purchasable","13":"product-type-simple"},"_links":{"self":[{"href":"https:\/\/duckdeco.lt\/en\/wp-json\/wp\/v2\/product\/12474","targetHints":{"allow":["GET"]}}],"collection":[{"href":"https:\/\/duckdeco.lt\/en\/wp-json\/wp\/v2\/product"}],"about":[{"href":"https:\/\/duckdeco.lt\/en\/wp-json\/wp\/v2\/types\/product"}],"version-history":[{"count":1,"href":"https:\/\/duckdeco.lt\/en\/wp-json\/wp\/v2\/product\/12474\/revisions"}],"predecessor-version":[{"id":12476,"href":"https:\/\/duckdeco.lt\/en\/wp-json\/wp\/v2\/product\/12474\/revisions\/12476"}],"wp:featuredmedia":[{"embeddable":true,"href":"https:\/\/duckdeco.lt\/en\/wp-json\/wp\/v2\/media\/12475"}],"wp:attachment":[{"href":"https:\/\/duckdeco.lt\/en\/wp-json\/wp\/v2\/media?parent=12474"}],"wp:term":[{"taxonomy":"product_brand","embeddable":true,"href":"https:\/\/duckdeco.lt\/en\/wp-json\/wp\/v2\/product_brand?post=12474"},{"taxonomy":"product_cat","embeddable":true,"href":"https:\/\/duckdeco.lt\/en\/wp-json\/wp\/v2\/product_cat?post=12474"},{"taxonomy":"product_tag","embeddable":true,"href":"https:\/\/duckdeco.lt\/en\/wp-json\/wp\/v2\/product_tag?post=12474"}],"curies":[{"name":"wp","href":"https:\/\/api.w.org\/{rel}","templated":true}]}}