{"id":12478,"date":"2024-04-18T08:39:03","date_gmt":"2024-04-18T08:39:03","guid":{"rendered":"https:\/\/duckdeco.com\/?post_type=product&#038;p=12478"},"modified":"2026-01-14T15:47:59","modified_gmt":"2026-01-14T13:47:59","slug":"inkilas-giliukas","status":"publish","type":"product","link":"https:\/\/duckdeco.lt\/en\/product\/inkilas-giliukas\/","title":{"rendered":"Inkilas \u201eGiliukas\u201c"},"content":{"rendered":"<ul>\n<li>I\u0161kirtinio dizaino medinis inkilas &#8222;Giliukas&#8221; taps patogia ir saugia u\u017euov\u0117ja pauk\u0161\u010diams. Vasar\u0105 ar ruden\u012f i\u0161keltas inkilas gali tapti likusi\u0173 \u017eiemoti pauk\u0161teli\u0173 namais.<\/li>\n<li>Inkiliukas specialiai sukurtas \u017evirblini\u0173 pauk\u0161\u010di\u0173 b\u016brio pauk\u0161\u010diams &#8211; paprastosioms karietait\u0117ms bei kitiems pana\u0161aus dyd\u017eio pauk\u0161teliams.<\/li>\n<li>Pasir\u016bpinkime pauk\u0161teliais ir pad\u0117kime jiems sukurti jaukius namus!<\/li>\n<li>Detal\u0117s: med\u017eiaga &#8211; FSC sertifikuota mediena.<\/li>\n<li>Norint i\u0161valyti inkiliuk\u0105 galima nukelti vir\u0161utin\u012f dangtel\u012f.<\/li>\n<\/ul>\n<table style=\"height: 58px;\" width=\"436\">\n<tbody>\n<tr>\n<td width=\"91\">I\u0161matavimai: Ilgis 13,9 cm \/ Plotis 13,9 cm \/ Auk\u0161tis 25,3 cm.<\/td>\n<\/tr>\n<\/tbody>\n<\/table>\n<p>&nbsp;<\/p>","protected":false},"excerpt":{"rendered":"<p>I\u0161kirtinio dizaino medinis inkilas &#8222;Giliukas&#8221; taps patogia ir saugia u\u017euov\u0117ja pauk\u0161\u010diams. Vasar\u0105 ar ruden\u012f i\u0161keltas inkilas gali tapti likusi\u0173 \u017eiemoti pauk\u0161teli\u0173 namais. Inkiliukas specialiai sukurtas \u017evirblini\u0173 pauk\u0161\u010di\u0173 b\u016brio pauk\u0161\u010diams &#8211; paprastosioms karietait\u0117ms bei kitiems pana\u0161aus dyd\u017eio pauk\u0161teliams. Pasir\u016bpinkime pauk\u0161teliais ir pad\u0117kime jiems sukurti jaukius namus! Detal\u0117s: med\u017eiaga &#8211; FSC sertifikuota mediena. Norint i\u0161valyti inkiliuk\u0105 galima &hellip; <br \/><a href=\"https:\/\/duckdeco.lt\/en\/product\/inkilas-giliukas\/\" class=\"more-link\">Continue reading <span class=\"screen-reader-text\">Inkilas \u201eGiliukas\u201c<\/span><\/a><\/p>","protected":false},"featured_media":12485,"template":"","meta":{"_monsterinsights_skip_tracking":false,"_monsterinsights_sitenote_active":false,"_monsterinsights_sitenote_note":"","_monsterinsights_sitenote_category":0},"product_brand":[],"product_cat":[103,53],"product_tag":[],"class_list":{"0":"post-12478","1":"product","2":"type-product","3":"status-publish","4":"has-post-thumbnail","6":"product_cat-dovanu-idejos","7":"product_cat-sub-category","9":"first","10":"outofstock","11":"taxable","12":"shipping-taxable","13":"purchasable","14":"product-type-simple"},"_links":{"self":[{"href":"https:\/\/duckdeco.lt\/en\/wp-json\/wp\/v2\/product\/12478","targetHints":{"allow":["GET"]}}],"collection":[{"href":"https:\/\/duckdeco.lt\/en\/wp-json\/wp\/v2\/product"}],"about":[{"href":"https:\/\/duckdeco.lt\/en\/wp-json\/wp\/v2\/types\/product"}],"version-history":[{"count":1,"href":"https:\/\/duckdeco.lt\/en\/wp-json\/wp\/v2\/product\/12478\/revisions"}],"predecessor-version":[{"id":12484,"href":"https:\/\/duckdeco.lt\/en\/wp-json\/wp\/v2\/product\/12478\/revisions\/12484"}],"wp:featuredmedia":[{"embeddable":true,"href":"https:\/\/duckdeco.lt\/en\/wp-json\/wp\/v2\/media\/12485"}],"wp:attachment":[{"href":"https:\/\/duckdeco.lt\/en\/wp-json\/wp\/v2\/media?parent=12478"}],"wp:term":[{"taxonomy":"product_brand","embeddable":true,"href":"https:\/\/duckdeco.lt\/en\/wp-json\/wp\/v2\/product_brand?post=12478"},{"taxonomy":"product_cat","embeddable":true,"href":"https:\/\/duckdeco.lt\/en\/wp-json\/wp\/v2\/product_cat?post=12478"},{"taxonomy":"product_tag","embeddable":true,"href":"https:\/\/duckdeco.lt\/en\/wp-json\/wp\/v2\/product_tag?post=12478"}],"curies":[{"name":"wp","href":"https:\/\/api.w.org\/{rel}","templated":true}]}}