{"id":12519,"date":"2024-04-18T11:49:38","date_gmt":"2024-04-18T11:49:38","guid":{"rendered":"https:\/\/duckdeco.com\/?post_type=product&#038;p=12519"},"modified":"2025-11-17T14:44:50","modified_gmt":"2025-11-17T12:44:50","slug":"pintas-krepsys","status":"publish","type":"product","link":"https:\/\/duckdeco.lt\/en\/product\/pintas-krepsys\/","title":{"rendered":"Pintas krep\u0161ys"},"content":{"rendered":"<ul>\n<li>D\u0117l tvirtos, bet lanks\u010dios konstrukcijos krep\u0161iai yra be galo universal\u016bs, puikiai tinkantys skalbiniams, daiktams laikyti bei transportuoti.<\/li>\n<li><span class=\"HwtZe\" lang=\"lt\"><span class=\"jCAhz ChMk0b\"><span class=\"ryNqvb\">\u0160ie gaminiai yra rank\u0173 darbo, tod\u0117l skirting\u0173 krep\u0161eli\u0173 matmenys gali \u0161iek tiek skirtis.<\/span><\/span><\/span><\/li>\n<li>Detal\u0117s: med\u017eiaga &#8211; j\u016bros \u017eol\u0117.<\/li>\n<li>Spalva &#8211; nat\u016brali ruda.<br \/>\n<table style=\"height: 49px;\" width=\"607\">\n<tbody>\n<tr>\n<td width=\"91\">I\u0161matavimai: Ilgis 40 cm \/ Plotis 34 cm \/ Auk\u0161tis 48 cm \/ Skersmuo 25 cm \/ Talpa 20 l.<\/td>\n<\/tr>\n<\/tbody>\n<\/table>\n<p>&nbsp;<\/li>\n<\/ul>","protected":false},"excerpt":{"rendered":"<p>D\u0117l tvirtos, bet lanks\u010dios konstrukcijos krep\u0161iai yra be galo universal\u016bs, puikiai tinkantys skalbiniams, daiktams laikyti bei transportuoti. \u0160ie gaminiai yra rank\u0173 darbo, tod\u0117l skirting\u0173 krep\u0161eli\u0173 matmenys gali \u0161iek tiek skirtis. Detal\u0117s: med\u017eiaga &#8211; j\u016bros \u017eol\u0117. Spalva &#8211; nat\u016brali ruda. I\u0161matavimai: Ilgis 40 cm \/ Plotis 34 cm \/ Auk\u0161tis 48 cm \/ Skersmuo 25 cm &hellip; <br \/><a href=\"https:\/\/duckdeco.lt\/en\/product\/pintas-krepsys\/\" class=\"more-link\">Continue reading <span class=\"screen-reader-text\">Pintas krep\u0161ys<\/span><\/a><\/p>","protected":false},"featured_media":12531,"template":"","meta":{"_monsterinsights_skip_tracking":false,"_monsterinsights_sitenote_active":false,"_monsterinsights_sitenote_note":"","_monsterinsights_sitenote_category":0},"product_brand":[],"product_cat":[95],"product_tag":[],"class_list":{"0":"post-12519","1":"product","2":"type-product","3":"status-publish","4":"has-post-thumbnail","6":"product_cat-interjerui","8":"first","9":"outofstock","10":"taxable","11":"shipping-taxable","12":"purchasable","13":"product-type-simple"},"_links":{"self":[{"href":"https:\/\/duckdeco.lt\/en\/wp-json\/wp\/v2\/product\/12519","targetHints":{"allow":["GET"]}}],"collection":[{"href":"https:\/\/duckdeco.lt\/en\/wp-json\/wp\/v2\/product"}],"about":[{"href":"https:\/\/duckdeco.lt\/en\/wp-json\/wp\/v2\/types\/product"}],"version-history":[{"count":1,"href":"https:\/\/duckdeco.lt\/en\/wp-json\/wp\/v2\/product\/12519\/revisions"}],"predecessor-version":[{"id":12523,"href":"https:\/\/duckdeco.lt\/en\/wp-json\/wp\/v2\/product\/12519\/revisions\/12523"}],"wp:featuredmedia":[{"embeddable":true,"href":"https:\/\/duckdeco.lt\/en\/wp-json\/wp\/v2\/media\/12531"}],"wp:attachment":[{"href":"https:\/\/duckdeco.lt\/en\/wp-json\/wp\/v2\/media?parent=12519"}],"wp:term":[{"taxonomy":"product_brand","embeddable":true,"href":"https:\/\/duckdeco.lt\/en\/wp-json\/wp\/v2\/product_brand?post=12519"},{"taxonomy":"product_cat","embeddable":true,"href":"https:\/\/duckdeco.lt\/en\/wp-json\/wp\/v2\/product_cat?post=12519"},{"taxonomy":"product_tag","embeddable":true,"href":"https:\/\/duckdeco.lt\/en\/wp-json\/wp\/v2\/product_tag?post=12519"}],"curies":[{"name":"wp","href":"https:\/\/api.w.org\/{rel}","templated":true}]}}