{"id":12550,"date":"2024-04-18T13:36:33","date_gmt":"2024-04-18T13:36:33","guid":{"rendered":"https:\/\/duckdeco.com\/?post_type=product&#038;p=12550"},"modified":"2026-03-10T15:56:05","modified_gmt":"2026-03-10T13:56:05","slug":"spalvotu-taureliu-rinkinys","status":"publish","type":"product","link":"https:\/\/duckdeco.lt\/en\/product\/spalvotu-taureliu-rinkinys\/","title":{"rendered":"A set of colored cups"},"content":{"rendered":"<ul>\n<li>\u0160e\u0161ios skirting\u0173 spalv\u0173 bei form\u0173 rankomis p\u016bstos taurel\u0117s, kuri\u0173 <span class=\"HwtZe\" lang=\"lt\"><span class=\"jCAhz ChMk0b\"><span class=\"ryNqvb\">kiekviena detal\u0117 originali, <\/span><\/span>sukurs jauki\u0105 atmosfer\u0105, tiks \u012fvairi\u0173 g\u0117rim\u0173 degustacijai.<\/span><\/li>\n<li>\u00a0\u012evairi\u0173 form\u0173, purpurin\u0117s, m\u0117lynos, d\u016bmin\u0117s, gintarin\u0117s, \u017ealios ir geltonos spalv\u0173 taurel\u0117s talpina nuo 2,5 cl iki 5 cl. Auk\u0161tis 16 cm.<\/li>\n<li><span class=\"HwtZe\" lang=\"lt\"><span class=\"jCAhz ChMk0b\"><span class=\"ryNqvb\">Galima plauti indaplov\u0117je.<br \/>\n<\/span><\/span><\/span><\/li>\n<\/ul>","protected":false},"excerpt":{"rendered":"<p>\u0160e\u0161ios skirting\u0173 spalv\u0173 bei form\u0173 rankomis p\u016bstos taurel\u0117s, kuri\u0173 kiekviena detal\u0117 originali, sukurs jauki\u0105 atmosfer\u0105, tiks \u012fvairi\u0173 g\u0117rim\u0173 degustacijai. \u00a0\u012evairi\u0173 form\u0173, purpurin\u0117s, m\u0117lynos, d\u016bmin\u0117s, gintarin\u0117s, \u017ealios ir geltonos spalv\u0173 taurel\u0117s talpina nuo 2,5 cl iki 5 cl. Auk\u0161tis 16 cm. Galima plauti indaplov\u0117je.<\/p>","protected":false},"featured_media":12555,"template":"","meta":{"_monsterinsights_skip_tracking":false,"_monsterinsights_sitenote_active":false,"_monsterinsights_sitenote_note":"","_monsterinsights_sitenote_category":0},"product_brand":[],"product_cat":[109],"product_tag":[],"class_list":{"0":"post-12550","1":"product","2":"type-product","3":"status-publish","4":"has-post-thumbnail","6":"product_cat-serviravimo-indai","8":"first","9":"outofstock","10":"taxable","11":"shipping-taxable","12":"purchasable","13":"product-type-simple"},"_links":{"self":[{"href":"https:\/\/duckdeco.lt\/en\/wp-json\/wp\/v2\/product\/12550","targetHints":{"allow":["GET"]}}],"collection":[{"href":"https:\/\/duckdeco.lt\/en\/wp-json\/wp\/v2\/product"}],"about":[{"href":"https:\/\/duckdeco.lt\/en\/wp-json\/wp\/v2\/types\/product"}],"version-history":[{"count":1,"href":"https:\/\/duckdeco.lt\/en\/wp-json\/wp\/v2\/product\/12550\/revisions"}],"predecessor-version":[{"id":12552,"href":"https:\/\/duckdeco.lt\/en\/wp-json\/wp\/v2\/product\/12550\/revisions\/12552"}],"wp:featuredmedia":[{"embeddable":true,"href":"https:\/\/duckdeco.lt\/en\/wp-json\/wp\/v2\/media\/12555"}],"wp:attachment":[{"href":"https:\/\/duckdeco.lt\/en\/wp-json\/wp\/v2\/media?parent=12550"}],"wp:term":[{"taxonomy":"product_brand","embeddable":true,"href":"https:\/\/duckdeco.lt\/en\/wp-json\/wp\/v2\/product_brand?post=12550"},{"taxonomy":"product_cat","embeddable":true,"href":"https:\/\/duckdeco.lt\/en\/wp-json\/wp\/v2\/product_cat?post=12550"},{"taxonomy":"product_tag","embeddable":true,"href":"https:\/\/duckdeco.lt\/en\/wp-json\/wp\/v2\/product_tag?post=12550"}],"curies":[{"name":"wp","href":"https:\/\/api.w.org\/{rel}","templated":true}]}}