{"id":12611,"date":"2024-04-24T20:15:13","date_gmt":"2024-04-24T20:15:13","guid":{"rendered":"https:\/\/duckdeco.com\/?post_type=product&#038;p=12611"},"modified":"2026-02-27T11:29:07","modified_gmt":"2026-02-27T09:29:07","slug":"medinis-saukstas","status":"publish","type":"product","link":"https:\/\/duckdeco.lt\/en\/product\/medinis-saukstas\/","title":{"rendered":"Medinis \u0161auk\u0161tas"},"content":{"rendered":"<ul>\n<li>Eleganti\u0161kas mango med\u017eio apvalus \u0161auk\u0161tas, stalo \u012frankis tinkantis virtuv\u0117s \u012franki\u0173 pasid\u0117jimui.<\/li>\n<li>\n<table style=\"height: 100px;\" width=\"469\">\n<tbody>\n<tr>\n<td width=\"146\">I\u0161matavimai:<\/p>\n<p>Ilgis 26 cm \/ Plotis 12 cm \/ Gylis 2 cm<\/td>\n<\/tr>\n<\/tbody>\n<\/table>\n<\/li>\n<\/ul>","protected":false},"excerpt":{"rendered":"<p>Eleganti\u0161kas mango med\u017eio apvalus \u0161auk\u0161tas, stalo \u012frankis tinkantis virtuv\u0117s \u012franki\u0173 pasid\u0117jimui. I\u0161matavimai: Ilgis 26 cm \/ Plotis 12 cm \/ Gylis 2 cm<\/p>","protected":false},"featured_media":12612,"template":"","meta":{"_monsterinsights_skip_tracking":false,"_monsterinsights_sitenote_active":false,"_monsterinsights_sitenote_note":"","_monsterinsights_sitenote_category":0},"product_brand":[],"product_cat":[109],"product_tag":[],"class_list":{"0":"post-12611","1":"product","2":"type-product","3":"status-publish","4":"has-post-thumbnail","6":"product_cat-serviravimo-indai","8":"first","9":"outofstock","10":"taxable","11":"shipping-taxable","12":"purchasable","13":"product-type-simple"},"_links":{"self":[{"href":"https:\/\/duckdeco.lt\/en\/wp-json\/wp\/v2\/product\/12611","targetHints":{"allow":["GET"]}}],"collection":[{"href":"https:\/\/duckdeco.lt\/en\/wp-json\/wp\/v2\/product"}],"about":[{"href":"https:\/\/duckdeco.lt\/en\/wp-json\/wp\/v2\/types\/product"}],"version-history":[{"count":1,"href":"https:\/\/duckdeco.lt\/en\/wp-json\/wp\/v2\/product\/12611\/revisions"}],"predecessor-version":[{"id":12613,"href":"https:\/\/duckdeco.lt\/en\/wp-json\/wp\/v2\/product\/12611\/revisions\/12613"}],"wp:featuredmedia":[{"embeddable":true,"href":"https:\/\/duckdeco.lt\/en\/wp-json\/wp\/v2\/media\/12612"}],"wp:attachment":[{"href":"https:\/\/duckdeco.lt\/en\/wp-json\/wp\/v2\/media?parent=12611"}],"wp:term":[{"taxonomy":"product_brand","embeddable":true,"href":"https:\/\/duckdeco.lt\/en\/wp-json\/wp\/v2\/product_brand?post=12611"},{"taxonomy":"product_cat","embeddable":true,"href":"https:\/\/duckdeco.lt\/en\/wp-json\/wp\/v2\/product_cat?post=12611"},{"taxonomy":"product_tag","embeddable":true,"href":"https:\/\/duckdeco.lt\/en\/wp-json\/wp\/v2\/product_tag?post=12611"}],"curies":[{"name":"wp","href":"https:\/\/api.w.org\/{rel}","templated":true}]}}