{"id":12614,"date":"2024-04-24T20:22:52","date_gmt":"2024-04-24T20:22:52","guid":{"rendered":"https:\/\/duckdeco.com\/?post_type=product&#038;p=12614"},"modified":"2024-12-03T09:32:55","modified_gmt":"2024-12-03T07:32:55","slug":"dubuo-sampanui","status":"publish","type":"product","link":"https:\/\/duckdeco.lt\/en\/product\/dubuo-sampanui\/","title":{"rendered":"Dubuo \u0161ampanui"},"content":{"rendered":"<ul>\n<li>Didelis, talpus indas papuo\u0161 j\u016bs\u0173 bar\u0105, kuriame gal\u0117site atv\u0117sinti g\u0117rimus.<\/li>\n<li>Dviej\u0173 sluoksni\u0173 sienel\u0117s leis g\u0117rimams ilgam i\u0161laikyti v\u0117sum\u0105.<\/li>\n<li>\n<table style=\"height: 51px;\" width=\"290\">\n<tbody>\n<tr>\n<td width=\"146\">I\u0161matavimai:<\/p>\n<p>Auk\u0161tis 25 cm \/ Plotis 48 cm<\/td>\n<\/tr>\n<\/tbody>\n<\/table>\n<\/li>\n<li>Dubuo parduodamas be g\u0117rim\u0173.<\/li>\n<\/ul>","protected":false},"excerpt":{"rendered":"<p>Didelis, talpus indas papuo\u0161 j\u016bs\u0173 bar\u0105, kuriame gal\u0117site atv\u0117sinti g\u0117rimus. Dviej\u0173 sluoksni\u0173 sienel\u0117s leis g\u0117rimams ilgam i\u0161laikyti v\u0117sum\u0105. I\u0161matavimai: Auk\u0161tis 25 cm \/ Plotis 48 cm Dubuo parduodamas be g\u0117rim\u0173.<\/p>","protected":false},"featured_media":12721,"template":"","meta":{"_monsterinsights_skip_tracking":false,"_monsterinsights_sitenote_active":false,"_monsterinsights_sitenote_note":"","_monsterinsights_sitenote_category":0},"product_brand":[],"product_cat":[103,109],"product_tag":[],"class_list":{"0":"post-12614","1":"product","2":"type-product","3":"status-publish","4":"has-post-thumbnail","6":"product_cat-dovanu-idejos","7":"product_cat-serviravimo-indai","9":"first","10":"instock","11":"taxable","12":"shipping-taxable","13":"purchasable","14":"product-type-simple"},"_links":{"self":[{"href":"https:\/\/duckdeco.lt\/en\/wp-json\/wp\/v2\/product\/12614","targetHints":{"allow":["GET"]}}],"collection":[{"href":"https:\/\/duckdeco.lt\/en\/wp-json\/wp\/v2\/product"}],"about":[{"href":"https:\/\/duckdeco.lt\/en\/wp-json\/wp\/v2\/types\/product"}],"version-history":[{"count":4,"href":"https:\/\/duckdeco.lt\/en\/wp-json\/wp\/v2\/product\/12614\/revisions"}],"predecessor-version":[{"id":12748,"href":"https:\/\/duckdeco.lt\/en\/wp-json\/wp\/v2\/product\/12614\/revisions\/12748"}],"wp:featuredmedia":[{"embeddable":true,"href":"https:\/\/duckdeco.lt\/en\/wp-json\/wp\/v2\/media\/12721"}],"wp:attachment":[{"href":"https:\/\/duckdeco.lt\/en\/wp-json\/wp\/v2\/media?parent=12614"}],"wp:term":[{"taxonomy":"product_brand","embeddable":true,"href":"https:\/\/duckdeco.lt\/en\/wp-json\/wp\/v2\/product_brand?post=12614"},{"taxonomy":"product_cat","embeddable":true,"href":"https:\/\/duckdeco.lt\/en\/wp-json\/wp\/v2\/product_cat?post=12614"},{"taxonomy":"product_tag","embeddable":true,"href":"https:\/\/duckdeco.lt\/en\/wp-json\/wp\/v2\/product_tag?post=12614"}],"curies":[{"name":"wp","href":"https:\/\/api.w.org\/{rel}","templated":true}]}}