{"id":12689,"date":"2024-04-25T10:35:44","date_gmt":"2024-04-25T10:35:44","guid":{"rendered":"https:\/\/duckdeco.com\/?post_type=product&#038;p=12689"},"modified":"2025-11-11T14:13:58","modified_gmt":"2025-11-11T12:13:58","slug":"siltukas-leopardas","status":"publish","type":"product","link":"https:\/\/duckdeco.lt\/en\/product\/siltukas-leopardas\/","title":{"rendered":"Warmer &quot;Leopard&quot;"},"content":{"rendered":"<ul>\n<li><span class=\"HwtZe\" lang=\"lt\"><span class=\"jCAhz ChMk0b\"><span class=\"ryNqvb\">\u0160is nuostabus Sherone pledas su gobtuvu yra sprendimas, jei ie\u0161kote gra\u017eaus, \u0161iltos vilnos pledo ir megztinio viename.<\/span><\/span> <\/span><\/li>\n<li><span class=\"HwtZe\" lang=\"lt\"><span class=\"jCAhz ChMk0b\"><span class=\"ryNqvb\">Mink\u0161t\u0105, priglundant\u012f gobtuv\u0105 lengva apsivilkti. Rankov\u0117s gra\u017eiai apdailintos apvadu, kad netrukdyt\u0173.<\/span><\/span> <span class=\"jCAhz ChMk0b\"><span class=\"ryNqvb\">Tai u\u017etikrina, kad jausit\u0117s ne tik maloniai ir \u0161iltai ant sofos, bet ir jud\u0117dami namuose.<\/span><\/span> <\/span><\/li>\n<li><span class=\"HwtZe\" lang=\"lt\"><span class=\"jCAhz ChMk0b\"><span class=\"ryNqvb\">Pledo priekyje yra didel\u0117 ki\u0161en\u0117, kurioje labai patogu susid\u0117ti smulkius daiktus, tokius kaip nuotolinio valdymo pultas, telefonas ar nosin\u0117.<\/span><\/span><\/span><\/li>\n<li><span class=\"HwtZe\" lang=\"lt\"><span class=\"jCAhz ChMk0b\"><span class=\"ryNqvb\">OEKO -TEX STANDARTAS 100.<\/span><\/span> <\/span><span class=\"HwtZe\" lang=\"lt\"><span class=\"jCAhz ChMk0b\"><span class=\"ryNqvb\">Gra\u017ei vientisos spalvos flanelin\u0117 vilna su subtiliu gyv\u016bn\u0173 ra\u0161tu i\u0161or\u0117je ir mink\u0161tu me\u0161kiuko audiniu viduje.<\/span><\/span> <span class=\"jCAhz ChMk0b\"><span class=\"ryNqvb\">Trumpai tariant, \u0161is pledas su gobtuvu yra tobula apranga atsipalaidavimo vakarui.<\/span><\/span><\/span><\/li>\n<li><span class=\"HwtZe\" lang=\"lt\"><span class=\"jCAhz ChMk0b\"><span class=\"ryNqvb\">Galima skalbti rankomis 30\u00b0.<\/span><\/span><\/span><\/li>\n<\/ul>\n<table width=\"299\">\n<tbody>\n<tr>\n<td width=\"91\">I\u0161matavimai: Ilgis 110 cm \/ Plotis 70 cm.<\/td>\n<\/tr>\n<\/tbody>\n<\/table>","protected":false},"excerpt":{"rendered":"<p>\u0160is nuostabus Sherone pledas su gobtuvu yra sprendimas, jei ie\u0161kote gra\u017eaus, \u0161iltos vilnos pledo ir megztinio viename. Mink\u0161t\u0105, priglundant\u012f gobtuv\u0105 lengva apsivilkti. Rankov\u0117s gra\u017eiai apdailintos apvadu, kad netrukdyt\u0173. Tai u\u017etikrina, kad jausit\u0117s ne tik maloniai ir \u0161iltai ant sofos, bet ir jud\u0117dami namuose. Pledo priekyje yra didel\u0117 ki\u0161en\u0117, kurioje labai patogu susid\u0117ti smulkius daiktus, tokius &hellip; <br \/><a href=\"https:\/\/duckdeco.lt\/en\/product\/siltukas-leopardas\/\" class=\"more-link\">Continue reading <span class=\"screen-reader-text\">Warmer &quot;Leopard&quot;<\/span><\/a><\/p>","protected":false},"featured_media":12691,"template":"","meta":{"_monsterinsights_skip_tracking":false,"_monsterinsights_sitenote_active":false,"_monsterinsights_sitenote_note":"","_monsterinsights_sitenote_category":0},"product_brand":[],"product_cat":[103],"product_tag":[],"class_list":{"0":"post-12689","1":"product","2":"type-product","3":"status-publish","4":"has-post-thumbnail","6":"product_cat-dovanu-idejos","8":"first","9":"instock","10":"taxable","11":"shipping-taxable","12":"purchasable","13":"product-type-simple"},"_links":{"self":[{"href":"https:\/\/duckdeco.lt\/en\/wp-json\/wp\/v2\/product\/12689","targetHints":{"allow":["GET"]}}],"collection":[{"href":"https:\/\/duckdeco.lt\/en\/wp-json\/wp\/v2\/product"}],"about":[{"href":"https:\/\/duckdeco.lt\/en\/wp-json\/wp\/v2\/types\/product"}],"version-history":[{"count":1,"href":"https:\/\/duckdeco.lt\/en\/wp-json\/wp\/v2\/product\/12689\/revisions"}],"predecessor-version":[{"id":12692,"href":"https:\/\/duckdeco.lt\/en\/wp-json\/wp\/v2\/product\/12689\/revisions\/12692"}],"wp:featuredmedia":[{"embeddable":true,"href":"https:\/\/duckdeco.lt\/en\/wp-json\/wp\/v2\/media\/12691"}],"wp:attachment":[{"href":"https:\/\/duckdeco.lt\/en\/wp-json\/wp\/v2\/media?parent=12689"}],"wp:term":[{"taxonomy":"product_brand","embeddable":true,"href":"https:\/\/duckdeco.lt\/en\/wp-json\/wp\/v2\/product_brand?post=12689"},{"taxonomy":"product_cat","embeddable":true,"href":"https:\/\/duckdeco.lt\/en\/wp-json\/wp\/v2\/product_cat?post=12689"},{"taxonomy":"product_tag","embeddable":true,"href":"https:\/\/duckdeco.lt\/en\/wp-json\/wp\/v2\/product_tag?post=12689"}],"curies":[{"name":"wp","href":"https:\/\/api.w.org\/{rel}","templated":true}]}}