{"id":12763,"date":"2024-04-29T13:15:59","date_gmt":"2024-04-29T13:15:59","guid":{"rendered":"https:\/\/duckdeco.com\/?post_type=product&#038;p=12763"},"modified":"2025-11-19T14:26:50","modified_gmt":"2025-11-19T12:26:50","slug":"zvake-lupos","status":"publish","type":"product","link":"https:\/\/duckdeco.lt\/en\/product\/zvake-lupos\/","title":{"rendered":"\u017dvak\u0117 \u201eL\u016bpos\u201c"},"content":{"rendered":"<ul>\n<li>\u017daisminga, ekstravaganti\u0161ka cilindrin\u0117 \u017evak\u0117.<\/li>\n<li>Detal\u0117s: med\u017eiaga &#8211; va\u0161kas.<\/li>\n<li>Spalva &#8211; \u0161velniai ro\u017ein\u0117.<\/li>\n<\/ul>\n<table width=\"405\">\n<tbody>\n<tr>\n<td width=\"91\">I\u0161matavimai: Ilgis 7,5 cm \/ Plotis 7,5 cm \/ Auk\u0161tis 15 cm.<\/td>\n<\/tr>\n<\/tbody>\n<\/table>\n<p>&nbsp;<\/p>","protected":false},"excerpt":{"rendered":"<p>\u017daisminga, ekstravaganti\u0161ka cilindrin\u0117 \u017evak\u0117. Detal\u0117s: med\u017eiaga &#8211; va\u0161kas. Spalva &#8211; \u0161velniai ro\u017ein\u0117. I\u0161matavimai: Ilgis 7,5 cm \/ Plotis 7,5 cm \/ Auk\u0161tis 15 cm. &nbsp;<\/p>","protected":false},"featured_media":12773,"template":"","meta":{"_monsterinsights_skip_tracking":false,"_monsterinsights_sitenote_active":false,"_monsterinsights_sitenote_note":"","_monsterinsights_sitenote_category":0},"product_brand":[],"product_cat":[144],"product_tag":[],"class_list":{"0":"post-12763","1":"product","2":"type-product","3":"status-publish","4":"has-post-thumbnail","6":"product_cat-zvakes","8":"first","9":"instock","10":"taxable","11":"shipping-taxable","12":"purchasable","13":"product-type-simple"},"_links":{"self":[{"href":"https:\/\/duckdeco.lt\/en\/wp-json\/wp\/v2\/product\/12763","targetHints":{"allow":["GET"]}}],"collection":[{"href":"https:\/\/duckdeco.lt\/en\/wp-json\/wp\/v2\/product"}],"about":[{"href":"https:\/\/duckdeco.lt\/en\/wp-json\/wp\/v2\/types\/product"}],"version-history":[{"count":1,"href":"https:\/\/duckdeco.lt\/en\/wp-json\/wp\/v2\/product\/12763\/revisions"}],"predecessor-version":[{"id":12772,"href":"https:\/\/duckdeco.lt\/en\/wp-json\/wp\/v2\/product\/12763\/revisions\/12772"}],"wp:featuredmedia":[{"embeddable":true,"href":"https:\/\/duckdeco.lt\/en\/wp-json\/wp\/v2\/media\/12773"}],"wp:attachment":[{"href":"https:\/\/duckdeco.lt\/en\/wp-json\/wp\/v2\/media?parent=12763"}],"wp:term":[{"taxonomy":"product_brand","embeddable":true,"href":"https:\/\/duckdeco.lt\/en\/wp-json\/wp\/v2\/product_brand?post=12763"},{"taxonomy":"product_cat","embeddable":true,"href":"https:\/\/duckdeco.lt\/en\/wp-json\/wp\/v2\/product_cat?post=12763"},{"taxonomy":"product_tag","embeddable":true,"href":"https:\/\/duckdeco.lt\/en\/wp-json\/wp\/v2\/product_tag?post=12763"}],"curies":[{"name":"wp","href":"https:\/\/api.w.org\/{rel}","templated":true}]}}