{"id":12804,"date":"2024-04-30T07:41:27","date_gmt":"2024-04-30T07:41:27","guid":{"rendered":"https:\/\/duckdeco.com\/?post_type=product&#038;p=12804"},"modified":"2024-12-02T15:02:58","modified_gmt":"2024-12-02T13:02:58","slug":"vaza-butelis-regal","status":"publish","type":"product","link":"https:\/\/duckdeco.lt\/en\/product\/vaza-butelis-regal\/","title":{"rendered":"Vaza &#8211; butelis \u201eRegal\u201c"},"content":{"rendered":"<ul>\n<li><span class=\"HwtZe\" lang=\"lt\"><span class=\"jCAhz ChMk0b\"><span class=\"ryNqvb\">Vaza \u2013 butelis i\u0161 Mica Decorations kolekcijos, <\/span><\/span><span class=\"jCAhz ChMk0b\"><span class=\"ryNqvb\">pagamintas i\u0161 100% perdirbto stiklo, Ispanijoje. Draugi\u0161kas aplinkai \u2013 <\/span><\/span><span class=\"jCAhz ChMk0b\"><span class=\"ryNqvb\">tvarus!<\/span><\/span> <\/span><\/li>\n<li><span class=\"HwtZe\" lang=\"lt\"><span class=\"jCAhz ChMk0b\"><span class=\"ryNqvb\">Stiklas yra sodrios \u017ealios spalvos, o aplink siaur\u0105 ang\u0105 apvyniota virv\u0117, kuri suteikia visumai nat\u016bral\u0173 pos\u016bk\u012f.<\/span><\/span> <\/span><\/li>\n<li><span class=\"HwtZe\" lang=\"lt\"><span class=\"jCAhz ChMk0b\"><span class=\"ryNqvb\">Puikiai tiks palaidoms plunksnoms, g\u0117l\u0117ms ar dekoratyvin\u0117ms \u0161akoms, arba kaip dekoro elementas.\u00a0<\/span><\/span><\/span><br \/>\n<table width=\"405\">\n<tbody>\n<tr>\n<td width=\"91\">I\u0161matavimai: Ilgis 16 cm \/ Plotis 16 cm \/ Auk\u0161tis 30 cm.<\/td>\n<\/tr>\n<\/tbody>\n<\/table>\n<p>&nbsp;<\/li>\n<\/ul>","protected":false},"excerpt":{"rendered":"<p>Vaza \u2013 butelis i\u0161 Mica Decorations kolekcijos, pagamintas i\u0161 100% perdirbto stiklo, Ispanijoje. Draugi\u0161kas aplinkai \u2013 tvarus! Stiklas yra sodrios \u017ealios spalvos, o aplink siaur\u0105 ang\u0105 apvyniota virv\u0117, kuri suteikia visumai nat\u016bral\u0173 pos\u016bk\u012f. Puikiai tiks palaidoms plunksnoms, g\u0117l\u0117ms ar dekoratyvin\u0117ms \u0161akoms, arba kaip dekoro elementas.\u00a0 I\u0161matavimai: Ilgis 16 cm \/ Plotis 16 cm \/ Auk\u0161tis &hellip; <br \/><a href=\"https:\/\/duckdeco.lt\/en\/product\/vaza-butelis-regal\/\" class=\"more-link\">Continue reading <span class=\"screen-reader-text\">Vaza &#8211; butelis \u201eRegal\u201c<\/span><\/a><\/p>","protected":false},"featured_media":12805,"template":"","meta":{"_monsterinsights_skip_tracking":false,"_monsterinsights_sitenote_active":false,"_monsterinsights_sitenote_note":"","_monsterinsights_sitenote_category":0},"product_brand":[],"product_cat":[95,101],"product_tag":[],"class_list":{"0":"post-12804","1":"product","2":"type-product","3":"status-publish","4":"has-post-thumbnail","6":"product_cat-interjerui","7":"product_cat-vazos","9":"first","10":"instock","11":"taxable","12":"shipping-taxable","13":"purchasable","14":"product-type-simple"},"_links":{"self":[{"href":"https:\/\/duckdeco.lt\/en\/wp-json\/wp\/v2\/product\/12804","targetHints":{"allow":["GET"]}}],"collection":[{"href":"https:\/\/duckdeco.lt\/en\/wp-json\/wp\/v2\/product"}],"about":[{"href":"https:\/\/duckdeco.lt\/en\/wp-json\/wp\/v2\/types\/product"}],"version-history":[{"count":1,"href":"https:\/\/duckdeco.lt\/en\/wp-json\/wp\/v2\/product\/12804\/revisions"}],"predecessor-version":[{"id":12808,"href":"https:\/\/duckdeco.lt\/en\/wp-json\/wp\/v2\/product\/12804\/revisions\/12808"}],"wp:featuredmedia":[{"embeddable":true,"href":"https:\/\/duckdeco.lt\/en\/wp-json\/wp\/v2\/media\/12805"}],"wp:attachment":[{"href":"https:\/\/duckdeco.lt\/en\/wp-json\/wp\/v2\/media?parent=12804"}],"wp:term":[{"taxonomy":"product_brand","embeddable":true,"href":"https:\/\/duckdeco.lt\/en\/wp-json\/wp\/v2\/product_brand?post=12804"},{"taxonomy":"product_cat","embeddable":true,"href":"https:\/\/duckdeco.lt\/en\/wp-json\/wp\/v2\/product_cat?post=12804"},{"taxonomy":"product_tag","embeddable":true,"href":"https:\/\/duckdeco.lt\/en\/wp-json\/wp\/v2\/product_tag?post=12804"}],"curies":[{"name":"wp","href":"https:\/\/api.w.org\/{rel}","templated":true}]}}