{"id":12859,"date":"2024-04-30T14:56:44","date_gmt":"2024-04-30T14:56:44","guid":{"rendered":"https:\/\/duckdeco.com\/?post_type=product&#038;p=12859"},"modified":"2024-12-03T09:29:11","modified_gmt":"2024-12-03T07:29:11","slug":"ilgi-zidinio-degtukai-xl","status":"publish","type":"product","link":"https:\/\/duckdeco.lt\/en\/product\/ilgi-zidinio-degtukai-xl\/","title":{"rendered":"Ilgi \u017eidinio degtukai XL"},"content":{"rendered":"<ul>\n<li>Dekoratyviniai \u017eidinio degtukai.<\/li>\n<li>Interjero aksesuaras, kuris puikiai atlieka savo funkcij\u0105, jais patogiai u\u017edegsite \u017eidin\u012f.<\/li>\n<li>Kadangi \u0161ie degtukai yra ir puo\u0161mena, tai juos visada tur\u0117site po ranka, kai tik panor\u0117site sukurti romanti\u0161k\u0105 atmosfer\u0105 namuose.<\/li>\n<li>Ma\u017ea dovan\u0117l\u0117 d\u0117mesiui parodyti.<\/li>\n<li>Spalva juoda.<\/li>\n<li>\n<table style=\"height: 115px;\" width=\"494\">\n<tbody>\n<tr>\n<td width=\"91\">I\u0161matavimai:<\/p>\n<p>6,5 cm x 6,5 cm x 21 cm<br \/>\nSvoris:<br \/>\n300 g<\/td>\n<\/tr>\n<\/tbody>\n<\/table>\n<\/li>\n<\/ul>","protected":false},"excerpt":{"rendered":"<p>Dekoratyviniai \u017eidinio degtukai. Interjero aksesuaras, kuris puikiai atlieka savo funkcij\u0105, jais patogiai u\u017edegsite \u017eidin\u012f. Kadangi \u0161ie degtukai yra ir puo\u0161mena, tai juos visada tur\u0117site po ranka, kai tik panor\u0117site sukurti romanti\u0161k\u0105 atmosfer\u0105 namuose. Ma\u017ea dovan\u0117l\u0117 d\u0117mesiui parodyti. Spalva juoda. I\u0161matavimai: 6,5 cm x 6,5 cm x 21 cm Svoris: 300 g<\/p>","protected":false},"featured_media":12861,"template":"","meta":{"_monsterinsights_skip_tracking":false,"_monsterinsights_sitenote_active":false,"_monsterinsights_sitenote_note":"","_monsterinsights_sitenote_category":0},"product_brand":[],"product_cat":[106,95],"product_tag":[],"class_list":{"0":"post-12859","1":"product","2":"type-product","3":"status-publish","4":"has-post-thumbnail","6":"product_cat-dekoras-sventems","7":"product_cat-interjerui","9":"first","10":"instock","11":"taxable","12":"shipping-taxable","13":"purchasable","14":"product-type-simple"},"_links":{"self":[{"href":"https:\/\/duckdeco.lt\/en\/wp-json\/wp\/v2\/product\/12859","targetHints":{"allow":["GET"]}}],"collection":[{"href":"https:\/\/duckdeco.lt\/en\/wp-json\/wp\/v2\/product"}],"about":[{"href":"https:\/\/duckdeco.lt\/en\/wp-json\/wp\/v2\/types\/product"}],"version-history":[{"count":1,"href":"https:\/\/duckdeco.lt\/en\/wp-json\/wp\/v2\/product\/12859\/revisions"}],"predecessor-version":[{"id":12863,"href":"https:\/\/duckdeco.lt\/en\/wp-json\/wp\/v2\/product\/12859\/revisions\/12863"}],"wp:featuredmedia":[{"embeddable":true,"href":"https:\/\/duckdeco.lt\/en\/wp-json\/wp\/v2\/media\/12861"}],"wp:attachment":[{"href":"https:\/\/duckdeco.lt\/en\/wp-json\/wp\/v2\/media?parent=12859"}],"wp:term":[{"taxonomy":"product_brand","embeddable":true,"href":"https:\/\/duckdeco.lt\/en\/wp-json\/wp\/v2\/product_brand?post=12859"},{"taxonomy":"product_cat","embeddable":true,"href":"https:\/\/duckdeco.lt\/en\/wp-json\/wp\/v2\/product_cat?post=12859"},{"taxonomy":"product_tag","embeddable":true,"href":"https:\/\/duckdeco.lt\/en\/wp-json\/wp\/v2\/product_tag?post=12859"}],"curies":[{"name":"wp","href":"https:\/\/api.w.org\/{rel}","templated":true}]}}