{"id":12931,"date":"2024-05-03T15:00:11","date_gmt":"2024-05-03T12:00:11","guid":{"rendered":"https:\/\/duckdeco.com\/?post_type=product&#038;p=12931"},"modified":"2024-12-02T11:02:14","modified_gmt":"2024-12-02T09:02:14","slug":"vaza-akosi","status":"publish","type":"product","link":"https:\/\/duckdeco.lt\/en\/product\/vaza-akosi\/","title":{"rendered":"Vaza \u201eAkosi\u201c"},"content":{"rendered":"<ul>\n<li><span class=\"HwtZe\" lang=\"lt\"><span class=\"HwtZe\" lang=\"lt\"><span class=\"jCAhz ChMk0b\"><span class=\"ryNqvb\">\u017daismingo dizaino, karambol\u0117s formos, Light &amp; Living prek\u0117s \u017eenklo vaza, ak\u012f traukiantis dekoro elementas J\u016bs\u0173 namams. Gaivi \u0161viesiai geltona spalva lengvai der\u0117s skirtinguose interjero tipuose. Puikiai tiks merkiamam g\u0117l\u0117s \u017eiedui ar sausai \u0161akeli\u0173 kompozicijai.<\/span><\/span><\/span><\/span><\/li>\n<li>Detal\u0117s: med\u017eiaga &#8211; keramika.<\/li>\n<li>Spalva &#8211; gelsva.\n<div id=\"short_description_content\" class=\"rte align_justify\">\n<table width=\"405\">\n<tbody>\n<tr>\n<td width=\"91\">I\u0161matavimai: Ilgis 20 cm \/ Plotis 13cm \/ Auk\u0161tis 20 cm.<\/td>\n<\/tr>\n<\/tbody>\n<\/table>\n<p>&nbsp;<\/p>\n<\/div>\n<p><span class=\"HwtZe\" lang=\"lt\"><span class=\"jCAhz ChMk0b\"><span class=\"ryNqvb\">\u00a0<\/span><\/span><\/span><\/li>\n<\/ul>\n<p><span class=\"HwtZe\" lang=\"lt\"><span class=\"jCAhz ChMk0b\"><span class=\"ryNqvb\">\u00a0 <\/span><\/span><\/span><\/p>\n<p><span class=\"HwtZe\" lang=\"lt\">\u00a0<\/span><\/p>","protected":false},"excerpt":{"rendered":"<p>\u017daismingo dizaino, karambol\u0117s formos, Light &amp; Living prek\u0117s \u017eenklo vaza, ak\u012f traukiantis dekoro elementas J\u016bs\u0173 namams. Gaivi \u0161viesiai geltona spalva lengvai der\u0117s skirtinguose interjero tipuose. Puikiai tiks merkiamam g\u0117l\u0117s \u017eiedui ar sausai \u0161akeli\u0173 kompozicijai. Detal\u0117s: med\u017eiaga &#8211; keramika. Spalva &#8211; gelsva. I\u0161matavimai: Ilgis 20 cm \/ Plotis 13cm \/ Auk\u0161tis 20 cm. &nbsp; \u00a0 \u00a0 &hellip; <br \/><a href=\"https:\/\/duckdeco.lt\/en\/product\/vaza-akosi\/\" class=\"more-link\">Continue reading <span class=\"screen-reader-text\">Vaza \u201eAkosi\u201c<\/span><\/a><\/p>","protected":false},"featured_media":12936,"template":"","meta":{"_monsterinsights_skip_tracking":false,"_monsterinsights_sitenote_active":false,"_monsterinsights_sitenote_note":"","_monsterinsights_sitenote_category":0},"product_brand":[],"product_cat":[103,95,101],"product_tag":[],"class_list":{"0":"post-12931","1":"product","2":"type-product","3":"status-publish","4":"has-post-thumbnail","6":"product_cat-dovanu-idejos","7":"product_cat-interjerui","8":"product_cat-vazos","10":"first","11":"instock","12":"taxable","13":"shipping-taxable","14":"purchasable","15":"product-type-simple"},"_links":{"self":[{"href":"https:\/\/duckdeco.lt\/en\/wp-json\/wp\/v2\/product\/12931","targetHints":{"allow":["GET"]}}],"collection":[{"href":"https:\/\/duckdeco.lt\/en\/wp-json\/wp\/v2\/product"}],"about":[{"href":"https:\/\/duckdeco.lt\/en\/wp-json\/wp\/v2\/types\/product"}],"version-history":[{"count":2,"href":"https:\/\/duckdeco.lt\/en\/wp-json\/wp\/v2\/product\/12931\/revisions"}],"predecessor-version":[{"id":12938,"href":"https:\/\/duckdeco.lt\/en\/wp-json\/wp\/v2\/product\/12931\/revisions\/12938"}],"wp:featuredmedia":[{"embeddable":true,"href":"https:\/\/duckdeco.lt\/en\/wp-json\/wp\/v2\/media\/12936"}],"wp:attachment":[{"href":"https:\/\/duckdeco.lt\/en\/wp-json\/wp\/v2\/media?parent=12931"}],"wp:term":[{"taxonomy":"product_brand","embeddable":true,"href":"https:\/\/duckdeco.lt\/en\/wp-json\/wp\/v2\/product_brand?post=12931"},{"taxonomy":"product_cat","embeddable":true,"href":"https:\/\/duckdeco.lt\/en\/wp-json\/wp\/v2\/product_cat?post=12931"},{"taxonomy":"product_tag","embeddable":true,"href":"https:\/\/duckdeco.lt\/en\/wp-json\/wp\/v2\/product_tag?post=12931"}],"curies":[{"name":"wp","href":"https:\/\/api.w.org\/{rel}","templated":true}]}}