{"id":12941,"date":"2024-05-03T16:21:40","date_gmt":"2024-05-03T13:21:40","guid":{"rendered":"https:\/\/duckdeco.com\/?post_type=product&#038;p=12941"},"modified":"2024-05-04T14:37:09","modified_gmt":"2024-05-04T11:37:09","slug":"napaleono-iii-laiku-stalas","status":"publish","type":"product","link":"https:\/\/duckdeco.lt\/en\/product\/napaleono-iii-laiku-stalas\/","title":{"rendered":"Napaleono III laik\u0173 stalas"},"content":{"rendered":"<ul>\n<li>Elegancija, nat\u016bralumas, prabanga, i\u0161skirtinio dizaino baldai suteikia ne tik trok\u0161tam\u0105 komfort\u0105 ir funkcionalum\u0105, \u017eavi subtiliomis formomis bei paperka savo kokybe.<\/li>\n<li>\u0160is rank\u0173 darbo stalas, nukels Jus \u012f Napaleono III laikus apie 1870 m.,\u00a0 pagamintas i\u0161 raudonmed\u017eio, kiekviena detal\u0117 unikali.<\/li>\n<li>Tai ne tik stalas, tai meno k\u016brinys, kuris papuo\u0161 J\u016bs\u0173 interjer\u0105, ypa\u010d tinka g\u0117li\u0173, dovan\u0173, g\u0117rim\u0173 parduotuv\u0117ms ir kiekvienam, nes tai puo\u0161mena atrodysite originaliai.<br \/>\n<table width=\"429\">\n<tbody>\n<tr>\n<td width=\"91\">I\u0161matavimai: Plotis 223 cm \/ Gylis 63 cm \/ Auk\u0161tis 75 cm.<\/td>\n<\/tr>\n<\/tbody>\n<\/table>\n<p>&nbsp;<\/li>\n<\/ul>","protected":false},"excerpt":{"rendered":"<p>Elegancija, nat\u016bralumas, prabanga, i\u0161skirtinio dizaino baldai suteikia ne tik trok\u0161tam\u0105 komfort\u0105 ir funkcionalum\u0105, \u017eavi subtiliomis formomis bei paperka savo kokybe. \u0160is rank\u0173 darbo stalas, nukels Jus \u012f Napaleono III laikus apie 1870 m.,\u00a0 pagamintas i\u0161 raudonmed\u017eio, kiekviena detal\u0117 unikali. Tai ne tik stalas, tai meno k\u016brinys, kuris papuo\u0161 J\u016bs\u0173 interjer\u0105, ypa\u010d tinka g\u0117li\u0173, dovan\u0173, g\u0117rim\u0173 &hellip; <br \/><a href=\"https:\/\/duckdeco.lt\/en\/product\/napaleono-iii-laiku-stalas\/\" class=\"more-link\">Continue reading <span class=\"screen-reader-text\">Napaleono III laik\u0173 stalas<\/span><\/a><\/p>","protected":false},"featured_media":12942,"template":"","meta":{"_monsterinsights_skip_tracking":false,"_monsterinsights_sitenote_active":false,"_monsterinsights_sitenote_note":"","_monsterinsights_sitenote_category":0},"product_brand":[],"product_cat":[96],"product_tag":[125,126,128,123,127,124],"class_list":{"0":"post-12941","1":"product","2":"type-product","3":"status-publish","4":"has-post-thumbnail","6":"product_cat-vintaziniai-baldai","7":"product_tag-kavinei","8":"product_tag-ofisui","9":"product_tag-svetainei","10":"product_tag-terasai","11":"product_tag-valgomajam","12":"product_tag-viesbuciui","14":"first","15":"instock","16":"taxable","17":"shipping-taxable","18":"purchasable","19":"product-type-simple"},"_links":{"self":[{"href":"https:\/\/duckdeco.lt\/en\/wp-json\/wp\/v2\/product\/12941","targetHints":{"allow":["GET"]}}],"collection":[{"href":"https:\/\/duckdeco.lt\/en\/wp-json\/wp\/v2\/product"}],"about":[{"href":"https:\/\/duckdeco.lt\/en\/wp-json\/wp\/v2\/types\/product"}],"version-history":[{"count":1,"href":"https:\/\/duckdeco.lt\/en\/wp-json\/wp\/v2\/product\/12941\/revisions"}],"predecessor-version":[{"id":12947,"href":"https:\/\/duckdeco.lt\/en\/wp-json\/wp\/v2\/product\/12941\/revisions\/12947"}],"wp:featuredmedia":[{"embeddable":true,"href":"https:\/\/duckdeco.lt\/en\/wp-json\/wp\/v2\/media\/12942"}],"wp:attachment":[{"href":"https:\/\/duckdeco.lt\/en\/wp-json\/wp\/v2\/media?parent=12941"}],"wp:term":[{"taxonomy":"product_brand","embeddable":true,"href":"https:\/\/duckdeco.lt\/en\/wp-json\/wp\/v2\/product_brand?post=12941"},{"taxonomy":"product_cat","embeddable":true,"href":"https:\/\/duckdeco.lt\/en\/wp-json\/wp\/v2\/product_cat?post=12941"},{"taxonomy":"product_tag","embeddable":true,"href":"https:\/\/duckdeco.lt\/en\/wp-json\/wp\/v2\/product_tag?post=12941"}],"curies":[{"name":"wp","href":"https:\/\/api.w.org\/{rel}","templated":true}]}}